{"id":22972,"date":"2024-12-25T19:24:47","date_gmt":"2024-12-25T19:24:47","guid":{"rendered":"https:\/\/posana.com\/?post_type=product&#038;p=22972"},"modified":"2024-12-26T20:12:10","modified_gmt":"2024-12-26T20:12:10","slug":"gel-remover-for-eyelashes-15-ml","status":"publish","type":"product","link":"https:\/\/posana.com\/fr\/produit\/gel-remover-for-eyelashes-15-ml\/","title":{"rendered":"Gel d\u00e9maquillant pour cils \u2013 15 ml"},"content":{"rendered":"<p>Utilis\u00e9 pour enlever les extensions de cils. Le dissolveur de type gel est facile \u00e0 manipuler et doit \u00eatre utilis\u00e9 avec des micro-\u00e9couvillons. D\u00e9mangeaison adh\u00e9sive de tr\u00e8s haute qualit\u00e9, d\u00e9velopp\u00e9e sur les derni\u00e8res technologies de la cosm\u00e9tologie professionnelle. 15 ml<\/p>","protected":false},"excerpt":{"rendered":"<p>Utilis\u00e9 pour enlever les extensions de cils. Le dissolveur de type gel est facile \u00e0 manipuler et doit \u00eatre utilis\u00e9 avec des micro-\u00e9couvillons. D\u00e9mangeaison adh\u00e9sive de tr\u00e8s haute qualit\u00e9, d\u00e9velopp\u00e9e sur les derni\u00e8res technologies de la cosm\u00e9tologie professionnelle. 15 ml<\/p>","protected":false},"featured_media":23147,"comment_status":"open","ping_status":"closed","template":"","meta":{"om_disable_all_campaigns":false,"_monsterinsights_skip_tracking":false,"_monsterinsights_sitenote_active":false,"_monsterinsights_sitenote_note":"","_monsterinsights_sitenote_category":0},"product_brand":[],"product_cat":[101],"product_tag":[],"mwb_booking_cost":[],"mwb_booking_service":[],"class_list":{"0":"post-22972","1":"product","2":"type-product","3":"status-publish","4":"has-post-thumbnail","6":"product_cat-eyelash-extensions-glue-and-remover","9":"instock","10":"shipping-taxable","11":"purchasable","12":"product-type-simple","13":"product-grid-view"},"aioseo_notices":[],"_links":{"self":[{"href":"https:\/\/posana.com\/fr\/wp-json\/wp\/v2\/product\/22972","targetHints":{"allow":["GET"]}}],"collection":[{"href":"https:\/\/posana.com\/fr\/wp-json\/wp\/v2\/product"}],"about":[{"href":"https:\/\/posana.com\/fr\/wp-json\/wp\/v2\/types\/product"}],"replies":[{"embeddable":true,"href":"https:\/\/posana.com\/fr\/wp-json\/wp\/v2\/comments?post=22972"}],"version-history":[{"count":1,"href":"https:\/\/posana.com\/fr\/wp-json\/wp\/v2\/product\/22972\/revisions"}],"predecessor-version":[{"id":23002,"href":"https:\/\/posana.com\/fr\/wp-json\/wp\/v2\/product\/22972\/revisions\/23002"}],"wp:featuredmedia":[{"embeddable":true,"href":"https:\/\/posana.com\/fr\/wp-json\/wp\/v2\/media\/23147"}],"wp:attachment":[{"href":"https:\/\/posana.com\/fr\/wp-json\/wp\/v2\/media?parent=22972"}],"wp:term":[{"taxonomy":"product_brand","embeddable":true,"href":"https:\/\/posana.com\/fr\/wp-json\/wp\/v2\/product_brand?post=22972"},{"taxonomy":"product_cat","embeddable":true,"href":"https:\/\/posana.com\/fr\/wp-json\/wp\/v2\/product_cat?post=22972"},{"taxonomy":"product_tag","embeddable":true,"href":"https:\/\/posana.com\/fr\/wp-json\/wp\/v2\/product_tag?post=22972"},{"taxonomy":"mwb_booking_cost","embeddable":true,"href":"https:\/\/posana.com\/fr\/wp-json\/wp\/v2\/mwb_booking_cost?post=22972"},{"taxonomy":"mwb_booking_service","embeddable":true,"href":"https:\/\/posana.com\/fr\/wp-json\/wp\/v2\/mwb_booking_service?post=22972"}],"curies":[{"name":"wp","href":"https:\/\/api.w.org\/{rel}","templated":true}]}}