{"id":22967,"date":"2024-12-25T19:24:47","date_gmt":"2024-12-25T19:24:47","guid":{"rendered":"https:\/\/posana.com\/?post_type=product&#038;p=22967"},"modified":"2024-12-26T20:01:51","modified_gmt":"2024-12-26T20:01:51","slug":"gehwol-fusskraft-green-75-ml-2","status":"publish","type":"product","link":"https:\/\/posana.com\/fr\/produit\/gehwol-fusskraft-green-75-ml-2\/","title":{"rendered":"Gehwol Fusskraft Green 75 ml"},"content":{"rendered":"<p>Gehwol Fusskraft Green contient le complexe de substance active Deozinc dans une base de cr\u00e8me nourrissante rapidement absorb\u00e9e pour une protection durable contre les odeurs de pied. L'oxyde de zinc emp\u00eache efficacement la r\u00e9duction de la sueur. La transpiration des pieds est normalis\u00e9e, les pieds deviennent frais et inodors. L'huile de jojoba et le beurre de karit\u00e9 lissent et adoucissent la peau tout en tonifiant le camphre et le menthol soulagent imm\u00e9diatement les plaies et les douleurs aux pieds. La substance d\u00e9sinfectante prouv\u00e9e climazole aide \u00e0 pr\u00e9venir le pied, les d\u00e9mangeaisons et les ampoules de l'athl\u00e8te.<\/p>","protected":false},"excerpt":{"rendered":"<p>Gehwol Fusskraft Green contains the active substance complex Deozinc in a rapidly absorbed, nourishing cream base for long lasting protection against foot odor. Zinc oxide prevents sweat reduction effectively. Foot perspiration is normalized, the feet become fresh and odorless. Jojoba oil and shea butter smoothen and soften the skin while invigorating camphor and menthol relieve [&hellip;]<\/p>\n","protected":false},"featured_media":23144,"comment_status":"open","ping_status":"closed","template":"","meta":{"om_disable_all_campaigns":false,"_monsterinsights_skip_tracking":false,"_monsterinsights_sitenote_active":false,"_monsterinsights_sitenote_note":"","_monsterinsights_sitenote_category":0},"product_brand":[],"product_cat":[102],"product_tag":[],"mwb_booking_cost":[],"mwb_booking_service":[],"class_list":{"0":"post-22967","1":"product","2":"type-product","3":"status-publish","4":"has-post-thumbnail","6":"product_cat-skin-care-products-body-care-products","9":"instock","10":"shipping-taxable","11":"purchasable","12":"product-type-simple","13":"product-grid-view"},"aioseo_notices":[],"_links":{"self":[{"href":"https:\/\/posana.com\/fr\/wp-json\/wp\/v2\/product\/22967","targetHints":{"allow":["GET"]}}],"collection":[{"href":"https:\/\/posana.com\/fr\/wp-json\/wp\/v2\/product"}],"about":[{"href":"https:\/\/posana.com\/fr\/wp-json\/wp\/v2\/types\/product"}],"replies":[{"embeddable":true,"href":"https:\/\/posana.com\/fr\/wp-json\/wp\/v2\/comments?post=22967"}],"version-history":[{"count":1,"href":"https:\/\/posana.com\/fr\/wp-json\/wp\/v2\/product\/22967\/revisions"}],"predecessor-version":[{"id":22997,"href":"https:\/\/posana.com\/fr\/wp-json\/wp\/v2\/product\/22967\/revisions\/22997"}],"wp:featuredmedia":[{"embeddable":true,"href":"https:\/\/posana.com\/fr\/wp-json\/wp\/v2\/media\/23144"}],"wp:attachment":[{"href":"https:\/\/posana.com\/fr\/wp-json\/wp\/v2\/media?parent=22967"}],"wp:term":[{"taxonomy":"product_brand","embeddable":true,"href":"https:\/\/posana.com\/fr\/wp-json\/wp\/v2\/product_brand?post=22967"},{"taxonomy":"product_cat","embeddable":true,"href":"https:\/\/posana.com\/fr\/wp-json\/wp\/v2\/product_cat?post=22967"},{"taxonomy":"product_tag","embeddable":true,"href":"https:\/\/posana.com\/fr\/wp-json\/wp\/v2\/product_tag?post=22967"},{"taxonomy":"mwb_booking_cost","embeddable":true,"href":"https:\/\/posana.com\/fr\/wp-json\/wp\/v2\/mwb_booking_cost?post=22967"},{"taxonomy":"mwb_booking_service","embeddable":true,"href":"https:\/\/posana.com\/fr\/wp-json\/wp\/v2\/mwb_booking_service?post=22967"}],"curies":[{"name":"wp","href":"https:\/\/api.w.org\/{rel}","templated":true}]}}