{"id":22966,"date":"2024-12-25T19:24:47","date_gmt":"2024-12-25T19:24:47","guid":{"rendered":"https:\/\/posana.com\/?post_type=product&#038;p=22966"},"modified":"2024-12-26T19:54:00","modified_gmt":"2024-12-26T19:54:00","slug":"gehwol-fusskraft-bleu-75ml","status":"publish","type":"product","link":"https:\/\/posana.com\/fr\/produit\/gehwol-fusskraft-bleu-75ml\/","title":{"rendered":"Gehwol Fusskraft Bleu 75mL"},"content":{"rendered":"<p>L'utilisation r\u00e9guli\u00e8re prot\u00e8ge la peau contre les infections fongiques avec l'ingr\u00e9dient actif chloroxylenol. Pendant le bain, une odeur fine et discr\u00e8te de romarin est produite et l'eau devient soyeuse-douce. Les massages de brosse dans l'eau intensifient l'effet apaisant. Test\u00e9 dermatologiquement. Convient \u00e9galement pour les diab\u00e9tiques.<\/p>","protected":false},"excerpt":{"rendered":"<p>L'utilisation r\u00e9guli\u00e8re prot\u00e8ge la peau contre les infections fongiques avec l'ingr\u00e9dient actif chloroxylenol. Pendant le bain, une odeur fine et discr\u00e8te de romarin est produite et l'eau devient soyeuse-douce. Les massages de brosse dans l'eau intensifient l'effet apaisant. Test\u00e9 dermatologiquement. Convient \u00e9galement pour les diab\u00e9tiques.<\/p>","protected":false},"featured_media":23143,"comment_status":"open","ping_status":"closed","template":"","meta":{"om_disable_all_campaigns":false,"_monsterinsights_skip_tracking":false,"_monsterinsights_sitenote_active":false,"_monsterinsights_sitenote_note":"","_monsterinsights_sitenote_category":0},"product_brand":[],"product_cat":[102],"product_tag":[],"mwb_booking_cost":[],"mwb_booking_service":[],"class_list":{"0":"post-22966","1":"product","2":"type-product","3":"status-publish","4":"has-post-thumbnail","6":"product_cat-skin-care-products-body-care-products","9":"instock","10":"shipping-taxable","11":"purchasable","12":"product-type-simple","13":"product-grid-view"},"aioseo_notices":[],"_links":{"self":[{"href":"https:\/\/posana.com\/fr\/wp-json\/wp\/v2\/product\/22966","targetHints":{"allow":["GET"]}}],"collection":[{"href":"https:\/\/posana.com\/fr\/wp-json\/wp\/v2\/product"}],"about":[{"href":"https:\/\/posana.com\/fr\/wp-json\/wp\/v2\/types\/product"}],"replies":[{"embeddable":true,"href":"https:\/\/posana.com\/fr\/wp-json\/wp\/v2\/comments?post=22966"}],"version-history":[{"count":1,"href":"https:\/\/posana.com\/fr\/wp-json\/wp\/v2\/product\/22966\/revisions"}],"predecessor-version":[{"id":22996,"href":"https:\/\/posana.com\/fr\/wp-json\/wp\/v2\/product\/22966\/revisions\/22996"}],"wp:featuredmedia":[{"embeddable":true,"href":"https:\/\/posana.com\/fr\/wp-json\/wp\/v2\/media\/23143"}],"wp:attachment":[{"href":"https:\/\/posana.com\/fr\/wp-json\/wp\/v2\/media?parent=22966"}],"wp:term":[{"taxonomy":"product_brand","embeddable":true,"href":"https:\/\/posana.com\/fr\/wp-json\/wp\/v2\/product_brand?post=22966"},{"taxonomy":"product_cat","embeddable":true,"href":"https:\/\/posana.com\/fr\/wp-json\/wp\/v2\/product_cat?post=22966"},{"taxonomy":"product_tag","embeddable":true,"href":"https:\/\/posana.com\/fr\/wp-json\/wp\/v2\/product_tag?post=22966"},{"taxonomy":"mwb_booking_cost","embeddable":true,"href":"https:\/\/posana.com\/fr\/wp-json\/wp\/v2\/mwb_booking_cost?post=22966"},{"taxonomy":"mwb_booking_service","embeddable":true,"href":"https:\/\/posana.com\/fr\/wp-json\/wp\/v2\/mwb_booking_service?post=22966"}],"curies":[{"name":"wp","href":"https:\/\/api.w.org\/{rel}","templated":true}]}}