{"id":22954,"date":"2024-12-25T19:24:46","date_gmt":"2024-12-25T19:24:46","guid":{"rendered":"https:\/\/posana.com\/?post_type=product&#038;p=22954"},"modified":"2024-12-27T19:50:47","modified_gmt":"2024-12-27T19:50:47","slug":"foot-mask","status":"publish","type":"product","link":"https:\/\/posana.com\/fr\/produit\/foot-mask\/","title":{"rendered":"Masque de pied"},"content":{"rendered":"<p>Masque de pied est sp\u00e9cialement formul\u00e9 pour adoucir le callus et hydrater les pieds.Les ingr\u00e9dients Urea, acide salicylique sont utiles pour enlever le callus, contient \u00e9galement de la B\u00e9taine, beurre de karit\u00e9 pour garder vos pieds lisses et hydrat\u00e9s.Huile de menthe poivr\u00e9e fait vos pieds rafra\u00eechi et lib\u00e8re la fatigue.<\/p>","protected":false},"excerpt":{"rendered":"<p>Masque de pied est sp\u00e9cialement formul\u00e9 pour adoucir le callus et hydrater les pieds.Les ingr\u00e9dients Urea, acide salicylique sont utiles pour enlever le callus, contient \u00e9galement de la B\u00e9taine, beurre de karit\u00e9 pour garder vos pieds lisses et hydrat\u00e9s.Huile de menthe poivr\u00e9e fait vos pieds rafra\u00eechi et lib\u00e8re la fatigue.<\/p>","protected":false},"featured_media":23158,"comment_status":"open","ping_status":"closed","template":"","meta":{"om_disable_all_campaigns":false,"_monsterinsights_skip_tracking":false,"_monsterinsights_sitenote_active":false,"_monsterinsights_sitenote_note":"","_monsterinsights_sitenote_category":0},"product_brand":[],"product_cat":[61],"product_tag":[],"mwb_booking_cost":[],"mwb_booking_service":[],"class_list":{"0":"post-22954","1":"product","2":"type-product","3":"status-publish","4":"has-post-thumbnail","6":"product_cat-skin-care-products","9":"instock","10":"shipping-taxable","11":"purchasable","12":"product-type-simple","13":"product-grid-view"},"aioseo_notices":[],"_links":{"self":[{"href":"https:\/\/posana.com\/fr\/wp-json\/wp\/v2\/product\/22954","targetHints":{"allow":["GET"]}}],"collection":[{"href":"https:\/\/posana.com\/fr\/wp-json\/wp\/v2\/product"}],"about":[{"href":"https:\/\/posana.com\/fr\/wp-json\/wp\/v2\/types\/product"}],"replies":[{"embeddable":true,"href":"https:\/\/posana.com\/fr\/wp-json\/wp\/v2\/comments?post=22954"}],"version-history":[{"count":1,"href":"https:\/\/posana.com\/fr\/wp-json\/wp\/v2\/product\/22954\/revisions"}],"predecessor-version":[{"id":22984,"href":"https:\/\/posana.com\/fr\/wp-json\/wp\/v2\/product\/22954\/revisions\/22984"}],"wp:featuredmedia":[{"embeddable":true,"href":"https:\/\/posana.com\/fr\/wp-json\/wp\/v2\/media\/23158"}],"wp:attachment":[{"href":"https:\/\/posana.com\/fr\/wp-json\/wp\/v2\/media?parent=22954"}],"wp:term":[{"taxonomy":"product_brand","embeddable":true,"href":"https:\/\/posana.com\/fr\/wp-json\/wp\/v2\/product_brand?post=22954"},{"taxonomy":"product_cat","embeddable":true,"href":"https:\/\/posana.com\/fr\/wp-json\/wp\/v2\/product_cat?post=22954"},{"taxonomy":"product_tag","embeddable":true,"href":"https:\/\/posana.com\/fr\/wp-json\/wp\/v2\/product_tag?post=22954"},{"taxonomy":"mwb_booking_cost","embeddable":true,"href":"https:\/\/posana.com\/fr\/wp-json\/wp\/v2\/mwb_booking_cost?post=22954"},{"taxonomy":"mwb_booking_service","embeddable":true,"href":"https:\/\/posana.com\/fr\/wp-json\/wp\/v2\/mwb_booking_service?post=22954"}],"curies":[{"name":"wp","href":"https:\/\/api.w.org\/{rel}","templated":true}]}}