{"id":22923,"date":"2024-12-25T19:24:43","date_gmt":"2024-12-25T19:24:43","guid":{"rendered":"https:\/\/posana.com\/?post_type=product&#038;p=22923"},"modified":"2024-12-27T20:10:54","modified_gmt":"2024-12-27T20:10:54","slug":"flat-lashes","status":"publish","type":"product","link":"https:\/\/posana.com\/fr\/produit\/flat-lashes\/","title":{"rendered":"Les cils plats"},"content":{"rendered":"<p>Les cils plats, Conna\u00eetre aussi sous le nom de Lashes Royal, Lashes Groove et Lashes Ellipse, ont une forme l\u00e9g\u00e8rement ovale plut\u00f4t que d'\u00eatre arrondis. Les avantages de cette forme est que les extensions ont un aspect beaucoup plus \u00e9pais sans ajouter de poids. Les cils plats sont une excellente option pour les clients qui esp\u00e8rent avoir un look spectaculaire, mais n\u2019ont pas tout \u00e0 fait les cils naturels pour contenir des extensions classiques. \u00c0 l'aide de Lashes plats, un 0,15 appara\u00eetra comme 0,20. \u00c9tant donn\u00e9 que la forme du Lash plat est l\u00e9g\u00e8rement ovale, il \u00e9treint le cil naturel r\u00e9sultant en une meilleure r\u00e9tention.<\/p>","protected":false},"excerpt":{"rendered":"<p>Flat lashes, Also know as Royal Lashes, Groove Lashes and Ellipse Lashes, have a slightly oval shape rather then being rounded. The benefits of this shape is that the extensions have a much thicker look without adding weight. Flat Lashes are a great option for those clients who are hoping for a dramatic look, but [&hellip;]<\/p>\n","protected":false},"featured_media":23165,"comment_status":"open","ping_status":"closed","template":"","meta":{"om_disable_all_campaigns":false,"_monsterinsights_skip_tracking":false,"_monsterinsights_sitenote_active":false,"_monsterinsights_sitenote_note":"","_monsterinsights_sitenote_category":0},"product_brand":[],"product_cat":[113],"product_tag":[],"mwb_booking_cost":[],"mwb_booking_service":[],"class_list":{"0":"post-22923","1":"product","2":"type-product","3":"status-publish","4":"has-post-thumbnail","6":"product_cat-other-products","9":"instock","10":"shipping-taxable","11":"purchasable","12":"product-type-simple","13":"product-grid-view"},"aioseo_notices":[],"_links":{"self":[{"href":"https:\/\/posana.com\/fr\/wp-json\/wp\/v2\/product\/22923","targetHints":{"allow":["GET"]}}],"collection":[{"href":"https:\/\/posana.com\/fr\/wp-json\/wp\/v2\/product"}],"about":[{"href":"https:\/\/posana.com\/fr\/wp-json\/wp\/v2\/types\/product"}],"replies":[{"embeddable":true,"href":"https:\/\/posana.com\/fr\/wp-json\/wp\/v2\/comments?post=22923"}],"version-history":[{"count":3,"href":"https:\/\/posana.com\/fr\/wp-json\/wp\/v2\/product\/22923\/revisions"}],"predecessor-version":[{"id":23167,"href":"https:\/\/posana.com\/fr\/wp-json\/wp\/v2\/product\/22923\/revisions\/23167"}],"wp:featuredmedia":[{"embeddable":true,"href":"https:\/\/posana.com\/fr\/wp-json\/wp\/v2\/media\/23165"}],"wp:attachment":[{"href":"https:\/\/posana.com\/fr\/wp-json\/wp\/v2\/media?parent=22923"}],"wp:term":[{"taxonomy":"product_brand","embeddable":true,"href":"https:\/\/posana.com\/fr\/wp-json\/wp\/v2\/product_brand?post=22923"},{"taxonomy":"product_cat","embeddable":true,"href":"https:\/\/posana.com\/fr\/wp-json\/wp\/v2\/product_cat?post=22923"},{"taxonomy":"product_tag","embeddable":true,"href":"https:\/\/posana.com\/fr\/wp-json\/wp\/v2\/product_tag?post=22923"},{"taxonomy":"mwb_booking_cost","embeddable":true,"href":"https:\/\/posana.com\/fr\/wp-json\/wp\/v2\/mwb_booking_cost?post=22923"},{"taxonomy":"mwb_booking_service","embeddable":true,"href":"https:\/\/posana.com\/fr\/wp-json\/wp\/v2\/mwb_booking_service?post=22923"}],"curies":[{"name":"wp","href":"https:\/\/api.w.org\/{rel}","templated":true}]}}