{"id":22915,"date":"2024-12-25T19:24:42","date_gmt":"2024-12-25T19:24:42","guid":{"rendered":"https:\/\/posana.com\/?post_type=product&#038;p=22915"},"modified":"2025-02-07T18:29:42","modified_gmt":"2025-02-07T18:29:42","slug":"facenvy-exfoliate-me","status":"publish","type":"product","link":"https:\/\/posana.com\/fr\/produit\/facenvy-exfoliate-me\/","title":{"rendered":"FacEnvy \u00ae m'exalte"},"content":{"rendered":"<p>L\u2019Exfoliate-Me de FacEnvy \u00ae est con\u00e7u pour aider doucement \u00e0 exfolier la couche corn\u00e9e de la peau sans abrasion agressive. L'utilisation d'enzymes aide \u00e0 affaiblir les liens des desmosomes pour favoriser la desquamation, ce qui rend l'exp\u00e9rience pour tous les clients apaisante.<\/p>","protected":false},"excerpt":{"rendered":"<p>L\u2019Exfoliate-Me de FacEnvy \u00ae est con\u00e7u pour aider doucement \u00e0 exfolier la couche corn\u00e9e de la peau sans abrasion agressive. L'utilisation d'enzymes aide \u00e0 affaiblir les liens des desmosomes pour favoriser la desquamation, ce qui rend l'exp\u00e9rience pour tous les clients apaisante.<\/p>","protected":false},"featured_media":23195,"comment_status":"open","ping_status":"closed","template":"","meta":{"om_disable_all_campaigns":false,"_monsterinsights_skip_tracking":false,"_monsterinsights_sitenote_active":false,"_monsterinsights_sitenote_note":"","_monsterinsights_sitenote_category":0},"product_brand":[],"product_cat":[134,61],"product_tag":[],"mwb_booking_cost":[],"mwb_booking_service":[],"class_list":{"0":"post-22915","1":"product","2":"type-product","3":"status-publish","4":"has-post-thumbnail","6":"product_cat-exfoliators-masks","7":"product_cat-skin-care-products","10":"instock","11":"shipping-taxable","12":"purchasable","13":"product-type-simple","14":"product-grid-view"},"aioseo_notices":[],"_links":{"self":[{"href":"https:\/\/posana.com\/fr\/wp-json\/wp\/v2\/product\/22915","targetHints":{"allow":["GET"]}}],"collection":[{"href":"https:\/\/posana.com\/fr\/wp-json\/wp\/v2\/product"}],"about":[{"href":"https:\/\/posana.com\/fr\/wp-json\/wp\/v2\/types\/product"}],"replies":[{"embeddable":true,"href":"https:\/\/posana.com\/fr\/wp-json\/wp\/v2\/comments?post=22915"}],"version-history":[{"count":2,"href":"https:\/\/posana.com\/fr\/wp-json\/wp\/v2\/product\/22915\/revisions"}],"predecessor-version":[{"id":23196,"href":"https:\/\/posana.com\/fr\/wp-json\/wp\/v2\/product\/22915\/revisions\/23196"}],"wp:featuredmedia":[{"embeddable":true,"href":"https:\/\/posana.com\/fr\/wp-json\/wp\/v2\/media\/23195"}],"wp:attachment":[{"href":"https:\/\/posana.com\/fr\/wp-json\/wp\/v2\/media?parent=22915"}],"wp:term":[{"taxonomy":"product_brand","embeddable":true,"href":"https:\/\/posana.com\/fr\/wp-json\/wp\/v2\/product_brand?post=22915"},{"taxonomy":"product_cat","embeddable":true,"href":"https:\/\/posana.com\/fr\/wp-json\/wp\/v2\/product_cat?post=22915"},{"taxonomy":"product_tag","embeddable":true,"href":"https:\/\/posana.com\/fr\/wp-json\/wp\/v2\/product_tag?post=22915"},{"taxonomy":"mwb_booking_cost","embeddable":true,"href":"https:\/\/posana.com\/fr\/wp-json\/wp\/v2\/mwb_booking_cost?post=22915"},{"taxonomy":"mwb_booking_service","embeddable":true,"href":"https:\/\/posana.com\/fr\/wp-json\/wp\/v2\/mwb_booking_service?post=22915"}],"curies":[{"name":"wp","href":"https:\/\/api.w.org\/{rel}","templated":true}]}}