{"id":22913,"date":"2024-12-25T19:24:42","date_gmt":"2024-12-25T19:24:42","guid":{"rendered":"https:\/\/posana.com\/?post_type=product&#038;p=22913"},"modified":"2024-12-27T20:45:14","modified_gmt":"2024-12-27T20:45:14","slug":"fab-brows-eyebrow-kit","status":"publish","type":"product","link":"https:\/\/posana.com\/fr\/produit\/fab-brows-eyebrow-kit\/","title":{"rendered":"FAB BROWS EYEBROW KIT"},"content":{"rendered":"<p><iframe style=\"width: 500px; height: 281px;\" src=\"\/\/www.youtube.com\/embed\/tATht19pu74\" frameborder=\"0\" allowfullscreen=\"allowfullscreen\"><\/iframe><\/p>\n<div>M\u00eame si les Supermodels aiment toujours leurs jeans maigres et leurs lattes maigres, les sourcils sont une histoire tr\u00e8s diff\u00e9rente de nos jours. Pleins, bien en forme de sourcils vous font para\u00eetre plus jeune et plus sophistiqu\u00e9. Fabriqu\u00e9 au Royaume-Uni, ce produit semi-permanent transforme rapidement les sourcils minces, courts et p\u00e2les, offrant un look ultime en forme de sourcil, d\u00e9finition et couleur.<\/div>\n<div>Notre kit de sourcils Fab Brows contient les \u00e9l\u00e9ments suivants:<\/div>\n<ul>\n<li>Semi Permanent sourcil poudre<\/li>\n<li>Six formes de pochoirs<\/li>\n<li>Duo Applicator Brush<\/li>\n<li>Magnifing Mirror<\/li>\n<li>Manuel d'instruction<\/li>\n<\/ul>","protected":false},"excerpt":{"rendered":"<p>Even though Supermodels still love their skinny jeans and skinny lattes, brows are a very different story these days. Full, well shaped brows make you look younger and more sophisticated. Made in the UK, this semi-permanent product quickly transforms thin, short and pale eyebrows, providing the ultimate look in brow shape, definition and colour. Our [&hellip;]<\/p>\n","protected":false},"featured_media":23190,"comment_status":"open","ping_status":"closed","template":"","meta":{"om_disable_all_campaigns":false,"_monsterinsights_skip_tracking":false,"_monsterinsights_sitenote_active":false,"_monsterinsights_sitenote_note":"","_monsterinsights_sitenote_category":0},"product_brand":[],"product_cat":[61],"product_tag":[],"mwb_booking_cost":[],"mwb_booking_service":[],"class_list":{"0":"post-22913","1":"product","2":"type-product","3":"status-publish","4":"has-post-thumbnail","6":"product_cat-skin-care-products","9":"instock","10":"shipping-taxable","11":"purchasable","12":"product-type-simple","13":"product-grid-view"},"aioseo_notices":[],"_links":{"self":[{"href":"https:\/\/posana.com\/fr\/wp-json\/wp\/v2\/product\/22913","targetHints":{"allow":["GET"]}}],"collection":[{"href":"https:\/\/posana.com\/fr\/wp-json\/wp\/v2\/product"}],"about":[{"href":"https:\/\/posana.com\/fr\/wp-json\/wp\/v2\/types\/product"}],"replies":[{"embeddable":true,"href":"https:\/\/posana.com\/fr\/wp-json\/wp\/v2\/comments?post=22913"}],"version-history":[{"count":2,"href":"https:\/\/posana.com\/fr\/wp-json\/wp\/v2\/product\/22913\/revisions"}],"predecessor-version":[{"id":23191,"href":"https:\/\/posana.com\/fr\/wp-json\/wp\/v2\/product\/22913\/revisions\/23191"}],"wp:featuredmedia":[{"embeddable":true,"href":"https:\/\/posana.com\/fr\/wp-json\/wp\/v2\/media\/23190"}],"wp:attachment":[{"href":"https:\/\/posana.com\/fr\/wp-json\/wp\/v2\/media?parent=22913"}],"wp:term":[{"taxonomy":"product_brand","embeddable":true,"href":"https:\/\/posana.com\/fr\/wp-json\/wp\/v2\/product_brand?post=22913"},{"taxonomy":"product_cat","embeddable":true,"href":"https:\/\/posana.com\/fr\/wp-json\/wp\/v2\/product_cat?post=22913"},{"taxonomy":"product_tag","embeddable":true,"href":"https:\/\/posana.com\/fr\/wp-json\/wp\/v2\/product_tag?post=22913"},{"taxonomy":"mwb_booking_cost","embeddable":true,"href":"https:\/\/posana.com\/fr\/wp-json\/wp\/v2\/mwb_booking_cost?post=22913"},{"taxonomy":"mwb_booking_service","embeddable":true,"href":"https:\/\/posana.com\/fr\/wp-json\/wp\/v2\/mwb_booking_service?post=22913"}],"curies":[{"name":"wp","href":"https:\/\/api.w.org\/{rel}","templated":true}]}}