{"id":22911,"date":"2024-12-25T19:24:42","date_gmt":"2024-12-25T19:24:42","guid":{"rendered":"https:\/\/posana.com\/?post_type=product&#038;p=22911"},"modified":"2025-02-10T19:00:44","modified_gmt":"2025-02-10T19:00:44","slug":"eyelashe-extension-full-set","status":"publish","type":"product","link":"https:\/\/posana.com\/fr\/produit\/eyelashe-extension-full-set\/","title":{"rendered":"Pose de cils compl\u00e8te"},"content":{"rendered":"<p>Qu'est-ce qu'EYELASH EXTENSION ?<\/p>\n<p>Les extensions de cils sont des filaments synth\u00e9tiques qui sont li\u00e9s un par un sur des cils naturels avec une colle m\u00e9dicale sp\u00e9ciale faite de cyanoacrylate, afin d'\u00e9tendre et d'intensifier la densit\u00e9 de vos cils oculaires r\u00e9sultant d'un look incroyable. Les extensions de cils ont diff\u00e9rentes longueurs, \u00e9paisseurs et couleurs pour cr\u00e9er l'apparence souhait\u00e9e par le client. Les extensions tombent avec le cil naturel selon le cycle individuel (entre 60 et 90 jours) et doivent \u00eatre remplac\u00e9es. C'est pourquoi une retouche est n\u00e9cessaire toutes les 3 semaines, 60 minutes, donc pendant que la d\u00e9tente, l'installation n'est pas douloureuse et ne provoque pas de lourdeur, pendant ou apr\u00e8s. Les extensions de cils sont \u00e9galement parfaites dans la vie quotidienne et pour des occasions sp\u00e9ciales. Avec des soins appropri\u00e9s, ils peuvent durer tr\u00e8s longtemps. Cependant, il est n\u00e9cessaire d'obtenir des retouches pour remplacer les cils tomb\u00e9s. Il est essentiel de choisir un technicien consciencieux et exp\u00e9riment\u00e9 afin qu\u2019elle puisse faire le bon choix qui est sp\u00e9cifique \u00e0 votre type de visage et \u00e0 l\u2019\u00e9tat de vos cils naturels. En tant que professionnel, il est important de suivre les derni\u00e8res tendances. Les extensions de cils sont devenues tr\u00e8s populaires depuis leur introduction en 2004. La raison de leur popularit\u00e9 provient de leurs nombreux avantages. Les avantages des extensions de cils: Augmenter le volume et la longueur des cils. Fournit un look naturel m\u00eame sans mascara. Donne une apparence plus jeune. Cette technique est indolore, s\u00fbre et apporte confort et s\u00e9curit\u00e9: elle n'endommage pas vos cils car les extensions n'affectent qu'un cil \u00e0 la fois et n'ont aucun contact avec la peau. Plusieurs longueurs, \u00e9paisseurs, courbures et couleurs sont disponibles, vous permettant de faire de chaque ensemble une cr\u00e9ation unique.<\/p>","protected":false},"excerpt":{"rendered":"<p>WHAT ARE EYELASH EXTENSION ? Eyelash extensions are synthetic filaments that are bonded one by one on natural lashes with a special medical glue made of cyanoacrylate, in order to extend and intensify the density of your eye lashes resulting of an amazing look. Eyelash extensions have different lengths, thicknesses and colors to create the [&hellip;]<\/p>\n","protected":false},"featured_media":23187,"comment_status":"open","ping_status":"closed","template":"","meta":{"om_disable_all_campaigns":false,"_monsterinsights_skip_tracking":false,"_monsterinsights_sitenote_active":false,"_monsterinsights_sitenote_note":"","_monsterinsights_sitenote_category":0},"product_brand":[],"product_cat":[140,139],"product_tag":[],"mwb_booking_cost":[],"mwb_booking_service":[],"class_list":{"0":"post-22911","1":"product","2":"type-product","3":"status-publish","4":"has-post-thumbnail","6":"product_cat-eyelash-services","7":"product_cat-services","10":"instock","11":"shipping-taxable","12":"purchasable","13":"product-type-simple","14":"product-grid-view"},"aioseo_notices":[],"_links":{"self":[{"href":"https:\/\/posana.com\/fr\/wp-json\/wp\/v2\/product\/22911","targetHints":{"allow":["GET"]}}],"collection":[{"href":"https:\/\/posana.com\/fr\/wp-json\/wp\/v2\/product"}],"about":[{"href":"https:\/\/posana.com\/fr\/wp-json\/wp\/v2\/types\/product"}],"replies":[{"embeddable":true,"href":"https:\/\/posana.com\/fr\/wp-json\/wp\/v2\/comments?post=22911"}],"version-history":[{"count":3,"href":"https:\/\/posana.com\/fr\/wp-json\/wp\/v2\/product\/22911\/revisions"}],"predecessor-version":[{"id":24747,"href":"https:\/\/posana.com\/fr\/wp-json\/wp\/v2\/product\/22911\/revisions\/24747"}],"wp:featuredmedia":[{"embeddable":true,"href":"https:\/\/posana.com\/fr\/wp-json\/wp\/v2\/media\/23187"}],"wp:attachment":[{"href":"https:\/\/posana.com\/fr\/wp-json\/wp\/v2\/media?parent=22911"}],"wp:term":[{"taxonomy":"product_brand","embeddable":true,"href":"https:\/\/posana.com\/fr\/wp-json\/wp\/v2\/product_brand?post=22911"},{"taxonomy":"product_cat","embeddable":true,"href":"https:\/\/posana.com\/fr\/wp-json\/wp\/v2\/product_cat?post=22911"},{"taxonomy":"product_tag","embeddable":true,"href":"https:\/\/posana.com\/fr\/wp-json\/wp\/v2\/product_tag?post=22911"},{"taxonomy":"mwb_booking_cost","embeddable":true,"href":"https:\/\/posana.com\/fr\/wp-json\/wp\/v2\/mwb_booking_cost?post=22911"},{"taxonomy":"mwb_booking_service","embeddable":true,"href":"https:\/\/posana.com\/fr\/wp-json\/wp\/v2\/mwb_booking_service?post=22911"}],"curies":[{"name":"wp","href":"https:\/\/api.w.org\/{rel}","templated":true}]}}