{"id":22908,"date":"2024-12-25T19:24:42","date_gmt":"2024-12-25T19:24:42","guid":{"rendered":"https:\/\/posana.com\/?post_type=product&#038;p=22908"},"modified":"2024-12-27T20:37:26","modified_gmt":"2024-12-27T20:37:26","slug":"eyebrow-liner-gelux","status":"publish","type":"product","link":"https:\/\/posana.com\/fr\/produit\/eyebrow-liner-gelux\/","title":{"rendered":"Rev\u00eateur de sourcils Gelux"},"content":{"rendered":"<p>Faites un arc \u00e0 la perfection avec CAILYN Gelux Eyebrow. Avec une formule de gel imperm\u00e9able innovante, les sourcils ne perdront pas de d\u00e9finition ou de couleur en aucune circonstance. Pratique construit en pinceau d'angle fait de ce sourcil de gel un compagnon de voyage id\u00e9al. Disponible en 8 nuances naturelles, trouvez la nuance parfaite qui fonctionne le mieux pour toutes les nuances de sourcils. Simplement fa\u00e7onner, d\u00e9finir et remplir pour des sourcils impeccablement soign\u00e9s!<\/p>","protected":false},"excerpt":{"rendered":"<p>Arch your brows to perfection with CAILYN Gelux Eyebrow. With innovative waterproof gel formula, the brows won&#8217;t lose definition or color under any circumstance. Convenient built in angle brush makes this gel eyebrow an ideal travel companion. Available in 8 natural shades, find the perfect shade that works best for any shade of brows. Simply [&hellip;]<\/p>\n","protected":false},"featured_media":23183,"comment_status":"open","ping_status":"closed","template":"","meta":{"om_disable_all_campaigns":false,"_monsterinsights_skip_tracking":false,"_monsterinsights_sitenote_active":false,"_monsterinsights_sitenote_note":"","_monsterinsights_sitenote_category":0},"product_brand":[],"product_cat":[63],"product_tag":[],"mwb_booking_cost":[],"mwb_booking_service":[],"class_list":{"0":"post-22908","1":"product","2":"type-product","3":"status-publish","4":"has-post-thumbnail","6":"product_cat-beauty-essentials","9":"instock","10":"shipping-taxable","11":"purchasable","12":"product-type-simple","13":"product-grid-view"},"aioseo_notices":[],"_links":{"self":[{"href":"https:\/\/posana.com\/fr\/wp-json\/wp\/v2\/product\/22908","targetHints":{"allow":["GET"]}}],"collection":[{"href":"https:\/\/posana.com\/fr\/wp-json\/wp\/v2\/product"}],"about":[{"href":"https:\/\/posana.com\/fr\/wp-json\/wp\/v2\/types\/product"}],"replies":[{"embeddable":true,"href":"https:\/\/posana.com\/fr\/wp-json\/wp\/v2\/comments?post=22908"}],"version-history":[{"count":2,"href":"https:\/\/posana.com\/fr\/wp-json\/wp\/v2\/product\/22908\/revisions"}],"predecessor-version":[{"id":23184,"href":"https:\/\/posana.com\/fr\/wp-json\/wp\/v2\/product\/22908\/revisions\/23184"}],"wp:featuredmedia":[{"embeddable":true,"href":"https:\/\/posana.com\/fr\/wp-json\/wp\/v2\/media\/23183"}],"wp:attachment":[{"href":"https:\/\/posana.com\/fr\/wp-json\/wp\/v2\/media?parent=22908"}],"wp:term":[{"taxonomy":"product_brand","embeddable":true,"href":"https:\/\/posana.com\/fr\/wp-json\/wp\/v2\/product_brand?post=22908"},{"taxonomy":"product_cat","embeddable":true,"href":"https:\/\/posana.com\/fr\/wp-json\/wp\/v2\/product_cat?post=22908"},{"taxonomy":"product_tag","embeddable":true,"href":"https:\/\/posana.com\/fr\/wp-json\/wp\/v2\/product_tag?post=22908"},{"taxonomy":"mwb_booking_cost","embeddable":true,"href":"https:\/\/posana.com\/fr\/wp-json\/wp\/v2\/mwb_booking_cost?post=22908"},{"taxonomy":"mwb_booking_service","embeddable":true,"href":"https:\/\/posana.com\/fr\/wp-json\/wp\/v2\/mwb_booking_service?post=22908"}],"curies":[{"name":"wp","href":"https:\/\/api.w.org\/{rel}","templated":true}]}}