{"id":22905,"date":"2024-12-25T19:24:42","date_gmt":"2024-12-25T19:24:42","guid":{"rendered":"https:\/\/posana.com\/?post_type=product&#038;p=22905"},"modified":"2025-01-22T19:37:46","modified_gmt":"2025-01-22T19:37:46","slug":"eye-contour-micro-gel-30ml","status":"publish","type":"product","link":"https:\/\/posana.com\/fr\/produit\/eye-contour-micro-gel-30ml\/","title":{"rendered":"Contour oculaire Micro-Gel 30ml"},"content":{"rendered":"<p>Aide \u00e0 combattre l'apparence des rides, des poches sous les yeux et des cernes autour de la zone de l'\u0153il. Hydrate et rend la peau son \u00e9lasticit\u00e9 naturelle.<\/p>\n<div class=\"benefits\">\n<h4>Avantages<\/h4>\n<ul>\n<li>Cr\u00e8me hydratante sp\u00e9cifique pour le contour de l'\u0153il.<\/li>\n<li>Aide \u00e0 r\u00e9duire tous les signes visibles du vieillissement du contour de l'\u0153il: rides superficielles, cernes, sacs, poches.<\/li>\n<li>Tr\u00e8s agr\u00e9able \u00e0 utiliser, effet rafra\u00eechissant, pas de sensation grasse, p\u00e9n\u00e9tration instantan\u00e9e.<\/li>\n<li>Lissage imm\u00e9diat.<\/li>\n<li>Le maquillage est plus facile \u00e0 appliquer et durera plus longtemps.<\/li>\n<\/ul>\n<\/div>","protected":false},"excerpt":{"rendered":"<p>Helps to fight the appearance of wrinkles, under-eye puffiness, and dark circles around the eye area. Moisturizes and renders skin its natural elasticity. Benefits Specific moisturizer for the eye contour. Helps to reduce all visible signs of eye contour aging: superficial wrinkles, dark circles, bags, puffiness. Very pleasant to use, refreshing effect, no greasy feeling, [&hellip;]<\/p>\n","protected":false},"featured_media":24428,"comment_status":"open","ping_status":"closed","template":"","meta":{"om_disable_all_campaigns":false,"_monsterinsights_skip_tracking":false,"_monsterinsights_sitenote_active":false,"_monsterinsights_sitenote_note":"","_monsterinsights_sitenote_category":0},"product_brand":[],"product_cat":[131,61],"product_tag":[],"mwb_booking_cost":[],"mwb_booking_service":[],"class_list":{"0":"post-22905","1":"product","2":"type-product","3":"status-publish","4":"has-post-thumbnail","6":"product_cat-eyecontour","7":"product_cat-skin-care-products","10":"instock","11":"shipping-taxable","12":"purchasable","13":"product-type-simple","14":"product-grid-view"},"aioseo_notices":[],"_links":{"self":[{"href":"https:\/\/posana.com\/fr\/wp-json\/wp\/v2\/product\/22905","targetHints":{"allow":["GET"]}}],"collection":[{"href":"https:\/\/posana.com\/fr\/wp-json\/wp\/v2\/product"}],"about":[{"href":"https:\/\/posana.com\/fr\/wp-json\/wp\/v2\/types\/product"}],"replies":[{"embeddable":true,"href":"https:\/\/posana.com\/fr\/wp-json\/wp\/v2\/comments?post=22905"}],"version-history":[{"count":3,"href":"https:\/\/posana.com\/fr\/wp-json\/wp\/v2\/product\/22905\/revisions"}],"predecessor-version":[{"id":24429,"href":"https:\/\/posana.com\/fr\/wp-json\/wp\/v2\/product\/22905\/revisions\/24429"}],"wp:featuredmedia":[{"embeddable":true,"href":"https:\/\/posana.com\/fr\/wp-json\/wp\/v2\/media\/24428"}],"wp:attachment":[{"href":"https:\/\/posana.com\/fr\/wp-json\/wp\/v2\/media?parent=22905"}],"wp:term":[{"taxonomy":"product_brand","embeddable":true,"href":"https:\/\/posana.com\/fr\/wp-json\/wp\/v2\/product_brand?post=22905"},{"taxonomy":"product_cat","embeddable":true,"href":"https:\/\/posana.com\/fr\/wp-json\/wp\/v2\/product_cat?post=22905"},{"taxonomy":"product_tag","embeddable":true,"href":"https:\/\/posana.com\/fr\/wp-json\/wp\/v2\/product_tag?post=22905"},{"taxonomy":"mwb_booking_cost","embeddable":true,"href":"https:\/\/posana.com\/fr\/wp-json\/wp\/v2\/mwb_booking_cost?post=22905"},{"taxonomy":"mwb_booking_service","embeddable":true,"href":"https:\/\/posana.com\/fr\/wp-json\/wp\/v2\/mwb_booking_service?post=22905"}],"curies":[{"name":"wp","href":"https:\/\/api.w.org\/{rel}","templated":true}]}}