{"id":22903,"date":"2024-12-25T19:24:42","date_gmt":"2024-12-25T19:24:42","guid":{"rendered":"https:\/\/posana.com\/?post_type=product&#038;p=22903"},"modified":"2024-12-27T20:26:30","modified_gmt":"2024-12-27T20:26:30","slug":"eyenvy-intense-mascara-6ml","status":"publish","type":"product","link":"https:\/\/posana.com\/fr\/produit\/eyenvy-intense-mascara-6ml\/","title":{"rendered":"EyEnvy Mascara Intense 6ml"},"content":{"rendered":"<p>Le mascara EyEnvy vous donnera un look qui fera dire \u00e0 tout le monde \"EyEnvy vos cils!\". R\u00e9parez, conditionnez et obtenez du volume en un seul ! Avec l'ajout de Myristoyl Pentapeptide-17 (un peptide stimulant la k\u00e9ratine) EyEnvy cr\u00e9e une formule qui non seulement conditionne et nourrit, mais aide \u00e0 allonger vos propres cils naturels. La conception de la brosse-croisement s\u00e9pare chaque cil travaillant sur le volume et l'\u00e9paisseur. Le mascara glisse sans encombrement et a la texture parfaite pour construire de magnifiques cils.<\/p>","protected":false},"excerpt":{"rendered":"<p>EyEnvy mascara will give you a look that will make everyone say \u201cEyEnvy your lashes!\u201d. Repair, condition, and get volume all in one! With the addition of Myristoyl Pentapeptide-17 (a keratin boosting peptide) EyEnvy creates a formula that not only conditions and nourishes, but helps in the lengthening of your own natural lashes. The brush\u2019s [&hellip;]<\/p>\n","protected":false},"featured_media":23176,"comment_status":"open","ping_status":"closed","template":"","meta":{"om_disable_all_campaigns":false,"_monsterinsights_skip_tracking":false,"_monsterinsights_sitenote_active":false,"_monsterinsights_sitenote_note":"","_monsterinsights_sitenote_category":0},"product_brand":[],"product_cat":[63],"product_tag":[],"mwb_booking_cost":[],"mwb_booking_service":[],"class_list":{"0":"post-22903","1":"product","2":"type-product","3":"status-publish","4":"has-post-thumbnail","6":"product_cat-beauty-essentials","9":"instock","10":"shipping-taxable","11":"purchasable","12":"product-type-simple","13":"product-grid-view"},"aioseo_notices":[],"_links":{"self":[{"href":"https:\/\/posana.com\/fr\/wp-json\/wp\/v2\/product\/22903","targetHints":{"allow":["GET"]}}],"collection":[{"href":"https:\/\/posana.com\/fr\/wp-json\/wp\/v2\/product"}],"about":[{"href":"https:\/\/posana.com\/fr\/wp-json\/wp\/v2\/types\/product"}],"replies":[{"embeddable":true,"href":"https:\/\/posana.com\/fr\/wp-json\/wp\/v2\/comments?post=22903"}],"version-history":[{"count":2,"href":"https:\/\/posana.com\/fr\/wp-json\/wp\/v2\/product\/22903\/revisions"}],"predecessor-version":[{"id":23177,"href":"https:\/\/posana.com\/fr\/wp-json\/wp\/v2\/product\/22903\/revisions\/23177"}],"wp:featuredmedia":[{"embeddable":true,"href":"https:\/\/posana.com\/fr\/wp-json\/wp\/v2\/media\/23176"}],"wp:attachment":[{"href":"https:\/\/posana.com\/fr\/wp-json\/wp\/v2\/media?parent=22903"}],"wp:term":[{"taxonomy":"product_brand","embeddable":true,"href":"https:\/\/posana.com\/fr\/wp-json\/wp\/v2\/product_brand?post=22903"},{"taxonomy":"product_cat","embeddable":true,"href":"https:\/\/posana.com\/fr\/wp-json\/wp\/v2\/product_cat?post=22903"},{"taxonomy":"product_tag","embeddable":true,"href":"https:\/\/posana.com\/fr\/wp-json\/wp\/v2\/product_tag?post=22903"},{"taxonomy":"mwb_booking_cost","embeddable":true,"href":"https:\/\/posana.com\/fr\/wp-json\/wp\/v2\/mwb_booking_cost?post=22903"},{"taxonomy":"mwb_booking_service","embeddable":true,"href":"https:\/\/posana.com\/fr\/wp-json\/wp\/v2\/mwb_booking_service?post=22903"}],"curies":[{"name":"wp","href":"https:\/\/api.w.org\/{rel}","templated":true}]}}