{"id":22902,"date":"2024-12-25T19:24:42","date_gmt":"2024-12-25T19:24:42","guid":{"rendered":"https:\/\/posana.com\/?post_type=product&#038;p=22902"},"modified":"2025-03-09T21:31:44","modified_gmt":"2025-03-09T21:31:44","slug":"evolution-shower-hydrating-milk-sl-200ml","status":"publish","type":"product","link":"https:\/\/posana.com\/fr\/produit\/evolution-shower-hydrating-milk-sl-200ml\/","title":{"rendered":"Lait hydratant Evolution Douche SL 200ml"},"content":{"rendered":"<p>Nettoyant moussant doux. Nettoie tout en respectant l'\u00e9piderme. Laisse la peau douce et souple. Peut \u00eatre utilis\u00e9 pour le visage et le corps. 95% des femmes recommanderaient le produit*<\/p>\n<p>*<em>Test effectu\u00e9 sur 21 femmes ayant la peau sensible<\/em><\/p>\n<p>200 ml | 6,67 fl.oz<\/p>\n<h6>COMMENT UTILISER<\/h6>\n<p>Nettoyez le visage\/le corps avec le lait hydratant Evolution Shower SL. Peut \u00eatre utilis\u00e9 avec une brosse faciale ou des mains.<\/p>\n<h6>INGR\u00c9DIENTS KEY<\/h6>\n<ul>\n<li>L'avoine et le coco d\u00e9riv\u00e9s des tensioactifs tr\u00e8s doux.<\/li>\n<li>Agent purificateur.<\/li>\n<li>Hydratant, agent \u00e9mollient.<\/li>\n<\/ul>\n<h6>TECHNOLOGIES<\/h6>\n<ul>\n<li>Complexe exclusif PCbG, \u00e9quilibrage, revitalisation, protection<\/li>\n<li>Surfactants compatibles Dermo pour un nettoyage doux et efficace.<\/li>\n<\/ul>\n<h6>AVANTAGES<\/h6>\n<ul>\n<li>Nettoyer tout en respectant l'\u00e9piderme Film hydro-lipidique.\n.<\/li>\n<li>Laisse la peau douce et souple sans aucune sensation d'inconfort.<\/li>\n<li>La peau est lisse apr\u00e8s utilisation: 100%*<\/li>\n<li>\u00c9vitez les sensations d'\u00e9tanch\u00e9it\u00e9 et d'inconfort apr\u00e8s utilisation: 90%*.<\/li>\n<li>La peau est hydrat\u00e9e apr\u00e8s utilisation: 95%*.<\/li>\n<li>Respecte la peau : 100%*.<\/li>\n<\/ul>","protected":false},"excerpt":{"rendered":"<p>Gentle lathering cleanser. Cleanses while respecting the epidermis. Leaves the skin soft and supple. May be used for Face and Body. 95% of women would recommend the product* *Test performed on 21 women with sensitive skin 200 ml | 6.67 fl.oz HOW TO USE Cleanse the face\/body with the Evolution Shower Hydrating Milk SL. May [&hellip;]<\/p>\n","protected":false},"featured_media":23174,"comment_status":"open","ping_status":"closed","template":"","meta":{"om_disable_all_campaigns":false,"_monsterinsights_skip_tracking":false,"_monsterinsights_sitenote_active":false,"_monsterinsights_sitenote_note":"","_monsterinsights_sitenote_category":0},"product_brand":[186],"product_cat":[136,129,61],"product_tag":[],"mwb_booking_cost":[],"mwb_booking_service":[],"class_list":{"0":"post-22902","1":"product","2":"type-product","3":"status-publish","4":"has-post-thumbnail","6":"product_brand-physiodermie","7":"product_cat-body-care","8":"product_cat-cleansers-lotions","9":"product_cat-skin-care-products","12":"instock","13":"shipping-taxable","14":"purchasable","15":"product-type-simple","16":"product-grid-view"},"aioseo_notices":[],"_links":{"self":[{"href":"https:\/\/posana.com\/fr\/wp-json\/wp\/v2\/product\/22902","targetHints":{"allow":["GET"]}}],"collection":[{"href":"https:\/\/posana.com\/fr\/wp-json\/wp\/v2\/product"}],"about":[{"href":"https:\/\/posana.com\/fr\/wp-json\/wp\/v2\/types\/product"}],"replies":[{"embeddable":true,"href":"https:\/\/posana.com\/fr\/wp-json\/wp\/v2\/comments?post=22902"}],"version-history":[{"count":2,"href":"https:\/\/posana.com\/fr\/wp-json\/wp\/v2\/product\/22902\/revisions"}],"predecessor-version":[{"id":23175,"href":"https:\/\/posana.com\/fr\/wp-json\/wp\/v2\/product\/22902\/revisions\/23175"}],"wp:featuredmedia":[{"embeddable":true,"href":"https:\/\/posana.com\/fr\/wp-json\/wp\/v2\/media\/23174"}],"wp:attachment":[{"href":"https:\/\/posana.com\/fr\/wp-json\/wp\/v2\/media?parent=22902"}],"wp:term":[{"taxonomy":"product_brand","embeddable":true,"href":"https:\/\/posana.com\/fr\/wp-json\/wp\/v2\/product_brand?post=22902"},{"taxonomy":"product_cat","embeddable":true,"href":"https:\/\/posana.com\/fr\/wp-json\/wp\/v2\/product_cat?post=22902"},{"taxonomy":"product_tag","embeddable":true,"href":"https:\/\/posana.com\/fr\/wp-json\/wp\/v2\/product_tag?post=22902"},{"taxonomy":"mwb_booking_cost","embeddable":true,"href":"https:\/\/posana.com\/fr\/wp-json\/wp\/v2\/mwb_booking_cost?post=22902"},{"taxonomy":"mwb_booking_service","embeddable":true,"href":"https:\/\/posana.com\/fr\/wp-json\/wp\/v2\/mwb_booking_service?post=22902"}],"curies":[{"name":"wp","href":"https:\/\/api.w.org\/{rel}","templated":true}]}}