{"id":22901,"date":"2024-12-25T19:24:42","date_gmt":"2024-12-25T19:24:42","guid":{"rendered":"https:\/\/posana.com\/?post_type=product&#038;p=22901"},"modified":"2024-12-27T20:23:06","modified_gmt":"2024-12-27T20:23:06","slug":"evolution-actinyl-no-5-comextract-15ml","status":"publish","type":"product","link":"https:\/\/posana.com\/fr\/produit\/evolution-actinyl-no-5-comextract-15ml\/","title":{"rendered":"Evolution Actinyl No.5 \u2013 Com\u2019Extract (15ml)"},"content":{"rendered":"<p>S\u00e9rum d'\u00e9limination des points noirs Soins sp\u00e9ciaux pour les peaux grasses impures pr\u00e9sentant des points noirs. Efface les pores obstru\u00e9s. Purifie et nettoie tout en emp\u00eachant l'oxydation des lipides cutan\u00e9s. Purifie la peau sujette aux pores obstru\u00e9s. Restaure l\u2019\u00e9quilibre naturel et la protection de la peau.<\/p>","protected":false},"excerpt":{"rendered":"<p>S\u00e9rum d'\u00e9limination des points noirs Soins sp\u00e9ciaux pour les peaux grasses impures pr\u00e9sentant des points noirs. Efface les pores obstru\u00e9s. Purifie et nettoie tout en emp\u00eachant l'oxydation des lipides cutan\u00e9s. Purifie la peau sujette aux pores obstru\u00e9s. Restaure l\u2019\u00e9quilibre naturel et la protection de la peau.<\/p>","protected":false},"featured_media":23172,"comment_status":"open","ping_status":"closed","template":"","meta":{"om_disable_all_campaigns":false,"_monsterinsights_skip_tracking":false,"_monsterinsights_sitenote_active":false,"_monsterinsights_sitenote_note":"","_monsterinsights_sitenote_category":0},"product_brand":[],"product_cat":[61],"product_tag":[],"mwb_booking_cost":[],"mwb_booking_service":[],"class_list":{"0":"post-22901","1":"product","2":"type-product","3":"status-publish","4":"has-post-thumbnail","6":"product_cat-skin-care-products","9":"instock","10":"shipping-taxable","11":"purchasable","12":"product-type-simple","13":"product-grid-view"},"aioseo_notices":[],"_links":{"self":[{"href":"https:\/\/posana.com\/fr\/wp-json\/wp\/v2\/product\/22901","targetHints":{"allow":["GET"]}}],"collection":[{"href":"https:\/\/posana.com\/fr\/wp-json\/wp\/v2\/product"}],"about":[{"href":"https:\/\/posana.com\/fr\/wp-json\/wp\/v2\/types\/product"}],"replies":[{"embeddable":true,"href":"https:\/\/posana.com\/fr\/wp-json\/wp\/v2\/comments?post=22901"}],"version-history":[{"count":2,"href":"https:\/\/posana.com\/fr\/wp-json\/wp\/v2\/product\/22901\/revisions"}],"predecessor-version":[{"id":23173,"href":"https:\/\/posana.com\/fr\/wp-json\/wp\/v2\/product\/22901\/revisions\/23173"}],"wp:featuredmedia":[{"embeddable":true,"href":"https:\/\/posana.com\/fr\/wp-json\/wp\/v2\/media\/23172"}],"wp:attachment":[{"href":"https:\/\/posana.com\/fr\/wp-json\/wp\/v2\/media?parent=22901"}],"wp:term":[{"taxonomy":"product_brand","embeddable":true,"href":"https:\/\/posana.com\/fr\/wp-json\/wp\/v2\/product_brand?post=22901"},{"taxonomy":"product_cat","embeddable":true,"href":"https:\/\/posana.com\/fr\/wp-json\/wp\/v2\/product_cat?post=22901"},{"taxonomy":"product_tag","embeddable":true,"href":"https:\/\/posana.com\/fr\/wp-json\/wp\/v2\/product_tag?post=22901"},{"taxonomy":"mwb_booking_cost","embeddable":true,"href":"https:\/\/posana.com\/fr\/wp-json\/wp\/v2\/mwb_booking_cost?post=22901"},{"taxonomy":"mwb_booking_service","embeddable":true,"href":"https:\/\/posana.com\/fr\/wp-json\/wp\/v2\/mwb_booking_service?post=22901"}],"curies":[{"name":"wp","href":"https:\/\/api.w.org\/{rel}","templated":true}]}}