{"id":22900,"date":"2024-12-25T19:24:42","date_gmt":"2024-12-25T19:24:42","guid":{"rendered":"https:\/\/posana.com\/?post_type=product&#038;p=22900"},"modified":"2024-12-27T20:18:56","modified_gmt":"2024-12-27T20:18:56","slug":"evolution-actinyl-no-4-bleamish-clear","status":"publish","type":"product","link":"https:\/\/posana.com\/fr\/produit\/evolution-actinyl-no-4-bleamish-clear\/","title":{"rendered":"Evolution Actinyl No.4 \u2013 Bleamish Clear"},"content":{"rendered":"<p>Soins localis\u00e9s (roll on) pour l'acn\u00e9 Soins sp\u00e9cifiques et localis\u00e9s pour la peau huileuse et impure. R\u00e9duit l'exc\u00e8s de s\u00e9bum. R\u00e9gule la peau sujette \u00e0 l'acn\u00e9. Stabilise l'oxydation des lipides cutan\u00e9s. Restaure l\u2019\u00e9quilibre naturel de la peau et son teint uniforme.<\/p>","protected":false},"excerpt":{"rendered":"<p>Soins localis\u00e9s (roll on) pour l'acn\u00e9 Soins sp\u00e9cifiques et localis\u00e9s pour la peau huileuse et impure. R\u00e9duit l'exc\u00e8s de s\u00e9bum. R\u00e9gule la peau sujette \u00e0 l'acn\u00e9. Stabilise l'oxydation des lipides cutan\u00e9s. Restaure l\u2019\u00e9quilibre naturel de la peau et son teint uniforme.<\/p>","protected":false},"featured_media":23170,"comment_status":"open","ping_status":"closed","template":"","meta":{"om_disable_all_campaigns":false,"_monsterinsights_skip_tracking":false,"_monsterinsights_sitenote_active":false,"_monsterinsights_sitenote_note":"","_monsterinsights_sitenote_category":0},"product_brand":[],"product_cat":[61],"product_tag":[],"mwb_booking_cost":[],"mwb_booking_service":[],"class_list":{"0":"post-22900","1":"product","2":"type-product","3":"status-publish","4":"has-post-thumbnail","6":"product_cat-skin-care-products","9":"instock","10":"shipping-taxable","11":"purchasable","12":"product-type-simple","13":"product-grid-view"},"aioseo_notices":[],"_links":{"self":[{"href":"https:\/\/posana.com\/fr\/wp-json\/wp\/v2\/product\/22900","targetHints":{"allow":["GET"]}}],"collection":[{"href":"https:\/\/posana.com\/fr\/wp-json\/wp\/v2\/product"}],"about":[{"href":"https:\/\/posana.com\/fr\/wp-json\/wp\/v2\/types\/product"}],"replies":[{"embeddable":true,"href":"https:\/\/posana.com\/fr\/wp-json\/wp\/v2\/comments?post=22900"}],"version-history":[{"count":2,"href":"https:\/\/posana.com\/fr\/wp-json\/wp\/v2\/product\/22900\/revisions"}],"predecessor-version":[{"id":23171,"href":"https:\/\/posana.com\/fr\/wp-json\/wp\/v2\/product\/22900\/revisions\/23171"}],"wp:featuredmedia":[{"embeddable":true,"href":"https:\/\/posana.com\/fr\/wp-json\/wp\/v2\/media\/23170"}],"wp:attachment":[{"href":"https:\/\/posana.com\/fr\/wp-json\/wp\/v2\/media?parent=22900"}],"wp:term":[{"taxonomy":"product_brand","embeddable":true,"href":"https:\/\/posana.com\/fr\/wp-json\/wp\/v2\/product_brand?post=22900"},{"taxonomy":"product_cat","embeddable":true,"href":"https:\/\/posana.com\/fr\/wp-json\/wp\/v2\/product_cat?post=22900"},{"taxonomy":"product_tag","embeddable":true,"href":"https:\/\/posana.com\/fr\/wp-json\/wp\/v2\/product_tag?post=22900"},{"taxonomy":"mwb_booking_cost","embeddable":true,"href":"https:\/\/posana.com\/fr\/wp-json\/wp\/v2\/mwb_booking_cost?post=22900"},{"taxonomy":"mwb_booking_service","embeddable":true,"href":"https:\/\/posana.com\/fr\/wp-json\/wp\/v2\/mwb_booking_service?post=22900"}],"curies":[{"name":"wp","href":"https:\/\/api.w.org\/{rel}","templated":true}]}}