{"id":22899,"date":"2024-12-25T19:24:42","date_gmt":"2024-12-25T19:24:42","guid":{"rendered":"https:\/\/posana.com\/?post_type=product&#038;p=22899"},"modified":"2025-02-19T20:29:59","modified_gmt":"2025-02-19T20:29:59","slug":"evolution-actinyl-no-3-purifying-cleansing-foam-75ml","status":"publish","type":"product","link":"https:\/\/posana.com\/fr\/produit\/evolution-actinyl-no-3-purifying-cleansing-foam-75ml\/","title":{"rendered":"Evolution Actinyl No.3 \u2013 Purification de la mousse nettoyante 75ml"},"content":{"rendered":"<p>Nettoyage en profondeur Nettoyage en profondeur action nettoyante qui purifie et prot\u00e8ge la peau sans causer d'irritation ou de s\u00e9cheresse. \u00c9limine l'exc\u00e8s de s\u00e9bum \u00e0 la surface de la peau. Stabilise l'oxydation des lipides cutan\u00e9s. Pr\u00e9serve le film hydrolipidique et favorise la r\u00e9g\u00e9n\u00e9ration des cellules.<\/p>","protected":false},"excerpt":{"rendered":"<p>Nettoyage en profondeur Nettoyage en profondeur action nettoyante qui purifie et prot\u00e8ge la peau sans causer d'irritation ou de s\u00e9cheresse. \u00c9limine l'exc\u00e8s de s\u00e9bum \u00e0 la surface de la peau. Stabilise l'oxydation des lipides cutan\u00e9s. Pr\u00e9serve le film hydrolipidique et favorise la r\u00e9g\u00e9n\u00e9ration des cellules.<\/p>","protected":false},"featured_media":23168,"comment_status":"open","ping_status":"closed","template":"","meta":{"om_disable_all_campaigns":false,"_monsterinsights_skip_tracking":false,"_monsterinsights_sitenote_active":false,"_monsterinsights_sitenote_note":"","_monsterinsights_sitenote_category":0},"product_brand":[],"product_cat":[61],"product_tag":[],"mwb_booking_cost":[],"mwb_booking_service":[],"class_list":{"0":"post-22899","1":"product","2":"type-product","3":"status-publish","4":"has-post-thumbnail","6":"product_cat-skin-care-products","9":"instock","10":"shipping-taxable","11":"purchasable","12":"product-type-simple","13":"product-grid-view"},"aioseo_notices":[],"_links":{"self":[{"href":"https:\/\/posana.com\/fr\/wp-json\/wp\/v2\/product\/22899","targetHints":{"allow":["GET"]}}],"collection":[{"href":"https:\/\/posana.com\/fr\/wp-json\/wp\/v2\/product"}],"about":[{"href":"https:\/\/posana.com\/fr\/wp-json\/wp\/v2\/types\/product"}],"replies":[{"embeddable":true,"href":"https:\/\/posana.com\/fr\/wp-json\/wp\/v2\/comments?post=22899"}],"version-history":[{"count":3,"href":"https:\/\/posana.com\/fr\/wp-json\/wp\/v2\/product\/22899\/revisions"}],"predecessor-version":[{"id":24767,"href":"https:\/\/posana.com\/fr\/wp-json\/wp\/v2\/product\/22899\/revisions\/24767"}],"wp:featuredmedia":[{"embeddable":true,"href":"https:\/\/posana.com\/fr\/wp-json\/wp\/v2\/media\/23168"}],"wp:attachment":[{"href":"https:\/\/posana.com\/fr\/wp-json\/wp\/v2\/media?parent=22899"}],"wp:term":[{"taxonomy":"product_brand","embeddable":true,"href":"https:\/\/posana.com\/fr\/wp-json\/wp\/v2\/product_brand?post=22899"},{"taxonomy":"product_cat","embeddable":true,"href":"https:\/\/posana.com\/fr\/wp-json\/wp\/v2\/product_cat?post=22899"},{"taxonomy":"product_tag","embeddable":true,"href":"https:\/\/posana.com\/fr\/wp-json\/wp\/v2\/product_tag?post=22899"},{"taxonomy":"mwb_booking_cost","embeddable":true,"href":"https:\/\/posana.com\/fr\/wp-json\/wp\/v2\/mwb_booking_cost?post=22899"},{"taxonomy":"mwb_booking_service","embeddable":true,"href":"https:\/\/posana.com\/fr\/wp-json\/wp\/v2\/mwb_booking_service?post=22899"}],"curies":[{"name":"wp","href":"https:\/\/api.w.org\/{rel}","templated":true}]}}