{"id":22898,"date":"2024-12-25T19:24:41","date_gmt":"2024-12-25T19:24:41","guid":{"rendered":"https:\/\/posana.com\/?post_type=product&#038;p=22898"},"modified":"2024-12-27T21:10:15","modified_gmt":"2024-12-27T21:10:15","slug":"evolution-actinyl-no-2-repair-care-30ml","status":"publish","type":"product","link":"https:\/\/posana.com\/fr\/produit\/evolution-actinyl-no-2-repair-care-30ml\/","title":{"rendered":"Evolution Actinyl No.2 \u2013 Soins de r\u00e9paration (30ml)"},"content":{"rendered":"<p>Hydratant pour la peau sujette \u00e0 l'acn\u00e9. Emp\u00eache de cicatrices<\/p>\n<p>R\u00e9gule la s\u00e9cr\u00e9tion de s\u00e9bum afin d\u2019 \u00e9quilibrer les lipides cutan\u00e9s. Acc\u00e9l\u00e9rer l'activit\u00e9 cellulaire pour \u00e9viter les cicatrices. Normalise, prot\u00e8ge et r\u00e9g\u00e9n\u00e8re la peau. Tirage les pores. Recommand\u00e9 pour la peau grasse avec de l'acn\u00e9 (boutons). *Doit \u00eatre utilis\u00e9 avec: Evolution Actinyl No.1 \u2013 Soins d\u2019\u00e9quilibrage.<\/p>","protected":false},"excerpt":{"rendered":"<p>Moisturizer for acne prone skin. Prevents from scarring Regulates the secretion of sebum in order to balance the cutaneous lipids. Accelerates the cellular activity to prevent scarring. Normalizes, protects and regenerates the skin. Tightens pores. Recommended for oily skin with acne (pimples). *Must be used with: Evolution Actinyl No.1 &#8211; Balancing Care.<\/p>","protected":false},"featured_media":23203,"comment_status":"open","ping_status":"closed","template":"","meta":{"om_disable_all_campaigns":false,"_monsterinsights_skip_tracking":false,"_monsterinsights_sitenote_active":false,"_monsterinsights_sitenote_note":"","_monsterinsights_sitenote_category":0},"product_brand":[],"product_cat":[61],"product_tag":[],"mwb_booking_cost":[],"mwb_booking_service":[],"class_list":{"0":"post-22898","1":"product","2":"type-product","3":"status-publish","4":"has-post-thumbnail","6":"product_cat-skin-care-products","9":"instock","10":"shipping-taxable","11":"purchasable","12":"product-type-simple","13":"product-grid-view"},"aioseo_notices":[],"_links":{"self":[{"href":"https:\/\/posana.com\/fr\/wp-json\/wp\/v2\/product\/22898","targetHints":{"allow":["GET"]}}],"collection":[{"href":"https:\/\/posana.com\/fr\/wp-json\/wp\/v2\/product"}],"about":[{"href":"https:\/\/posana.com\/fr\/wp-json\/wp\/v2\/types\/product"}],"replies":[{"embeddable":true,"href":"https:\/\/posana.com\/fr\/wp-json\/wp\/v2\/comments?post=22898"}],"version-history":[{"count":1,"href":"https:\/\/posana.com\/fr\/wp-json\/wp\/v2\/product\/22898\/revisions"}],"predecessor-version":[{"id":22928,"href":"https:\/\/posana.com\/fr\/wp-json\/wp\/v2\/product\/22898\/revisions\/22928"}],"wp:featuredmedia":[{"embeddable":true,"href":"https:\/\/posana.com\/fr\/wp-json\/wp\/v2\/media\/23203"}],"wp:attachment":[{"href":"https:\/\/posana.com\/fr\/wp-json\/wp\/v2\/media?parent=22898"}],"wp:term":[{"taxonomy":"product_brand","embeddable":true,"href":"https:\/\/posana.com\/fr\/wp-json\/wp\/v2\/product_brand?post=22898"},{"taxonomy":"product_cat","embeddable":true,"href":"https:\/\/posana.com\/fr\/wp-json\/wp\/v2\/product_cat?post=22898"},{"taxonomy":"product_tag","embeddable":true,"href":"https:\/\/posana.com\/fr\/wp-json\/wp\/v2\/product_tag?post=22898"},{"taxonomy":"mwb_booking_cost","embeddable":true,"href":"https:\/\/posana.com\/fr\/wp-json\/wp\/v2\/mwb_booking_cost?post=22898"},{"taxonomy":"mwb_booking_service","embeddable":true,"href":"https:\/\/posana.com\/fr\/wp-json\/wp\/v2\/mwb_booking_service?post=22898"}],"curies":[{"name":"wp","href":"https:\/\/api.w.org\/{rel}","templated":true}]}}