{"id":22897,"date":"2024-12-25T19:24:41","date_gmt":"2024-12-25T19:24:41","guid":{"rendered":"https:\/\/posana.com\/?post_type=product&#038;p=22897"},"modified":"2024-12-27T21:08:22","modified_gmt":"2024-12-27T21:08:22","slug":"evolution-actinyl-no-1-balancing-care-15ml","status":"publish","type":"product","link":"https:\/\/posana.com\/fr\/produit\/evolution-actinyl-no-1-balancing-care-15ml\/","title":{"rendered":"Evolution Actinyl No.1 \u2013 Soins d\u2019\u00e9quilibrage 15ml"},"content":{"rendered":"<p>Pour la peau sujette \u00e0 l'acn\u00e9, papules et pustules Traitement localis\u00e9 pour \u00e9liminer les impuret\u00e9s et les cellules mortes. R\u00e9gule la s\u00e9cr\u00e9tion de s\u00e9bum. Emp\u00eache les \u00e9ruptions et d\u00e9truit les bact\u00e9ries responsables des boutons et\/ou des imperfections. Evens la texture de la peau et r\u00e9\u00e9quilibre sa protection naturelle. *Doit \u00eatre utilis\u00e9 avec: Evolution Actinyl No2 \u2013 Repair Care.<\/p>","protected":false},"excerpt":{"rendered":"<p>Pour la peau sujette \u00e0 l'acn\u00e9, papules et pustules Traitement localis\u00e9 pour \u00e9liminer les impuret\u00e9s et les cellules mortes. R\u00e9gule la s\u00e9cr\u00e9tion de s\u00e9bum. Emp\u00eache les \u00e9ruptions et d\u00e9truit les bact\u00e9ries responsables des boutons et\/ou des imperfections. Evens la texture de la peau et r\u00e9\u00e9quilibre sa protection naturelle. *Doit \u00eatre utilis\u00e9 avec: Evolution Actinyl No2 \u2013 Repair Care.<\/p>","protected":false},"featured_media":23201,"comment_status":"open","ping_status":"closed","template":"","meta":{"om_disable_all_campaigns":false,"_monsterinsights_skip_tracking":false,"_monsterinsights_sitenote_active":false,"_monsterinsights_sitenote_note":"","_monsterinsights_sitenote_category":0},"product_brand":[],"product_cat":[61],"product_tag":[],"mwb_booking_cost":[],"mwb_booking_service":[],"class_list":{"0":"post-22897","1":"product","2":"type-product","3":"status-publish","4":"has-post-thumbnail","6":"product_cat-skin-care-products","9":"instock","10":"shipping-taxable","11":"purchasable","12":"product-type-simple","13":"product-grid-view"},"aioseo_notices":[],"_links":{"self":[{"href":"https:\/\/posana.com\/fr\/wp-json\/wp\/v2\/product\/22897","targetHints":{"allow":["GET"]}}],"collection":[{"href":"https:\/\/posana.com\/fr\/wp-json\/wp\/v2\/product"}],"about":[{"href":"https:\/\/posana.com\/fr\/wp-json\/wp\/v2\/types\/product"}],"replies":[{"embeddable":true,"href":"https:\/\/posana.com\/fr\/wp-json\/wp\/v2\/comments?post=22897"}],"version-history":[{"count":2,"href":"https:\/\/posana.com\/fr\/wp-json\/wp\/v2\/product\/22897\/revisions"}],"predecessor-version":[{"id":23202,"href":"https:\/\/posana.com\/fr\/wp-json\/wp\/v2\/product\/22897\/revisions\/23202"}],"wp:featuredmedia":[{"embeddable":true,"href":"https:\/\/posana.com\/fr\/wp-json\/wp\/v2\/media\/23201"}],"wp:attachment":[{"href":"https:\/\/posana.com\/fr\/wp-json\/wp\/v2\/media?parent=22897"}],"wp:term":[{"taxonomy":"product_brand","embeddable":true,"href":"https:\/\/posana.com\/fr\/wp-json\/wp\/v2\/product_brand?post=22897"},{"taxonomy":"product_cat","embeddable":true,"href":"https:\/\/posana.com\/fr\/wp-json\/wp\/v2\/product_cat?post=22897"},{"taxonomy":"product_tag","embeddable":true,"href":"https:\/\/posana.com\/fr\/wp-json\/wp\/v2\/product_tag?post=22897"},{"taxonomy":"mwb_booking_cost","embeddable":true,"href":"https:\/\/posana.com\/fr\/wp-json\/wp\/v2\/mwb_booking_cost?post=22897"},{"taxonomy":"mwb_booking_service","embeddable":true,"href":"https:\/\/posana.com\/fr\/wp-json\/wp\/v2\/mwb_booking_service?post=22897"}],"curies":[{"name":"wp","href":"https:\/\/api.w.org\/{rel}","templated":true}]}}