{"id":22896,"date":"2024-12-25T19:24:41","date_gmt":"2024-12-25T19:24:41","guid":{"rendered":"https:\/\/posana.com\/?post_type=product&#038;p=22896"},"modified":"2025-01-29T20:49:34","modified_gmt":"2025-01-29T20:49:34","slug":"eucalyptus-officinal-australia-100-pure-and-natural-essential-oil-32ml","status":"publish","type":"product","link":"https:\/\/posana.com\/fr\/produit\/eucalyptus-officinal-australia-100-pure-and-natural-essential-oil-32ml\/","title":{"rendered":"Eucalyptus officinal Australia  100% pure and natural essential oil 32ml"},"content":{"rendered":"<p><strong>Respirer<\/strong><\/p>\n<p>En amincissant la respiration, l'huile restaure l'harmonie int\u00e9rieure et l'\u00e9quilibre; elle stimule et donne de l'\u00e9nergie. L'esprit devient plus clair, pour une meilleure concentration. Confortant, il restaure la motivation. D\u00e9congestant, expectorant, mucolytique.<\/p>\n<p>En diffusion ou massage sur la poitrine, le dos ou les pieds, d\u00e9congestionnant, expectorant, mucolytique, l'eucalyptus officinale lib\u00e8re les voies respiratoires, att\u00e9nue le mucus et att\u00e9nue la toux.<\/p>\n<p>Pour les enfants, appliquer de l\u2019eucalyptus officinale dilu\u00e9 \u00e0 90% dans une huile de massage neutre, \u00e0 appliquer dans la plante des pieds pour les plus jeunes.<\/p>\n<p>&nbsp;<\/p>","protected":false},"excerpt":{"rendered":"<p>Breathing By thinning the breathing, the oil restores inner harmony and balance; it stimulates and gives energy. The mind becomes clearer, for better concentration. Comforting, it restores motivation. Decongestant, expectorant, mucolytic. In diffusion or massage on the chest, the back or the feet, decongestant, expectorant, mucolytic, the eucalyptus officinale releases the airways, attenuates the mucus [&hellip;]<\/p>\n","protected":false},"featured_media":0,"comment_status":"open","ping_status":"closed","template":"","meta":{"om_disable_all_campaigns":false,"_monsterinsights_skip_tracking":false,"_monsterinsights_sitenote_active":false,"_monsterinsights_sitenote_note":"","_monsterinsights_sitenote_category":0},"product_brand":[],"product_cat":[107],"product_tag":[183],"mwb_booking_cost":[],"mwb_booking_service":[],"class_list":{"0":"post-22896","1":"product","2":"type-product","3":"status-publish","5":"product_cat-other-others-products-essentials-oils","6":"product_tag-zayat-aroma","9":"instock","10":"shipping-taxable","11":"purchasable","12":"product-type-simple","13":"product-grid-view"},"aioseo_notices":[],"_links":{"self":[{"href":"https:\/\/posana.com\/fr\/wp-json\/wp\/v2\/product\/22896","targetHints":{"allow":["GET"]}}],"collection":[{"href":"https:\/\/posana.com\/fr\/wp-json\/wp\/v2\/product"}],"about":[{"href":"https:\/\/posana.com\/fr\/wp-json\/wp\/v2\/types\/product"}],"replies":[{"embeddable":true,"href":"https:\/\/posana.com\/fr\/wp-json\/wp\/v2\/comments?post=22896"}],"version-history":[{"count":2,"href":"https:\/\/posana.com\/fr\/wp-json\/wp\/v2\/product\/22896\/revisions"}],"predecessor-version":[{"id":24639,"href":"https:\/\/posana.com\/fr\/wp-json\/wp\/v2\/product\/22896\/revisions\/24639"}],"wp:attachment":[{"href":"https:\/\/posana.com\/fr\/wp-json\/wp\/v2\/media?parent=22896"}],"wp:term":[{"taxonomy":"product_brand","embeddable":true,"href":"https:\/\/posana.com\/fr\/wp-json\/wp\/v2\/product_brand?post=22896"},{"taxonomy":"product_cat","embeddable":true,"href":"https:\/\/posana.com\/fr\/wp-json\/wp\/v2\/product_cat?post=22896"},{"taxonomy":"product_tag","embeddable":true,"href":"https:\/\/posana.com\/fr\/wp-json\/wp\/v2\/product_tag?post=22896"},{"taxonomy":"mwb_booking_cost","embeddable":true,"href":"https:\/\/posana.com\/fr\/wp-json\/wp\/v2\/mwb_booking_cost?post=22896"},{"taxonomy":"mwb_booking_service","embeddable":true,"href":"https:\/\/posana.com\/fr\/wp-json\/wp\/v2\/mwb_booking_service?post=22896"}],"curies":[{"name":"wp","href":"https:\/\/api.w.org\/{rel}","templated":true}]}}