{"id":22895,"date":"2024-12-25T19:24:41","date_gmt":"2024-12-25T19:24:41","guid":{"rendered":"https:\/\/posana.com\/?post_type=product&#038;p=22895"},"modified":"2025-03-04T11:25:52","modified_gmt":"2025-03-04T11:25:52","slug":"essential-oligo-concentrate-50ml","status":"publish","type":"product","link":"https:\/\/posana.com\/fr\/produit\/essential-oligo-concentrate-50ml\/","title":{"rendered":"Oligo-Elements Essentiel"},"content":{"rendered":"<p><strong>Application:<\/strong><\/p>\n<p>Le matin et le soir, sur peau propre et s\u00e8che, appliquer quelques gouttes seules ou en synergie avec le(s) Bioarome adapt\u00e9(s). Peut aussi s\u2019utiliser en synergie avec le Bio-Gommage Lissage instantan\u00e9 et le Physiomasque Global.<\/p>\n<p><strong>Conseil:<\/strong>\u00a0Proc\u00e9der au nettoyage et d\u00e9maquillage avec les nettoyants et d\u00e9maquillants Physiodermie. Soins sp\u00e9cifiques : choisissez l\u2019\u00e9mulsion correspondante \u00e0 votre peau et n\u2019h\u00e9sitez pas \u00e0 y ajouter un Bioarome ou un autre booster afin de traiter un besoin cibl\u00e9.<\/p>\n<p><strong>Avantages :<\/strong><br \/>\n(1) Riche en min\u00e9raux, oligo \u00e9l\u00e9ments, vitamins et collag\u00e8ne, (2) Sensation tr\u00e8s douce et agr\u00e9able \u00e0 l\u2019application, (3) Laisse un film protecteur doux \u00e0 la surface de la peau, (4) Coup d\u2019\u00e9clat imm\u00e9diat pour les peaux d\u00e9vitalis\u00e9es (5) Estompe les signes de fatigue.<\/p>\n<p><strong>Ingr\u00e9dients:<\/strong><\/p>\n<p>Aqua (Water), Glycerin, Propylene Glycol, Polysorbate 20, Algin, Hydrogenated Starch Hydrolysate, Yeast Extract, Soluble Collagen, Fucus Vesiculosus Extract, Polyquaternium-51, Methylglucoside Phosphate, Copper Lysinate\/Prolinate, Alpha-Glucan Oligosaccharide, Urea, Saccharide Hydrolysate, Glycine, Alanine, Creatine, Magnesium Aspartate, Parfum (Fragrance), Phenoxyethanol, Ethylhexylglycerin, Butylene Glycol, 1,2-Hexanediol, Caprylhydroxamic Acid, Citric Acid, Sodium Benzoate, Benzyl Alcohol, Dehydroacetic Acid, Sodium Phosphate, Cinnamyl Alcohol, Geraniol, Butylphenyl Methylpropional, Benzyl Benzoate, Citronellol, Hexyl Cinnamal, Hydroxyisohexyl 3-Cyclohexene Carboxaldehyde, Alpha-Isomethyl Ionone.<\/p>\n<p>*Nos formules pouvant \u00eatre amen\u00e9es \u00e0 \u00e9voluer, veuillez vous reporter \u00e9galement \u00e0 la liste d\u2019ingr\u00e9dients figurant sur l\u2019emballage du produit et faisant seule foi.<\/p>","protected":false},"excerpt":{"rendered":"<p><strong>For all skin types. Hydrating, Anti-Aging, Vivifying.<\/strong><\/p>\n<p>Reinforces the texture of the epidermis with a film-forming complex to isolate it from external aggressions. Reduces signs of fatigue and revitalizes the skin. Restores a healthy and luminous complexion.<\/p>\n<p>[ 50 ml ]<\/p>\n","protected":false},"featured_media":23199,"comment_status":"open","ping_status":"closed","template":"","meta":{"om_disable_all_campaigns":false,"_monsterinsights_skip_tracking":false,"_monsterinsights_sitenote_active":false,"_monsterinsights_sitenote_note":"","_monsterinsights_sitenote_category":0},"product_brand":[],"product_cat":[130,160,158,61],"product_tag":[170],"mwb_booking_cost":[],"mwb_booking_service":[],"class_list":{"0":"post-22895","1":"product","2":"type-product","3":"status-publish","4":"has-post-thumbnail","6":"product_cat-booster","7":"product_cat-glow","8":"product_cat-routines","9":"product_cat-skin-care-products","10":"product_tag-physiodermie","13":"instock","14":"shipping-taxable","15":"purchasable","16":"product-type-simple","17":"product-grid-view"},"aioseo_notices":[],"_links":{"self":[{"href":"https:\/\/posana.com\/fr\/wp-json\/wp\/v2\/product\/22895","targetHints":{"allow":["GET"]}}],"collection":[{"href":"https:\/\/posana.com\/fr\/wp-json\/wp\/v2\/product"}],"about":[{"href":"https:\/\/posana.com\/fr\/wp-json\/wp\/v2\/types\/product"}],"replies":[{"embeddable":true,"href":"https:\/\/posana.com\/fr\/wp-json\/wp\/v2\/comments?post=22895"}],"version-history":[{"count":4,"href":"https:\/\/posana.com\/fr\/wp-json\/wp\/v2\/product\/22895\/revisions"}],"predecessor-version":[{"id":24813,"href":"https:\/\/posana.com\/fr\/wp-json\/wp\/v2\/product\/22895\/revisions\/24813"}],"wp:featuredmedia":[{"embeddable":true,"href":"https:\/\/posana.com\/fr\/wp-json\/wp\/v2\/media\/23199"}],"wp:attachment":[{"href":"https:\/\/posana.com\/fr\/wp-json\/wp\/v2\/media?parent=22895"}],"wp:term":[{"taxonomy":"product_brand","embeddable":true,"href":"https:\/\/posana.com\/fr\/wp-json\/wp\/v2\/product_brand?post=22895"},{"taxonomy":"product_cat","embeddable":true,"href":"https:\/\/posana.com\/fr\/wp-json\/wp\/v2\/product_cat?post=22895"},{"taxonomy":"product_tag","embeddable":true,"href":"https:\/\/posana.com\/fr\/wp-json\/wp\/v2\/product_tag?post=22895"},{"taxonomy":"mwb_booking_cost","embeddable":true,"href":"https:\/\/posana.com\/fr\/wp-json\/wp\/v2\/mwb_booking_cost?post=22895"},{"taxonomy":"mwb_booking_service","embeddable":true,"href":"https:\/\/posana.com\/fr\/wp-json\/wp\/v2\/mwb_booking_service?post=22895"}],"curies":[{"name":"wp","href":"https:\/\/api.w.org\/{rel}","templated":true}]}}