{"id":22644,"date":"2024-12-24T14:17:51","date_gmt":"2024-12-24T14:17:51","guid":{"rendered":"https:\/\/posana.com\/?post_type=product&#038;p=22644"},"modified":"2025-02-09T19:56:55","modified_gmt":"2025-02-09T19:56:55","slug":"sensitive-skin-emulsion-50ml","status":"publish","type":"product","link":"https:\/\/posana.com\/fr\/produit\/sensitive-skin-emulsion-50ml\/","title":{"rendered":"Emulsion Peau Sensible"},"content":{"rendered":"<div>\n<p>R\u00e9\u00e9quilibre le pH et rajeunit l'\u00e9piderme. Favorise le proc\u00e8de naturel du renouvellement cellulaire. Avec une application r\u00e9guli\u00e8re, la peau se sentira \u00e9nergis\u00e9e et vitalis\u00e9e.<\/p>\n<\/div>\n<div class=\"benefits\">\n<h4>AVANTAGES<\/h4>\n<ul>\n<li>Fournit confort et humidit\u00e9 naturelle \u00e0 la peau sensible.<\/li>\n<li>Calme l'\u00e9piderme, apaise l'inconfort cutan\u00e9.<\/li>\n<li>Remplit la barri\u00e8re hydro-lipidique.<\/li>\n<li>\u00a0Protecteur parfait et hydratant avant l'application de maquillage.<\/li>\n<\/ul>\n<\/div>\n<p>Recommended for sensitive red skin that burns easily in the sun.<\/p>\n<ul class=\"tabs wc-tabs\">\n<li class=\"description_tab active\"><span style=\"color: #000000;\"><strong><a style=\"color: #000000;\" href=\"https:\/\/physiodermie.com\/product\/equilibre-ph-sensitive-skin-emulsion\/#tab-description\">COMMENT UTILISER<\/a><\/strong><\/span><\/li>\n<\/ul>\n<div id=\"tab-description\" class=\"woocommerce-Tabs-panel woocommerce-Tabs-panel--description panel entry-content wc-tab\">\n<p>Cleanse the face with the Deep Cleansing Milk and\/or the Shower Hydrating Milk SL and follow with the Stabilizing Lotion. Apply the Sensitive Skin Emulsion on the face and neck and massage gently to until total penetration. Twice daily, morning and night.<br \/>\nCan also be used in combination with the Bioarome CN (Soothing) or Bioarome FL (Anti-redness). Mix in 5-10 drops of these Bioaromes with Sensitive Skin Emulsion or use in layers starting with the Bioaromes.<\/p>\n<ul class=\"tabs wc-tabs\">\n<li class=\"0_tab active\"><span style=\"color: #000000;\"><strong><a style=\"color: #000000;\" href=\"https:\/\/physiodermie.com\/product\/equilibre-ph-sensitive-skin-emulsion\/#tab-0\">INGR\u00c9DIENTS KEY<\/a><\/strong><\/span><\/li>\n<\/ul>\n<div id=\"tab-0\" class=\"woocommerce-Tabs-panel woocommerce-Tabs-panel--0 panel entry-content wc-tab\">\n<ul>\n<li>Exclusive PCbG.complex<\/li>\n<li>Vegetal Natural lipidic Complex: Borrage, Shea Butter, Sesame, Squalane from olive (essential fatty acid omega 3 and 6, oleic acid, phytosterols)<\/li>\n<li>Glycyrrhetinic acid (extracted from the licorice root).<\/li>\n<li>Titrated plant extracts: Yarrow, Chamomile, Witch Hazel<\/li>\n<li>Vitamin E derivative\n<ul class=\"tabs wc-tabs\">\n<li class=\"1_tab active\"><span style=\"color: #000000;\"><strong><a style=\"color: #000000;\" href=\"https:\/\/physiodermie.com\/product\/equilibre-ph-sensitive-skin-emulsion\/#tab-1\">TECHNOLOGIES<\/a><\/strong><\/span><\/li>\n<\/ul>\n<div id=\"tab-1\" class=\"woocommerce-Tabs-panel woocommerce-Tabs-panel--1 panel entry-content wc-tab\">\n<ul>\n<li>Micro-encapsulated (MEIMA) complex specific for sensitive skin care;<\/li>\n<li>E3C concept Balancing, revitalizing, protecting.<\/li>\n<\/ul>\n<\/div>\n<\/li>\n<\/ul>\n<\/div>\n<\/div>","protected":false},"excerpt":{"rendered":"<p>Rebalances the pH and rejuvenates the epidermis. Favors the natural proccess of cell renewal. With a regular application, the skin will feel energized and vitalized. BENEFITS Provides comfort and natural moisture to sensitive skin. Calms the epidermis, soothes cutaneous discomfort. Replenishes the hydro-lipidic barrier. \u00a0Perfect protector and moisturizer before make-up application. Recommended for sensitive red [&hellip;]<\/p>\n","protected":false},"featured_media":22690,"comment_status":"open","ping_status":"closed","template":"","meta":{"om_disable_all_campaigns":false,"_monsterinsights_skip_tracking":false,"_monsterinsights_sitenote_active":false,"_monsterinsights_sitenote_note":"","_monsterinsights_sitenote_category":0},"product_brand":[186],"product_cat":[133,158,164,61],"product_tag":[170],"mwb_booking_cost":[],"mwb_booking_service":[],"class_list":{"0":"post-22644","1":"product","2":"type-product","3":"status-publish","4":"has-post-thumbnail","6":"product_brand-physiodermie","7":"product_cat-emulsions","8":"product_cat-routines","9":"product_cat-sensitive","10":"product_cat-skin-care-products","11":"product_tag-physiodermie","14":"instock","15":"shipping-taxable","16":"purchasable","17":"product-type-simple","18":"product-grid-view"},"aioseo_notices":[],"_links":{"self":[{"href":"https:\/\/posana.com\/fr\/wp-json\/wp\/v2\/product\/22644","targetHints":{"allow":["GET"]}}],"collection":[{"href":"https:\/\/posana.com\/fr\/wp-json\/wp\/v2\/product"}],"about":[{"href":"https:\/\/posana.com\/fr\/wp-json\/wp\/v2\/types\/product"}],"replies":[{"embeddable":true,"href":"https:\/\/posana.com\/fr\/wp-json\/wp\/v2\/comments?post=22644"}],"version-history":[{"count":2,"href":"https:\/\/posana.com\/fr\/wp-json\/wp\/v2\/product\/22644\/revisions"}],"predecessor-version":[{"id":22691,"href":"https:\/\/posana.com\/fr\/wp-json\/wp\/v2\/product\/22644\/revisions\/22691"}],"wp:featuredmedia":[{"embeddable":true,"href":"https:\/\/posana.com\/fr\/wp-json\/wp\/v2\/media\/22690"}],"wp:attachment":[{"href":"https:\/\/posana.com\/fr\/wp-json\/wp\/v2\/media?parent=22644"}],"wp:term":[{"taxonomy":"product_brand","embeddable":true,"href":"https:\/\/posana.com\/fr\/wp-json\/wp\/v2\/product_brand?post=22644"},{"taxonomy":"product_cat","embeddable":true,"href":"https:\/\/posana.com\/fr\/wp-json\/wp\/v2\/product_cat?post=22644"},{"taxonomy":"product_tag","embeddable":true,"href":"https:\/\/posana.com\/fr\/wp-json\/wp\/v2\/product_tag?post=22644"},{"taxonomy":"mwb_booking_cost","embeddable":true,"href":"https:\/\/posana.com\/fr\/wp-json\/wp\/v2\/mwb_booking_cost?post=22644"},{"taxonomy":"mwb_booking_service","embeddable":true,"href":"https:\/\/posana.com\/fr\/wp-json\/wp\/v2\/mwb_booking_service?post=22644"}],"curies":[{"name":"wp","href":"https:\/\/api.w.org\/{rel}","templated":true}]}}