{"id":22642,"date":"2024-12-24T14:17:51","date_gmt":"2024-12-24T14:17:51","guid":{"rendered":"https:\/\/posana.com\/?post_type=product&#038;p=22642"},"modified":"2025-01-29T20:49:46","modified_gmt":"2025-01-29T20:49:46","slug":"seaweed-firming-bath-oil-wrap-100ml","status":"publish","type":"product","link":"https:\/\/posana.com\/fr\/produit\/seaweed-firming-bath-oil-wrap-100ml\/","title":{"rendered":"Huile de bain de firmage d'algues (Wrap) 100ml"},"content":{"rendered":"<p>Bain d\u00e9toxifiant et raffermissant Cellulite et bain de traitement d\u00e9toxifiant qui active la circulation et stimule les \u00e9changes cutan\u00e9s. Combat le rel\u00e2chement cutan\u00e9. Fournit l\u2019\u00e9lasticit\u00e9 naturelle de la peau. Efficace pour lisser la cellulite (\u00e9corce d'orange). L'utilisation r\u00e9guli\u00e8re en synergie avec l'huile essentielle de bain appropri\u00e9e produira des r\u00e9sultats plus rapides et plus durables.Types de peau Celluite superficielle Flaccide, peau vieillissante Toxines superficielles dans la peau<\/p>","protected":false},"excerpt":{"rendered":"<p>Detoxifying and firming bath Cellulite and detoxifying treatment bath that activates circulation and stimulates cutaneous exchanges. Fights cutaneous looseness. Provides the skin&#8217;s natural elasticity. Effective in smoothing out cellulite (orange peel). Regular use in synergy with the appropriate Essential Bath Oil will produce faster and longer lasting results.Skin Types Superficial cellulite Flaccid, aging skin Superficial [&hellip;]<\/p>\n","protected":false},"featured_media":22675,"comment_status":"open","ping_status":"closed","template":"","meta":{"om_disable_all_campaigns":false,"_monsterinsights_skip_tracking":false,"_monsterinsights_sitenote_active":false,"_monsterinsights_sitenote_note":"","_monsterinsights_sitenote_category":0},"product_brand":[],"product_cat":[100],"product_tag":[183],"mwb_booking_cost":[],"mwb_booking_service":[],"class_list":{"0":"post-22642","1":"product","2":"type-product","3":"status-publish","4":"has-post-thumbnail","6":"product_cat-other-therapeutic-synergies","7":"product_tag-zayat-aroma","10":"instock","11":"shipping-taxable","12":"purchasable","13":"product-type-simple","14":"product-grid-view"},"aioseo_notices":[],"_links":{"self":[{"href":"https:\/\/posana.com\/fr\/wp-json\/wp\/v2\/product\/22642","targetHints":{"allow":["GET"]}}],"collection":[{"href":"https:\/\/posana.com\/fr\/wp-json\/wp\/v2\/product"}],"about":[{"href":"https:\/\/posana.com\/fr\/wp-json\/wp\/v2\/types\/product"}],"replies":[{"embeddable":true,"href":"https:\/\/posana.com\/fr\/wp-json\/wp\/v2\/comments?post=22642"}],"version-history":[{"count":2,"href":"https:\/\/posana.com\/fr\/wp-json\/wp\/v2\/product\/22642\/revisions"}],"predecessor-version":[{"id":22676,"href":"https:\/\/posana.com\/fr\/wp-json\/wp\/v2\/product\/22642\/revisions\/22676"}],"wp:featuredmedia":[{"embeddable":true,"href":"https:\/\/posana.com\/fr\/wp-json\/wp\/v2\/media\/22675"}],"wp:attachment":[{"href":"https:\/\/posana.com\/fr\/wp-json\/wp\/v2\/media?parent=22642"}],"wp:term":[{"taxonomy":"product_brand","embeddable":true,"href":"https:\/\/posana.com\/fr\/wp-json\/wp\/v2\/product_brand?post=22642"},{"taxonomy":"product_cat","embeddable":true,"href":"https:\/\/posana.com\/fr\/wp-json\/wp\/v2\/product_cat?post=22642"},{"taxonomy":"product_tag","embeddable":true,"href":"https:\/\/posana.com\/fr\/wp-json\/wp\/v2\/product_tag?post=22642"},{"taxonomy":"mwb_booking_cost","embeddable":true,"href":"https:\/\/posana.com\/fr\/wp-json\/wp\/v2\/mwb_booking_cost?post=22642"},{"taxonomy":"mwb_booking_service","embeddable":true,"href":"https:\/\/posana.com\/fr\/wp-json\/wp\/v2\/mwb_booking_service?post=22642"}],"curies":[{"name":"wp","href":"https:\/\/api.w.org\/{rel}","templated":true}]}}