{"id":22641,"date":"2024-12-24T14:17:51","date_gmt":"2024-12-24T14:17:51","guid":{"rendered":"https:\/\/posana.com\/?post_type=product&#038;p=22641"},"modified":"2025-01-07T21:00:10","modified_gmt":"2025-01-07T21:00:10","slug":"sclupting-bioarome-cel-50ml","status":"publish","type":"product","link":"https:\/\/posana.com\/fr\/produit\/sclupting-bioarome-cel-50ml\/","title":{"rendered":"Sclupting Bioarome (CEL) 50ml"},"content":{"rendered":"<p>Traitement de la cellulite S\u00e9rum concentr\u00e9 qui se d\u00e9compose et \u00e9limine les d\u00e9p\u00f4ts de graisse exc\u00e9dentaires (cellulite compacte). Sa forte concentration d'actifs minceur en fait un puissant sculpteur du corps. Lutte contre l'accumulation excessive de graisse et de cellulite (\u00e9corce d'orange). Pour des r\u00e9sultats maximaux, utilisez avant l'application du Gel de forme corporelle.<\/p>","protected":false},"excerpt":{"rendered":"<p>Traitement de la cellulite S\u00e9rum concentr\u00e9 qui se d\u00e9compose et \u00e9limine les d\u00e9p\u00f4ts de graisse exc\u00e9dentaires (cellulite compacte). Sa forte concentration d'actifs minceur en fait un puissant sculpteur du corps. Lutte contre l'accumulation excessive de graisse et de cellulite (\u00e9corce d'orange). Pour des r\u00e9sultats maximaux, utilisez avant l'application du Gel de forme corporelle.<\/p>","protected":false},"featured_media":22673,"comment_status":"open","ping_status":"closed","template":"","meta":{"om_disable_all_campaigns":false,"_monsterinsights_skip_tracking":false,"_monsterinsights_sitenote_active":false,"_monsterinsights_sitenote_note":"","_monsterinsights_sitenote_category":0},"product_brand":[],"product_cat":[132,61],"product_tag":[],"mwb_booking_cost":[],"mwb_booking_service":[],"class_list":{"0":"post-22641","1":"product","2":"type-product","3":"status-publish","4":"has-post-thumbnail","6":"product_cat-serums","7":"product_cat-skin-care-products","10":"instock","11":"shipping-taxable","12":"purchasable","13":"product-type-simple","14":"product-grid-view"},"aioseo_notices":[],"_links":{"self":[{"href":"https:\/\/posana.com\/fr\/wp-json\/wp\/v2\/product\/22641","targetHints":{"allow":["GET"]}}],"collection":[{"href":"https:\/\/posana.com\/fr\/wp-json\/wp\/v2\/product"}],"about":[{"href":"https:\/\/posana.com\/fr\/wp-json\/wp\/v2\/types\/product"}],"replies":[{"embeddable":true,"href":"https:\/\/posana.com\/fr\/wp-json\/wp\/v2\/comments?post=22641"}],"version-history":[{"count":2,"href":"https:\/\/posana.com\/fr\/wp-json\/wp\/v2\/product\/22641\/revisions"}],"predecessor-version":[{"id":22674,"href":"https:\/\/posana.com\/fr\/wp-json\/wp\/v2\/product\/22641\/revisions\/22674"}],"wp:featuredmedia":[{"embeddable":true,"href":"https:\/\/posana.com\/fr\/wp-json\/wp\/v2\/media\/22673"}],"wp:attachment":[{"href":"https:\/\/posana.com\/fr\/wp-json\/wp\/v2\/media?parent=22641"}],"wp:term":[{"taxonomy":"product_brand","embeddable":true,"href":"https:\/\/posana.com\/fr\/wp-json\/wp\/v2\/product_brand?post=22641"},{"taxonomy":"product_cat","embeddable":true,"href":"https:\/\/posana.com\/fr\/wp-json\/wp\/v2\/product_cat?post=22641"},{"taxonomy":"product_tag","embeddable":true,"href":"https:\/\/posana.com\/fr\/wp-json\/wp\/v2\/product_tag?post=22641"},{"taxonomy":"mwb_booking_cost","embeddable":true,"href":"https:\/\/posana.com\/fr\/wp-json\/wp\/v2\/mwb_booking_cost?post=22641"},{"taxonomy":"mwb_booking_service","embeddable":true,"href":"https:\/\/posana.com\/fr\/wp-json\/wp\/v2\/mwb_booking_service?post=22641"}],"curies":[{"name":"wp","href":"https:\/\/api.w.org\/{rel}","templated":true}]}}