{"id":22640,"date":"2024-12-24T14:17:51","date_gmt":"2024-12-24T14:17:51","guid":{"rendered":"https:\/\/posana.com\/?post_type=product&#038;p=22640"},"modified":"2025-01-30T16:34:28","modified_gmt":"2025-01-30T16:34:28","slug":"strong-light-treatment-exclusive-repagen-treatment-from-klapp","status":"publish","type":"product","link":"https:\/\/posana.com\/fr\/produit\/strong-light-treatment-exclusive-repagen-treatment-from-klapp\/","title":{"rendered":"TRAITEMENT DE TRAITEMENT DE LA LUMI\u00c8RE \u2013 REPAGE EXCLUSIF \u00ae TRAITEMENT DE LA LIMIT\u00c9 DE LA LIMIT\u00c9"},"content":{"rendered":"<p>La proc\u00e9dure anti-\u00e2ge innovante stimule intens\u00e9ment les fonctions auto-r\u00e9g\u00e9n\u00e9ratives de la peau. La s\u00e9lection unique d'ingr\u00e9dients actifs stimule la synth\u00e8se du collag\u00e8ne et de l'\u00e9lastine, des glycosaminoglycanes, de l'acide hyaluronique, de la lamine-5 et d'autres composants de construction derme et \u00e9piderme importants pour son apparence jeune. Le traitement est destin\u00e9 \u00e0 la peau mature apr\u00e8s 45 ans. gris, rugueux, mal nourris, sous-oxyg\u00e9n\u00e9s avec perte d'\u00e9lasticit\u00e9. Un compl\u00e9ment parfait au traitement est le soin de la peau \u00e0 domicile avec les pr\u00e9parations suivantes: Cr\u00e8me Anti-Vieillissement Global, Soins aux yeux Riches ou un s\u00e9rum.<\/p>","protected":false},"excerpt":{"rendered":"<p>The innovative anti-aging procedure intensively stimulates the self-regenerative functions of the skin. The unique selection of active ingredients stimulates the synthesis of collagen and elastin, glycosaminoglycans, hyaluronic acid, lamin-5 and other dermis and epidermis building ingredients important for its youthful appearance. The treatment is intended for mature skin after 45 years. grey, rough, malnourished, under-oxygenated [&hellip;]<\/p>\n","protected":false},"featured_media":0,"comment_status":"open","ping_status":"closed","template":"","meta":{"om_disable_all_campaigns":false,"_monsterinsights_skip_tracking":false,"_monsterinsights_sitenote_active":false,"_monsterinsights_sitenote_note":"","_monsterinsights_sitenote_category":0},"product_brand":[],"product_cat":[139,142],"product_tag":[],"mwb_booking_cost":[],"mwb_booking_service":[],"class_list":{"0":"post-22640","1":"product","2":"type-product","3":"status-publish","5":"product_cat-services","6":"product_cat-skin-care-treatment","9":"instock","10":"shipping-taxable","11":"purchasable","12":"product-type-simple","13":"product-grid-view"},"aioseo_notices":[],"_links":{"self":[{"href":"https:\/\/posana.com\/fr\/wp-json\/wp\/v2\/product\/22640","targetHints":{"allow":["GET"]}}],"collection":[{"href":"https:\/\/posana.com\/fr\/wp-json\/wp\/v2\/product"}],"about":[{"href":"https:\/\/posana.com\/fr\/wp-json\/wp\/v2\/types\/product"}],"replies":[{"embeddable":true,"href":"https:\/\/posana.com\/fr\/wp-json\/wp\/v2\/comments?post=22640"}],"version-history":[{"count":3,"href":"https:\/\/posana.com\/fr\/wp-json\/wp\/v2\/product\/22640\/revisions"}],"predecessor-version":[{"id":24656,"href":"https:\/\/posana.com\/fr\/wp-json\/wp\/v2\/product\/22640\/revisions\/24656"}],"wp:attachment":[{"href":"https:\/\/posana.com\/fr\/wp-json\/wp\/v2\/media?parent=22640"}],"wp:term":[{"taxonomy":"product_brand","embeddable":true,"href":"https:\/\/posana.com\/fr\/wp-json\/wp\/v2\/product_brand?post=22640"},{"taxonomy":"product_cat","embeddable":true,"href":"https:\/\/posana.com\/fr\/wp-json\/wp\/v2\/product_cat?post=22640"},{"taxonomy":"product_tag","embeddable":true,"href":"https:\/\/posana.com\/fr\/wp-json\/wp\/v2\/product_tag?post=22640"},{"taxonomy":"mwb_booking_cost","embeddable":true,"href":"https:\/\/posana.com\/fr\/wp-json\/wp\/v2\/mwb_booking_cost?post=22640"},{"taxonomy":"mwb_booking_service","embeddable":true,"href":"https:\/\/posana.com\/fr\/wp-json\/wp\/v2\/mwb_booking_service?post=22640"}],"curies":[{"name":"wp","href":"https:\/\/api.w.org\/{rel}","templated":true}]}}