{"id":22637,"date":"2024-12-24T14:17:51","date_gmt":"2024-12-24T14:17:51","guid":{"rendered":"https:\/\/posana.com\/?post_type=product&#038;p=22637"},"modified":"2024-12-24T15:25:23","modified_gmt":"2024-12-24T15:25:23","slug":"revive7-lash-and-brow-serum-5ml","status":"publish","type":"product","link":"https:\/\/posana.com\/fr\/produit\/revive7-lash-and-brow-serum-5ml\/","title":{"rendered":"Revive7 Lash et Brow Serum 5ml"},"content":{"rendered":"<p>Revive7 Lash Serum: la solution r\u00e9volutionnaire pour les cils visiblement plus complets et plus \u00e9pais en seulement 7-28 jours. Lanc\u00e9e en 2012, notre formule ne contient que 7 ingr\u00e9dients propres, offrant des r\u00e9sultats significatifs sans additifs nocifs. Test\u00e9 cliniquement, dermatologue recommand\u00e9, sans cruaut\u00e9 et v\u00e9g\u00e9talien, c\u2019est le choix s\u00fbr et efficace pour am\u00e9liorer vos cils. Fi\u00e8rement canadienne dans une bouteille de 5 ml, Revive7 Lash Serum est votre cl\u00e9 pour la beaut\u00e9 naturelle et captivante.<\/p>\n<div><\/div>","protected":false},"excerpt":{"rendered":"<p>Introducing Revive7 Lash Serum: the breakthrough solution for visibly fuller, thicker lashes in just 7-28 days. Launched in 2012, our formula boasts only 7 clean ingredients, delivering significant results without harmful additives. Clinically tested, dermatologist-recommended, cruelty-free, and vegan, it&#8217;s the safe, effective choice for enhancing your lashes. Proudly Canadian-made in a 5 mL bottle, Revive7 [&hellip;]<\/p>\n","protected":false},"featured_media":22666,"comment_status":"open","ping_status":"closed","template":"","meta":{"om_disable_all_campaigns":false,"_monsterinsights_skip_tracking":false,"_monsterinsights_sitenote_active":false,"_monsterinsights_sitenote_note":"","_monsterinsights_sitenote_category":0},"product_brand":[],"product_cat":[63],"product_tag":[],"mwb_booking_cost":[],"mwb_booking_service":[],"class_list":{"0":"post-22637","1":"product","2":"type-product","3":"status-publish","4":"has-post-thumbnail","6":"product_cat-beauty-essentials","9":"instock","10":"shipping-taxable","11":"purchasable","12":"product-type-simple","13":"product-grid-view"},"aioseo_notices":[],"_links":{"self":[{"href":"https:\/\/posana.com\/fr\/wp-json\/wp\/v2\/product\/22637","targetHints":{"allow":["GET"]}}],"collection":[{"href":"https:\/\/posana.com\/fr\/wp-json\/wp\/v2\/product"}],"about":[{"href":"https:\/\/posana.com\/fr\/wp-json\/wp\/v2\/types\/product"}],"replies":[{"embeddable":true,"href":"https:\/\/posana.com\/fr\/wp-json\/wp\/v2\/comments?post=22637"}],"version-history":[{"count":3,"href":"https:\/\/posana.com\/fr\/wp-json\/wp\/v2\/product\/22637\/revisions"}],"predecessor-version":[{"id":22668,"href":"https:\/\/posana.com\/fr\/wp-json\/wp\/v2\/product\/22637\/revisions\/22668"}],"wp:featuredmedia":[{"embeddable":true,"href":"https:\/\/posana.com\/fr\/wp-json\/wp\/v2\/media\/22666"}],"wp:attachment":[{"href":"https:\/\/posana.com\/fr\/wp-json\/wp\/v2\/media?parent=22637"}],"wp:term":[{"taxonomy":"product_brand","embeddable":true,"href":"https:\/\/posana.com\/fr\/wp-json\/wp\/v2\/product_brand?post=22637"},{"taxonomy":"product_cat","embeddable":true,"href":"https:\/\/posana.com\/fr\/wp-json\/wp\/v2\/product_cat?post=22637"},{"taxonomy":"product_tag","embeddable":true,"href":"https:\/\/posana.com\/fr\/wp-json\/wp\/v2\/product_tag?post=22637"},{"taxonomy":"mwb_booking_cost","embeddable":true,"href":"https:\/\/posana.com\/fr\/wp-json\/wp\/v2\/mwb_booking_cost?post=22637"},{"taxonomy":"mwb_booking_service","embeddable":true,"href":"https:\/\/posana.com\/fr\/wp-json\/wp\/v2\/mwb_booking_service?post=22637"}],"curies":[{"name":"wp","href":"https:\/\/api.w.org\/{rel}","templated":true}]}}