{"id":22636,"date":"2024-12-24T14:17:51","date_gmt":"2024-12-24T14:17:51","guid":{"rendered":"https:\/\/posana.com\/?post_type=product&#038;p=22636"},"modified":"2025-01-07T20:59:56","modified_gmt":"2025-01-07T20:59:56","slug":"revitalizing-bioarome-rc-50ml","status":"publish","type":"product","link":"https:\/\/posana.com\/fr\/produit\/revitalizing-bioarome-rc-50ml\/","title":{"rendered":"Revitalizing Bioarome (RC) 50ml"},"content":{"rendered":"<p>S\u00e9rum pour peau rid\u00e9e, d\u00e9vitalis\u00e9e et fatigu\u00e9e S\u00e9rum de traitement anti-vieillissement pour peau rid\u00e9e d\u00e9vitalis\u00e9e. Stimule le processus de renouvellement cellulaire et renforce la structure de la peau tout en r\u00e9tablissant sa fermet\u00e9 naturelle. Peut \u00eatre utilis\u00e9 en conjonction avec la cr\u00e8me de levage Optimum ou la cr\u00e8me toner.Types de peau wrinkled, d\u00e9vitalis\u00e9, d\u00e9shydrat\u00e9 et mature. Rides, vieilles cicatrices, vergetures.<\/p>","protected":false},"excerpt":{"rendered":"<p>Serum for wrinkled, devitalized and tired skin Anti-aging treatment serum for devitalized wrinkled skin. Stimulates the cellular renewal process and reinforces the structure of the skin while restoring its natural firmness. Can be used in conjunction with the Optimum Lift Cream or the Toner Cream.Skin Types Wrinkled, devitalized, dehydrated and mature skin. Wrinkles, old scars, [&hellip;]<\/p>\n","protected":false},"featured_media":22665,"comment_status":"open","ping_status":"closed","template":"","meta":{"om_disable_all_campaigns":false,"_monsterinsights_skip_tracking":false,"_monsterinsights_sitenote_active":false,"_monsterinsights_sitenote_note":"","_monsterinsights_sitenote_category":0},"product_brand":[],"product_cat":[132,61],"product_tag":[],"mwb_booking_cost":[],"mwb_booking_service":[],"class_list":{"0":"post-22636","1":"product","2":"type-product","3":"status-publish","4":"has-post-thumbnail","6":"product_cat-serums","7":"product_cat-skin-care-products","10":"instock","11":"shipping-taxable","12":"purchasable","13":"product-type-simple","14":"product-grid-view"},"aioseo_notices":[],"_links":{"self":[{"href":"https:\/\/posana.com\/fr\/wp-json\/wp\/v2\/product\/22636","targetHints":{"allow":["GET"]}}],"collection":[{"href":"https:\/\/posana.com\/fr\/wp-json\/wp\/v2\/product"}],"about":[{"href":"https:\/\/posana.com\/fr\/wp-json\/wp\/v2\/types\/product"}],"replies":[{"embeddable":true,"href":"https:\/\/posana.com\/fr\/wp-json\/wp\/v2\/comments?post=22636"}],"version-history":[{"count":4,"href":"https:\/\/posana.com\/fr\/wp-json\/wp\/v2\/product\/22636\/revisions"}],"predecessor-version":[{"id":22664,"href":"https:\/\/posana.com\/fr\/wp-json\/wp\/v2\/product\/22636\/revisions\/22664"}],"wp:featuredmedia":[{"embeddable":true,"href":"https:\/\/posana.com\/fr\/wp-json\/wp\/v2\/media\/22665"}],"wp:attachment":[{"href":"https:\/\/posana.com\/fr\/wp-json\/wp\/v2\/media?parent=22636"}],"wp:term":[{"taxonomy":"product_brand","embeddable":true,"href":"https:\/\/posana.com\/fr\/wp-json\/wp\/v2\/product_brand?post=22636"},{"taxonomy":"product_cat","embeddable":true,"href":"https:\/\/posana.com\/fr\/wp-json\/wp\/v2\/product_cat?post=22636"},{"taxonomy":"product_tag","embeddable":true,"href":"https:\/\/posana.com\/fr\/wp-json\/wp\/v2\/product_tag?post=22636"},{"taxonomy":"mwb_booking_cost","embeddable":true,"href":"https:\/\/posana.com\/fr\/wp-json\/wp\/v2\/mwb_booking_cost?post=22636"},{"taxonomy":"mwb_booking_service","embeddable":true,"href":"https:\/\/posana.com\/fr\/wp-json\/wp\/v2\/mwb_booking_service?post=22636"}],"curies":[{"name":"wp","href":"https:\/\/api.w.org\/{rel}","templated":true}]}}