{"id":22635,"date":"2024-12-24T14:17:51","date_gmt":"2024-12-24T14:17:51","guid":{"rendered":"https:\/\/posana.com\/?post_type=product&#038;p=22635"},"modified":"2025-01-07T20:57:55","modified_gmt":"2025-01-07T20:57:55","slug":"revitalizing-bioarome-rc-15ml","status":"publish","type":"product","link":"https:\/\/posana.com\/fr\/produit\/revitalizing-bioarome-rc-15ml\/","title":{"rendered":"Revitalisation Bioarome (RC) 15ml"},"content":{"rendered":"<p>S\u00e9rum pour peau rid\u00e9e, d\u00e9vitalis\u00e9e et fatigu\u00e9e S\u00e9rum de traitement anti-vieillissement pour peau rid\u00e9e d\u00e9vitalis\u00e9e. Stimule le processus de renouvellement cellulaire et renforce la structure de la peau tout en r\u00e9tablissant sa fermet\u00e9 naturelle. Peut \u00eatre utilis\u00e9 en conjonction avec la cr\u00e8me de levage Optimum ou la cr\u00e8me de toner.<\/p>","protected":false},"excerpt":{"rendered":"<p>S\u00e9rum pour peau rid\u00e9e, d\u00e9vitalis\u00e9e et fatigu\u00e9e S\u00e9rum de traitement anti-vieillissement pour peau rid\u00e9e d\u00e9vitalis\u00e9e. Stimule le processus de renouvellement cellulaire et renforce la structure de la peau tout en r\u00e9tablissant sa fermet\u00e9 naturelle. Peut \u00eatre utilis\u00e9 en conjonction avec la cr\u00e8me de levage Optimum ou la cr\u00e8me de toner.<\/p>","protected":false},"featured_media":22655,"comment_status":"open","ping_status":"closed","template":"","meta":{"om_disable_all_campaigns":false,"_monsterinsights_skip_tracking":false,"_monsterinsights_sitenote_active":false,"_monsterinsights_sitenote_note":"","_monsterinsights_sitenote_category":0},"product_brand":[],"product_cat":[132,61],"product_tag":[],"mwb_booking_cost":[],"mwb_booking_service":[],"class_list":{"0":"post-22635","1":"product","2":"type-product","3":"status-publish","4":"has-post-thumbnail","6":"product_cat-serums","7":"product_cat-skin-care-products","10":"instock","11":"shipping-taxable","12":"purchasable","13":"product-type-simple","14":"product-grid-view"},"aioseo_notices":[],"_links":{"self":[{"href":"https:\/\/posana.com\/fr\/wp-json\/wp\/v2\/product\/22635","targetHints":{"allow":["GET"]}}],"collection":[{"href":"https:\/\/posana.com\/fr\/wp-json\/wp\/v2\/product"}],"about":[{"href":"https:\/\/posana.com\/fr\/wp-json\/wp\/v2\/types\/product"}],"replies":[{"embeddable":true,"href":"https:\/\/posana.com\/fr\/wp-json\/wp\/v2\/comments?post=22635"}],"version-history":[{"count":2,"href":"https:\/\/posana.com\/fr\/wp-json\/wp\/v2\/product\/22635\/revisions"}],"predecessor-version":[{"id":22656,"href":"https:\/\/posana.com\/fr\/wp-json\/wp\/v2\/product\/22635\/revisions\/22656"}],"wp:featuredmedia":[{"embeddable":true,"href":"https:\/\/posana.com\/fr\/wp-json\/wp\/v2\/media\/22655"}],"wp:attachment":[{"href":"https:\/\/posana.com\/fr\/wp-json\/wp\/v2\/media?parent=22635"}],"wp:term":[{"taxonomy":"product_brand","embeddable":true,"href":"https:\/\/posana.com\/fr\/wp-json\/wp\/v2\/product_brand?post=22635"},{"taxonomy":"product_cat","embeddable":true,"href":"https:\/\/posana.com\/fr\/wp-json\/wp\/v2\/product_cat?post=22635"},{"taxonomy":"product_tag","embeddable":true,"href":"https:\/\/posana.com\/fr\/wp-json\/wp\/v2\/product_tag?post=22635"},{"taxonomy":"mwb_booking_cost","embeddable":true,"href":"https:\/\/posana.com\/fr\/wp-json\/wp\/v2\/mwb_booking_cost?post=22635"},{"taxonomy":"mwb_booking_service","embeddable":true,"href":"https:\/\/posana.com\/fr\/wp-json\/wp\/v2\/mwb_booking_service?post=22635"}],"curies":[{"name":"wp","href":"https:\/\/api.w.org\/{rel}","templated":true}]}}