{"id":22601,"date":"2024-12-24T14:17:49","date_gmt":"2024-12-24T14:17:49","guid":{"rendered":"https:\/\/posana.com\/?post_type=product&#038;p=22601"},"modified":"2025-02-09T21:19:57","modified_gmt":"2025-02-09T21:19:57","slug":"regenerating-oil-50ml-2","status":"publish","type":"product","link":"https:\/\/posana.com\/fr\/produit\/regenerating-oil-50ml-2\/","title":{"rendered":"Huile r\u00e9g\u00e9n\u00e9rante 50ml"},"content":{"rendered":"<p>Pour la peau s\u00e8che, gerc\u00e9e et d\u00e9shydrat\u00e9e. Scars Cette huile de r\u00e9paration de tissus profonds va g\u00e9n\u00e9rer de nouvelles cellules tout en fournissant des suppl\u00e9ments lipidiques naturels \u00e0 la peau. Id\u00e9al pour la peau s\u00e8che, l'ecz\u00e9ma, le psoriasis, les cicatrices r\u00e9centes, les br\u00fblures l\u00e9g\u00e8res, apr\u00e8s la chirurgie de resurfa\u00e7age laser et la microdermabrasion.<\/p>","protected":false},"excerpt":{"rendered":"<p>Pour la peau s\u00e8che, gerc\u00e9e et d\u00e9shydrat\u00e9e. Scars Cette huile de r\u00e9paration de tissus profonds va g\u00e9n\u00e9rer de nouvelles cellules tout en fournissant des suppl\u00e9ments lipidiques naturels \u00e0 la peau. Id\u00e9al pour la peau s\u00e8che, l'ecz\u00e9ma, le psoriasis, les cicatrices r\u00e9centes, les br\u00fblures l\u00e9g\u00e8res, apr\u00e8s la chirurgie de resurfa\u00e7age laser et la microdermabrasion.<\/p>","protected":false},"featured_media":22692,"comment_status":"open","ping_status":"closed","template":"","meta":{"om_disable_all_campaigns":false,"_monsterinsights_skip_tracking":false,"_monsterinsights_sitenote_active":false,"_monsterinsights_sitenote_note":"","_monsterinsights_sitenote_category":0},"product_brand":[186],"product_cat":[107],"product_tag":[170],"mwb_booking_cost":[],"mwb_booking_service":[],"class_list":{"0":"post-22601","1":"product","2":"type-product","3":"status-publish","4":"has-post-thumbnail","6":"product_brand-physiodermie","7":"product_cat-other-others-products-essentials-oils","8":"product_tag-physiodermie","11":"instock","12":"shipping-taxable","13":"purchasable","14":"product-type-simple","15":"product-grid-view"},"aioseo_notices":[],"_links":{"self":[{"href":"https:\/\/posana.com\/fr\/wp-json\/wp\/v2\/product\/22601","targetHints":{"allow":["GET"]}}],"collection":[{"href":"https:\/\/posana.com\/fr\/wp-json\/wp\/v2\/product"}],"about":[{"href":"https:\/\/posana.com\/fr\/wp-json\/wp\/v2\/types\/product"}],"replies":[{"embeddable":true,"href":"https:\/\/posana.com\/fr\/wp-json\/wp\/v2\/comments?post=22601"}],"version-history":[{"count":2,"href":"https:\/\/posana.com\/fr\/wp-json\/wp\/v2\/product\/22601\/revisions"}],"predecessor-version":[{"id":22693,"href":"https:\/\/posana.com\/fr\/wp-json\/wp\/v2\/product\/22601\/revisions\/22693"}],"wp:featuredmedia":[{"embeddable":true,"href":"https:\/\/posana.com\/fr\/wp-json\/wp\/v2\/media\/22692"}],"wp:attachment":[{"href":"https:\/\/posana.com\/fr\/wp-json\/wp\/v2\/media?parent=22601"}],"wp:term":[{"taxonomy":"product_brand","embeddable":true,"href":"https:\/\/posana.com\/fr\/wp-json\/wp\/v2\/product_brand?post=22601"},{"taxonomy":"product_cat","embeddable":true,"href":"https:\/\/posana.com\/fr\/wp-json\/wp\/v2\/product_cat?post=22601"},{"taxonomy":"product_tag","embeddable":true,"href":"https:\/\/posana.com\/fr\/wp-json\/wp\/v2\/product_tag?post=22601"},{"taxonomy":"mwb_booking_cost","embeddable":true,"href":"https:\/\/posana.com\/fr\/wp-json\/wp\/v2\/mwb_booking_cost?post=22601"},{"taxonomy":"mwb_booking_service","embeddable":true,"href":"https:\/\/posana.com\/fr\/wp-json\/wp\/v2\/mwb_booking_service?post=22601"}],"curies":[{"name":"wp","href":"https:\/\/api.w.org\/{rel}","templated":true}]}}