{"id":22598,"date":"2024-12-24T14:17:48","date_gmt":"2024-12-24T14:17:48","guid":{"rendered":"https:\/\/posana.com\/?post_type=product&#038;p=22598"},"modified":"2024-12-25T12:31:44","modified_gmt":"2024-12-25T12:31:44","slug":"real-swarovski-stones","status":"publish","type":"product","link":"https:\/\/posana.com\/fr\/produit\/real-swarovski-stones\/","title":{"rendered":"De vraies pierres Swarovski"},"content":{"rendered":"<p>Ajoutez de vraies pierres Swarovski \u00e0 vos extensions de cils pour un look unique pour des occasions sp\u00e9ciales! Ils sont faits \u00e0 la main et viennent d'Autriche. Chaque disque comprend 12 couleurs. 600 cristaux Swarovski. 50 pierres par couleur.<\/p>","protected":false},"excerpt":{"rendered":"<p>Ajoutez de vraies pierres Swarovski \u00e0 vos extensions de cils pour un look unique pour des occasions sp\u00e9ciales! Ils sont faits \u00e0 la main et viennent d'Autriche. Chaque disque comprend 12 couleurs. 600 cristaux Swarovski. 50 pierres par couleur.<\/p>","protected":false},"featured_media":22789,"comment_status":"open","ping_status":"closed","template":"","meta":{"om_disable_all_campaigns":false,"_monsterinsights_skip_tracking":false,"_monsterinsights_sitenote_active":false,"_monsterinsights_sitenote_note":"","_monsterinsights_sitenote_category":0},"product_brand":[],"product_cat":[55],"product_tag":[],"mwb_booking_cost":[],"mwb_booking_service":[],"class_list":{"0":"post-22598","1":"product","2":"type-product","3":"status-publish","4":"has-post-thumbnail","6":"product_cat-tools-accessories","9":"instock","10":"shipping-taxable","11":"purchasable","12":"product-type-simple","13":"product-grid-view"},"aioseo_notices":[],"_links":{"self":[{"href":"https:\/\/posana.com\/fr\/wp-json\/wp\/v2\/product\/22598","targetHints":{"allow":["GET"]}}],"collection":[{"href":"https:\/\/posana.com\/fr\/wp-json\/wp\/v2\/product"}],"about":[{"href":"https:\/\/posana.com\/fr\/wp-json\/wp\/v2\/types\/product"}],"replies":[{"embeddable":true,"href":"https:\/\/posana.com\/fr\/wp-json\/wp\/v2\/comments?post=22598"}],"version-history":[{"count":2,"href":"https:\/\/posana.com\/fr\/wp-json\/wp\/v2\/product\/22598\/revisions"}],"predecessor-version":[{"id":22790,"href":"https:\/\/posana.com\/fr\/wp-json\/wp\/v2\/product\/22598\/revisions\/22790"}],"wp:featuredmedia":[{"embeddable":true,"href":"https:\/\/posana.com\/fr\/wp-json\/wp\/v2\/media\/22789"}],"wp:attachment":[{"href":"https:\/\/posana.com\/fr\/wp-json\/wp\/v2\/media?parent=22598"}],"wp:term":[{"taxonomy":"product_brand","embeddable":true,"href":"https:\/\/posana.com\/fr\/wp-json\/wp\/v2\/product_brand?post=22598"},{"taxonomy":"product_cat","embeddable":true,"href":"https:\/\/posana.com\/fr\/wp-json\/wp\/v2\/product_cat?post=22598"},{"taxonomy":"product_tag","embeddable":true,"href":"https:\/\/posana.com\/fr\/wp-json\/wp\/v2\/product_tag?post=22598"},{"taxonomy":"mwb_booking_cost","embeddable":true,"href":"https:\/\/posana.com\/fr\/wp-json\/wp\/v2\/mwb_booking_cost?post=22598"},{"taxonomy":"mwb_booking_service","embeddable":true,"href":"https:\/\/posana.com\/fr\/wp-json\/wp\/v2\/mwb_booking_service?post=22598"}],"curies":[{"name":"wp","href":"https:\/\/api.w.org\/{rel}","templated":true}]}}