{"id":22597,"date":"2024-12-24T14:17:48","date_gmt":"2024-12-24T14:17:48","guid":{"rendered":"https:\/\/posana.com\/?post_type=product&#038;p=22597"},"modified":"2025-01-29T20:02:40","modified_gmt":"2025-01-29T20:02:40","slug":"refirme-anti-aging-treatment","status":"publish","type":"product","link":"https:\/\/posana.com\/fr\/produit\/refirme-anti-aging-treatment\/","title":{"rendered":"Traitement anti-vieillissement ReFirme"},"content":{"rendered":"<p><strong>ReFirme \u2122 Skin Tireding &amp; Wrinkle ReFirme est une technologie non invasive et non chirurgicale qui va resserrer votre peau et r\u00e9duire vos rides.<\/strong><\/p>\n<h1><span style=\"font-size: 16px;\"><strong>POURQUOI CHOISIR R\u00c9FIRME<\/strong><strong>\u2122 <\/strong><strong>LASER LIFT<\/strong><\/span><strong><span style=\"font-size: 16px;\">?<\/span><\/strong><\/h1>\n<p>\u00b7 FDA approuv\u00e9 pour le resserrement de la peau et la r\u00e9duction des rides.<\/p>\n<p>\u00b7 Traitement non chirurgical pratiquement indolore.<\/p>\n<p>\u00b7Non invasif \u2013 pas d\u2019aiguilles, pas de drogues.<\/p>\n<p>\u00b7 Efficace sur tous les types de peau.<\/p>\n<p>\u00b7 La premi\u00e8re et la seule technologie qui utilise les \u00e9nergies combin\u00e9es<\/p>\n<p>serrez efficacement et doucement votre peau.<\/p>\n<p>\u00b7 Avec <strong>ReFirme\u2122<\/strong> Serrant de la peau, vous verrez et sentirez la diff\u00e9rence que votre peau l\u00e2che du visage devient plus ferme et plus jeune.<\/p>\n<p>\u00b7 Les r\u00e9sultats vont continuer \u00e0 s\u2019am\u00e9liorer pendant plusieurs mois !<\/p>\n<p>\u00b7 Peut \u00eatre combin\u00e9 avec <strong>el<\/strong><strong>\u014d<\/strong><strong>s\u2122<\/strong> phototh\u00e9rapie de pigment !<\/p>\n<p>\u00b7 <strong>ReFirme\u2122<\/strong> c'est vraiment la prochaine g\u00e9n\u00e9ration de resserrement de la peau s\u00fbr et efficace.<\/p>\n<p>\u00b7 C\u2019est rapide, pratiquement sans douleur, et n\u2019a pas de temps d\u2019arr\u00eat !<\/p>\n<p>\u00b7 <strong>Levez les ann\u00e9es avec <\/strong><strong>ReFirme<\/strong><strong>\u2122<\/strong><strong> Laser Lift Skin Ticketing!<\/strong><\/p>","protected":false},"excerpt":{"rendered":"<p>ReFirme\u2122 Skin Tightening &amp; Wrinkle Reduction is a non-invasive, non-surgical technology that will tighten your skin and reduce your wrinkles. WHY CHOOSE REFIRME\u2122 LASER LIFT? \u00b7 FDA approved for skin tightening and wrinkle reduction. \u00b7 Virtually painless non-surgical treatment. \u00b7 Non invasive \u2013 no needles, no drugs. \u00b7 Effective on all skin types. \u00b7 The [&hellip;]<\/p>\n","protected":false},"featured_media":22787,"comment_status":"open","ping_status":"closed","template":"","meta":{"om_disable_all_campaigns":false,"_monsterinsights_skip_tracking":false,"_monsterinsights_sitenote_active":false,"_monsterinsights_sitenote_note":"","_monsterinsights_sitenote_category":0},"product_brand":[],"product_cat":[139,142],"product_tag":[],"mwb_booking_cost":[],"mwb_booking_service":[],"class_list":{"0":"post-22597","1":"product","2":"type-product","3":"status-publish","4":"has-post-thumbnail","6":"product_cat-services","7":"product_cat-skin-care-treatment","10":"instock","11":"shipping-taxable","12":"purchasable","13":"product-type-simple","14":"product-grid-view"},"aioseo_notices":[],"_links":{"self":[{"href":"https:\/\/posana.com\/fr\/wp-json\/wp\/v2\/product\/22597","targetHints":{"allow":["GET"]}}],"collection":[{"href":"https:\/\/posana.com\/fr\/wp-json\/wp\/v2\/product"}],"about":[{"href":"https:\/\/posana.com\/fr\/wp-json\/wp\/v2\/types\/product"}],"replies":[{"embeddable":true,"href":"https:\/\/posana.com\/fr\/wp-json\/wp\/v2\/comments?post=22597"}],"version-history":[{"count":2,"href":"https:\/\/posana.com\/fr\/wp-json\/wp\/v2\/product\/22597\/revisions"}],"predecessor-version":[{"id":22788,"href":"https:\/\/posana.com\/fr\/wp-json\/wp\/v2\/product\/22597\/revisions\/22788"}],"wp:featuredmedia":[{"embeddable":true,"href":"https:\/\/posana.com\/fr\/wp-json\/wp\/v2\/media\/22787"}],"wp:attachment":[{"href":"https:\/\/posana.com\/fr\/wp-json\/wp\/v2\/media?parent=22597"}],"wp:term":[{"taxonomy":"product_brand","embeddable":true,"href":"https:\/\/posana.com\/fr\/wp-json\/wp\/v2\/product_brand?post=22597"},{"taxonomy":"product_cat","embeddable":true,"href":"https:\/\/posana.com\/fr\/wp-json\/wp\/v2\/product_cat?post=22597"},{"taxonomy":"product_tag","embeddable":true,"href":"https:\/\/posana.com\/fr\/wp-json\/wp\/v2\/product_tag?post=22597"},{"taxonomy":"mwb_booking_cost","embeddable":true,"href":"https:\/\/posana.com\/fr\/wp-json\/wp\/v2\/mwb_booking_cost?post=22597"},{"taxonomy":"mwb_booking_service","embeddable":true,"href":"https:\/\/posana.com\/fr\/wp-json\/wp\/v2\/mwb_booking_service?post=22597"}],"curies":[{"name":"wp","href":"https:\/\/api.w.org\/{rel}","templated":true}]}}