{"id":22595,"date":"2024-12-24T14:17:48","date_gmt":"2024-12-24T14:17:48","guid":{"rendered":"https:\/\/posana.com\/?post_type=product&#038;p=22595"},"modified":"2025-03-04T11:38:49","modified_gmt":"2025-03-04T11:38:49","slug":"recovery-night-mask-50ml","status":"publish","type":"product","link":"https:\/\/posana.com\/fr\/produit\/recovery-night-mask-50ml\/","title":{"rendered":"Masque de Nuit R\u00e9cup\u00e9rateur"},"content":{"rendered":"<div>\n<div>\n<div><\/div>\n<\/div>\n<div>\n<h5><strong>Applocation:<\/strong><\/h5>\n<p><strong>Le soir, sur peau propre<\/strong>\u00a0Appliquer une couche g\u00e9n\u00e9reuse sur le visage et le cou, 3 fois par semaine, en masque\nOu appliquer en couche fine sur le visage et le cou tous les soirs comme une cr\u00e8me de nuit.<\/p>\n<p><strong>Conseil:<\/strong>\u00a0Proc\u00e9der au nettoyage et d\u00e9maquillage avec les nettoyants et d\u00e9maquillants Physiodermie.<\/p>\n<\/div>\n<\/div>\n<p>&nbsp;<\/p>\n<p><strong>Avantages :<\/strong><br \/>\n(1) Ravive les cellules et les aide \u00e0 se remettre des effets du stress oxydatif, (2) Aide la peau \u00e0 lutter contre les dommages caus\u00e9s par les UVB et les UVA, (3) Pr\u00e9vient les t\u00e2ches brunes, (4) Effet anti-radicalaire, (5) Stimule la synth\u00e8se du collag\u00e8ne et de l\u2019\u00e9lastine, (6) R\u00e9duit les rides et les ridules, (7) Am\u00e9liore la fermet\u00e9 de la peau, (8) Repulpe la peau, (9) Effet Glow, booster d\u2019\u00e9clat et d\u2019uniformit\u00e9 du teint<\/p>\n<p>&nbsp;<\/p>\n<p><strong>Ingr\u00e9dients:<\/strong><\/p>\n<p>Aqua (Water), Ascorbyl Tetraisopalmitate, Octyldodecyl Myristate, Butylene Glycol, Alcohol Denat., Cetyl Alcohol, Glyceryl Stearate, Caprylic\/Capric Triglyceride, Cetearyl Alcohol, Diisopropyl Sebacate, Dimethicone, Phenoxyethanol, PEG-75 Stearate, Sodium Citrate, Citric Acid, Ceteth-20, Steareth-2, 1,2-Hexanediol, Xanthan Gum, Ethylhexylglycerin, Parfum (Fragrance), Sodium Hyaluronate, Caprylhydroxamic Acid, Glycerin, Rosmarinus Officinalis (Rosemary) Leaf Oil, Disodium EDTA, Glycine Soja (Soybean) Oil, Sodium Oleate, Hydrogenated Lecithin, Oligopeptide-24, Benzyl Salicylate, Hydroxyisohexyl 3-Cyclohexene Carboxaldehyde, Linalool, Limonene, Hexyl Cinnamal, Alpha-Isomethyl Ionone, Coumarin, Hydroxycitronellal.<\/p>\n<p>*Nos formules pouvant \u00eatre amen\u00e9es \u00e0 \u00e9voluer, veuillez vous reporter \u00e9galement \u00e0 la liste d\u2019ingr\u00e9dients figurant sur l\u2019emballage du produit et faisant seule foi.<\/p>","protected":false},"excerpt":{"rendered":"<p><strong>For all skin types. Revitalizing and moisturizing cream-mask for a radiant skin.<\/strong><\/p>\n<p>Anti-oxidant and radiance-booster cream-mask highly concentrated in stabilized Vitamin C, low and high molecular weight Hyaluronic Acids and latest generation micro-encapsulated Peptide. A combination of breakthrough technology and efficacy with a comfortable velvet smooth texture, for a skin full of vitality upon waking up.<\/p>\n<p>[ 50 ml ]<\/p>\n","protected":false},"featured_media":22783,"comment_status":"open","ping_status":"closed","template":"","meta":{"om_disable_all_campaigns":false,"_monsterinsights_skip_tracking":false,"_monsterinsights_sitenote_active":false,"_monsterinsights_sitenote_note":"","_monsterinsights_sitenote_category":0},"product_brand":[186],"product_cat":[133,134,161,165,164,61],"product_tag":[170],"mwb_booking_cost":[],"mwb_booking_service":[],"class_list":{"0":"post-22595","1":"product","2":"type-product","3":"status-publish","4":"has-post-thumbnail","6":"product_brand-physiodermie","7":"product_cat-emulsions","8":"product_cat-exfoliators-masks","9":"product_cat-hydration","10":"product_cat-pigmentation","11":"product_cat-sensitive","12":"product_cat-skin-care-products","13":"product_tag-physiodermie","16":"instock","17":"shipping-taxable","18":"purchasable","19":"product-type-simple","20":"product-grid-view"},"aioseo_notices":[],"_links":{"self":[{"href":"https:\/\/posana.com\/fr\/wp-json\/wp\/v2\/product\/22595","targetHints":{"allow":["GET"]}}],"collection":[{"href":"https:\/\/posana.com\/fr\/wp-json\/wp\/v2\/product"}],"about":[{"href":"https:\/\/posana.com\/fr\/wp-json\/wp\/v2\/types\/product"}],"replies":[{"embeddable":true,"href":"https:\/\/posana.com\/fr\/wp-json\/wp\/v2\/comments?post=22595"}],"version-history":[{"count":4,"href":"https:\/\/posana.com\/fr\/wp-json\/wp\/v2\/product\/22595\/revisions"}],"predecessor-version":[{"id":24817,"href":"https:\/\/posana.com\/fr\/wp-json\/wp\/v2\/product\/22595\/revisions\/24817"}],"wp:featuredmedia":[{"embeddable":true,"href":"https:\/\/posana.com\/fr\/wp-json\/wp\/v2\/media\/22783"}],"wp:attachment":[{"href":"https:\/\/posana.com\/fr\/wp-json\/wp\/v2\/media?parent=22595"}],"wp:term":[{"taxonomy":"product_brand","embeddable":true,"href":"https:\/\/posana.com\/fr\/wp-json\/wp\/v2\/product_brand?post=22595"},{"taxonomy":"product_cat","embeddable":true,"href":"https:\/\/posana.com\/fr\/wp-json\/wp\/v2\/product_cat?post=22595"},{"taxonomy":"product_tag","embeddable":true,"href":"https:\/\/posana.com\/fr\/wp-json\/wp\/v2\/product_tag?post=22595"},{"taxonomy":"mwb_booking_cost","embeddable":true,"href":"https:\/\/posana.com\/fr\/wp-json\/wp\/v2\/mwb_booking_cost?post=22595"},{"taxonomy":"mwb_booking_service","embeddable":true,"href":"https:\/\/posana.com\/fr\/wp-json\/wp\/v2\/mwb_booking_service?post=22595"}],"curies":[{"name":"wp","href":"https:\/\/api.w.org\/{rel}","templated":true}]}}