{"id":22594,"date":"2024-12-24T14:17:48","date_gmt":"2024-12-24T14:17:48","guid":{"rendered":"https:\/\/posana.com\/?post_type=product&#038;p=22594"},"modified":"2024-12-25T12:17:23","modified_gmt":"2024-12-25T12:17:23","slug":"purifying-gel-bioacne","status":"publish","type":"product","link":"https:\/\/posana.com\/fr\/produit\/purifying-gel-bioacne\/","title":{"rendered":"Purification du Gel BioAcne"},"content":{"rendered":"<p>Soins hydratants quotidiens de la peau<br \/>\nsp\u00e9cifique pour la peau sujette \u00e0 l'acn\u00e9. Formule ultra-l\u00e9g\u00e8re, non grasse d\u00e9velopp\u00e9e \u00e0 partir de a<br \/>\ntrio d'ingr\u00e9dients anti-s\u00e9borrh\u00e9iques, com\u00e9dolytiques et anti-inflammatoires.<\/p>","protected":false},"excerpt":{"rendered":"<p>Daily moisturizing skin care specific for acne prone skin. Ultra-light, non-greasy formula developed from a trio of anti-seborrheic, comedolytic and anti-inflammatory ingredients.<\/p>","protected":false},"featured_media":22781,"comment_status":"open","ping_status":"closed","template":"","meta":{"om_disable_all_campaigns":false,"_monsterinsights_skip_tracking":false,"_monsterinsights_sitenote_active":false,"_monsterinsights_sitenote_note":"","_monsterinsights_sitenote_category":0},"product_brand":[],"product_cat":[61],"product_tag":[],"mwb_booking_cost":[],"mwb_booking_service":[],"class_list":{"0":"post-22594","1":"product","2":"type-product","3":"status-publish","4":"has-post-thumbnail","6":"product_cat-skin-care-products","9":"instock","10":"shipping-taxable","11":"purchasable","12":"product-type-simple","13":"product-grid-view"},"aioseo_notices":[],"_links":{"self":[{"href":"https:\/\/posana.com\/fr\/wp-json\/wp\/v2\/product\/22594","targetHints":{"allow":["GET"]}}],"collection":[{"href":"https:\/\/posana.com\/fr\/wp-json\/wp\/v2\/product"}],"about":[{"href":"https:\/\/posana.com\/fr\/wp-json\/wp\/v2\/types\/product"}],"replies":[{"embeddable":true,"href":"https:\/\/posana.com\/fr\/wp-json\/wp\/v2\/comments?post=22594"}],"version-history":[{"count":2,"href":"https:\/\/posana.com\/fr\/wp-json\/wp\/v2\/product\/22594\/revisions"}],"predecessor-version":[{"id":22782,"href":"https:\/\/posana.com\/fr\/wp-json\/wp\/v2\/product\/22594\/revisions\/22782"}],"wp:featuredmedia":[{"embeddable":true,"href":"https:\/\/posana.com\/fr\/wp-json\/wp\/v2\/media\/22781"}],"wp:attachment":[{"href":"https:\/\/posana.com\/fr\/wp-json\/wp\/v2\/media?parent=22594"}],"wp:term":[{"taxonomy":"product_brand","embeddable":true,"href":"https:\/\/posana.com\/fr\/wp-json\/wp\/v2\/product_brand?post=22594"},{"taxonomy":"product_cat","embeddable":true,"href":"https:\/\/posana.com\/fr\/wp-json\/wp\/v2\/product_cat?post=22594"},{"taxonomy":"product_tag","embeddable":true,"href":"https:\/\/posana.com\/fr\/wp-json\/wp\/v2\/product_tag?post=22594"},{"taxonomy":"mwb_booking_cost","embeddable":true,"href":"https:\/\/posana.com\/fr\/wp-json\/wp\/v2\/mwb_booking_cost?post=22594"},{"taxonomy":"mwb_booking_service","embeddable":true,"href":"https:\/\/posana.com\/fr\/wp-json\/wp\/v2\/mwb_booking_service?post=22594"}],"curies":[{"name":"wp","href":"https:\/\/api.w.org\/{rel}","templated":true}]}}