{"id":22593,"date":"2024-12-24T14:17:48","date_gmt":"2024-12-24T14:17:48","guid":{"rendered":"https:\/\/posana.com\/?post_type=product&#038;p=22593"},"modified":"2025-03-04T11:34:04","modified_gmt":"2025-03-04T11:34:04","slug":"purifying-emulsion-50ml","status":"publish","type":"product","link":"https:\/\/posana.com\/fr\/produit\/purifying-emulsion-50ml\/","title":{"rendered":"Emulsion Purifiante"},"content":{"rendered":"<p><strong>Application:<\/strong><\/p>\n<p>Sur une peau nettoy\u00e9e, appliquer l\u2019Emulsion Purifiante sur l\u2019ensemble du visage et du cou. Pour un r\u00e9sultat optimal, appliquer en synergie avec le Bioarome DS.<\/p>\n<p><strong>Conseil:<\/strong>\u00a0Proc\u00e9der au nettoyage et d\u00e9maquillage avec les nettoyants et d\u00e9maquillants Physiodermie.<\/p>\n<p><strong>Avantages :<\/strong><\/p>\n<p>(1) Aide la peau \u00e0 se d\u00e9toxifier, (2) Pr\u00e9vient l \u2018 alt\u00e9ration du film hydrolipidique, (3) Hydrate et matifie, (4) Unifie le teint, (5) Donne au visage un aspect frais et lumineux, (3) Hydrate et matifie, (4) Unifie le teint, (5) Donne au visage un aspect frais et lumineux.<\/p>\n<p>&nbsp;<\/p>\n<p><strong><span style=\"color: inherit;\">Ingr\u00e9dients:<\/span><\/strong><\/p>\n<p>Aqua (Water), Cetearyl Ethylhexanoate, Squalane, Glycerin, Borago Officinalis Seed Oil, Dimethicone, Ethylhexyl Methoxycinnamate, Polyacrylamide, Steareth-100, Butyrospermum Parkii (Shea) Butter, Sesamum Indicum (Sesame) Seed Oil, Tocopheryl Acetate, Cetearyl Alcohol, Cetyl Alcohol, Stearyl Alcohol, Polyquaternium-51, Yeast Extract, Methylglucoside Phosphate, Copper Lysinate\/Prolinate, Alpha-Glucan Oligosaccharide, Arctium Majus Root Extract, Urea, Hydrogenated Starch Hydrolysate, Saccharide Hydrolysate, Magnesium Aspartate, Glycine, Alanine, Creatine, Aloe Barbadensis Leaf Juice, PPG-10 Methyl Glucose Ether, TEA-Lactate, Sodium Lactate, Lactic Acid, Sorbitol, Serine, Allantoin, Lecithin, Propylene Glycol Stearate, Polysorbate-20, Sorbitan Laurate, Propylene Glycol Laurate, Polymethyl Methacrylate, C13-14 Isoparaffin, Laureth-7, Sodium Hyaluronate, Xanthan Gum, Disodium EDTA, Undecylenamide DEA, Caprylhydroxamic Acid, Phenoxyethanol, Ethylhexylglycerin, Potassium Sorbate, Sodium Benzoate, 1,2-Hexanediol, Butylene Glycol, Citric Acid, Propylene Glycol, Propyl Gallate, Benzyl Alcohol, BHT, Dehydroacetic Acid, Sodium Phosphate, Parfum (Fragrance), Amyl Cinnamal, Cinnamyl Alcohol, Eugenol, Hydroxycitronellal, Benzyl Salicylate, Geraniol, Hydroxyisohexyl 3-Cyclohexene Carboxaldehyde, Butylphenyl Methylpropional, Linalool, Benzyl Benzoate, Citronellol, Hexyl Cinnamal, Limonene, Alpha-Isomethyl Ionone, Isoeugenol.<\/p>\n<p>*Nos formules pouvant \u00eatre amen\u00e9es \u00e0 \u00e9voluer, veuillez vous reporter \u00e9galement \u00e0 la liste d\u2019ingr\u00e9dients figurant sur l\u2019emballage du produit et faisant seule foi.<\/p>\n<p>&nbsp;<\/p>","protected":false},"excerpt":{"rendered":"<div class=\"fusion-woo-short-description-tb fusion-woo-short-description-tb-1\">\n<div class=\"woocommerce-product-details__short-description\">\n<p><strong>Anti-aging Emulsion for dull skin, blurred complexion and blemishes.<\/strong><\/p>\n<p>Balancing and hydrating cream for skin prone to acne and blackheads. Hydrating cream for impure skin, or skin with blackheads, open pores, impurities, and with dull complexion. Moisture\u2019s while purifying impure skin. Renders a matt and even complexion.<\/p>\n<p>[ 50 ml ]<\/p>\n<\/div>\n<\/div>\n<div class=\"fusion-separator fusion-full-width-sep\"><\/div>\n","protected":false},"featured_media":22779,"comment_status":"open","ping_status":"closed","template":"","meta":{"om_disable_all_campaigns":false,"_monsterinsights_skip_tracking":false,"_monsterinsights_sitenote_active":false,"_monsterinsights_sitenote_note":"","_monsterinsights_sitenote_category":0},"product_brand":[],"product_cat":[133,158,163,61],"product_tag":[170],"mwb_booking_cost":[],"mwb_booking_service":[],"class_list":{"0":"post-22593","1":"product","2":"type-product","3":"status-publish","4":"has-post-thumbnail","6":"product_cat-emulsions","7":"product_cat-routines","8":"product_cat-sebum-control","9":"product_cat-skin-care-products","10":"product_tag-physiodermie","13":"instock","14":"shipping-taxable","15":"purchasable","16":"product-type-simple","17":"product-grid-view"},"aioseo_notices":[],"_links":{"self":[{"href":"https:\/\/posana.com\/fr\/wp-json\/wp\/v2\/product\/22593","targetHints":{"allow":["GET"]}}],"collection":[{"href":"https:\/\/posana.com\/fr\/wp-json\/wp\/v2\/product"}],"about":[{"href":"https:\/\/posana.com\/fr\/wp-json\/wp\/v2\/types\/product"}],"replies":[{"embeddable":true,"href":"https:\/\/posana.com\/fr\/wp-json\/wp\/v2\/comments?post=22593"}],"version-history":[{"count":6,"href":"https:\/\/posana.com\/fr\/wp-json\/wp\/v2\/product\/22593\/revisions"}],"predecessor-version":[{"id":24803,"href":"https:\/\/posana.com\/fr\/wp-json\/wp\/v2\/product\/22593\/revisions\/24803"}],"wp:featuredmedia":[{"embeddable":true,"href":"https:\/\/posana.com\/fr\/wp-json\/wp\/v2\/media\/22779"}],"wp:attachment":[{"href":"https:\/\/posana.com\/fr\/wp-json\/wp\/v2\/media?parent=22593"}],"wp:term":[{"taxonomy":"product_brand","embeddable":true,"href":"https:\/\/posana.com\/fr\/wp-json\/wp\/v2\/product_brand?post=22593"},{"taxonomy":"product_cat","embeddable":true,"href":"https:\/\/posana.com\/fr\/wp-json\/wp\/v2\/product_cat?post=22593"},{"taxonomy":"product_tag","embeddable":true,"href":"https:\/\/posana.com\/fr\/wp-json\/wp\/v2\/product_tag?post=22593"},{"taxonomy":"mwb_booking_cost","embeddable":true,"href":"https:\/\/posana.com\/fr\/wp-json\/wp\/v2\/mwb_booking_cost?post=22593"},{"taxonomy":"mwb_booking_service","embeddable":true,"href":"https:\/\/posana.com\/fr\/wp-json\/wp\/v2\/mwb_booking_service?post=22593"}],"curies":[{"name":"wp","href":"https:\/\/api.w.org\/{rel}","templated":true}]}}