{"id":22592,"date":"2024-12-24T14:17:48","date_gmt":"2024-12-24T14:17:48","guid":{"rendered":"https:\/\/posana.com\/?post_type=product&#038;p=22592"},"modified":"2025-01-08T14:07:38","modified_gmt":"2025-01-08T14:07:38","slug":"purifying-cream-200ml","status":"publish","type":"product","link":"https:\/\/posana.com\/fr\/produit\/purifying-cream-200ml\/","title":{"rendered":"Cr\u00e8me purifiante 200ml"},"content":{"rendered":"<p><del><\/del>Traitement et hydratation de la cr\u00e8me pour points noirs et impuret\u00e9s Maintient l'hydratation de la peau, emp\u00eache la production d'exc\u00e8s de s\u00e9bum et pr\u00e9vient les \u00e9ruptions (acn\u00e9). Renvoie un teint mat et m\u00eame.<\/p>","protected":false},"excerpt":{"rendered":"<p>Traitement et hydratation de la cr\u00e8me pour points noirs et impuret\u00e9s Maintient l'hydratation de la peau, emp\u00eache la production d'exc\u00e8s de s\u00e9bum et pr\u00e9vient les \u00e9ruptions (acn\u00e9). Renvoie un teint mat et m\u00eame.<\/p>","protected":false},"featured_media":22777,"comment_status":"open","ping_status":"closed","template":"","meta":{"om_disable_all_campaigns":false,"_monsterinsights_skip_tracking":false,"_monsterinsights_sitenote_active":false,"_monsterinsights_sitenote_note":"","_monsterinsights_sitenote_category":0},"product_brand":[],"product_cat":[133,61],"product_tag":[],"mwb_booking_cost":[],"mwb_booking_service":[],"class_list":{"0":"post-22592","1":"product","2":"type-product","3":"status-publish","4":"has-post-thumbnail","6":"product_cat-emulsions","7":"product_cat-skin-care-products","10":"instock","11":"shipping-taxable","12":"purchasable","13":"product-type-simple","14":"product-grid-view"},"aioseo_notices":[],"_links":{"self":[{"href":"https:\/\/posana.com\/fr\/wp-json\/wp\/v2\/product\/22592","targetHints":{"allow":["GET"]}}],"collection":[{"href":"https:\/\/posana.com\/fr\/wp-json\/wp\/v2\/product"}],"about":[{"href":"https:\/\/posana.com\/fr\/wp-json\/wp\/v2\/types\/product"}],"replies":[{"embeddable":true,"href":"https:\/\/posana.com\/fr\/wp-json\/wp\/v2\/comments?post=22592"}],"version-history":[{"count":2,"href":"https:\/\/posana.com\/fr\/wp-json\/wp\/v2\/product\/22592\/revisions"}],"predecessor-version":[{"id":22778,"href":"https:\/\/posana.com\/fr\/wp-json\/wp\/v2\/product\/22592\/revisions\/22778"}],"wp:featuredmedia":[{"embeddable":true,"href":"https:\/\/posana.com\/fr\/wp-json\/wp\/v2\/media\/22777"}],"wp:attachment":[{"href":"https:\/\/posana.com\/fr\/wp-json\/wp\/v2\/media?parent=22592"}],"wp:term":[{"taxonomy":"product_brand","embeddable":true,"href":"https:\/\/posana.com\/fr\/wp-json\/wp\/v2\/product_brand?post=22592"},{"taxonomy":"product_cat","embeddable":true,"href":"https:\/\/posana.com\/fr\/wp-json\/wp\/v2\/product_cat?post=22592"},{"taxonomy":"product_tag","embeddable":true,"href":"https:\/\/posana.com\/fr\/wp-json\/wp\/v2\/product_tag?post=22592"},{"taxonomy":"mwb_booking_cost","embeddable":true,"href":"https:\/\/posana.com\/fr\/wp-json\/wp\/v2\/mwb_booking_cost?post=22592"},{"taxonomy":"mwb_booking_service","embeddable":true,"href":"https:\/\/posana.com\/fr\/wp-json\/wp\/v2\/mwb_booking_service?post=22592"}],"curies":[{"name":"wp","href":"https:\/\/api.w.org\/{rel}","templated":true}]}}