{"id":22591,"date":"2024-12-24T14:17:48","date_gmt":"2024-12-24T14:17:48","guid":{"rendered":"https:\/\/posana.com\/?post_type=product&#038;p=22591"},"modified":"2025-01-07T20:57:34","modified_gmt":"2025-01-07T20:57:34","slug":"purifying-bioarome-dep-15ml","status":"publish","type":"product","link":"https:\/\/posana.com\/fr\/produit\/purifying-bioarome-dep-15ml\/","title":{"rendered":"Purification Bioarome (DEP) 15ml"},"content":{"rendered":"<p>S\u00e9rum pour peau grasse S\u00e9rum de traitement pour la peau combin\u00e9e sujette aux points noirs. oxyg\u00e9nateur et purificateur de l'\u00e9piderme parfait. P\u00e9n\u00e9trez profond\u00e9ment dans les pores pour \u00e9liminer les impuret\u00e9s superficielles, r\u00e9duisant ainsi et emp\u00eachant la formation de points noirs.<\/p>","protected":false},"excerpt":{"rendered":"<p>S\u00e9rum pour peau grasse S\u00e9rum de traitement pour la peau combin\u00e9e sujette aux points noirs. oxyg\u00e9nateur et purificateur de l'\u00e9piderme parfait. P\u00e9n\u00e9trez profond\u00e9ment dans les pores pour \u00e9liminer les impuret\u00e9s superficielles, r\u00e9duisant ainsi et emp\u00eachant la formation de points noirs.<\/p>","protected":false},"featured_media":22775,"comment_status":"open","ping_status":"closed","template":"","meta":{"om_disable_all_campaigns":false,"_monsterinsights_skip_tracking":false,"_monsterinsights_sitenote_active":false,"_monsterinsights_sitenote_note":"","_monsterinsights_sitenote_category":0},"product_brand":[],"product_cat":[132,61],"product_tag":[],"mwb_booking_cost":[],"mwb_booking_service":[],"class_list":{"0":"post-22591","1":"product","2":"type-product","3":"status-publish","4":"has-post-thumbnail","6":"product_cat-serums","7":"product_cat-skin-care-products","10":"instock","11":"shipping-taxable","12":"purchasable","13":"product-type-simple","14":"product-grid-view"},"aioseo_notices":[],"_links":{"self":[{"href":"https:\/\/posana.com\/fr\/wp-json\/wp\/v2\/product\/22591","targetHints":{"allow":["GET"]}}],"collection":[{"href":"https:\/\/posana.com\/fr\/wp-json\/wp\/v2\/product"}],"about":[{"href":"https:\/\/posana.com\/fr\/wp-json\/wp\/v2\/types\/product"}],"replies":[{"embeddable":true,"href":"https:\/\/posana.com\/fr\/wp-json\/wp\/v2\/comments?post=22591"}],"version-history":[{"count":2,"href":"https:\/\/posana.com\/fr\/wp-json\/wp\/v2\/product\/22591\/revisions"}],"predecessor-version":[{"id":22776,"href":"https:\/\/posana.com\/fr\/wp-json\/wp\/v2\/product\/22591\/revisions\/22776"}],"wp:featuredmedia":[{"embeddable":true,"href":"https:\/\/posana.com\/fr\/wp-json\/wp\/v2\/media\/22775"}],"wp:attachment":[{"href":"https:\/\/posana.com\/fr\/wp-json\/wp\/v2\/media?parent=22591"}],"wp:term":[{"taxonomy":"product_brand","embeddable":true,"href":"https:\/\/posana.com\/fr\/wp-json\/wp\/v2\/product_brand?post=22591"},{"taxonomy":"product_cat","embeddable":true,"href":"https:\/\/posana.com\/fr\/wp-json\/wp\/v2\/product_cat?post=22591"},{"taxonomy":"product_tag","embeddable":true,"href":"https:\/\/posana.com\/fr\/wp-json\/wp\/v2\/product_tag?post=22591"},{"taxonomy":"mwb_booking_cost","embeddable":true,"href":"https:\/\/posana.com\/fr\/wp-json\/wp\/v2\/mwb_booking_cost?post=22591"},{"taxonomy":"mwb_booking_service","embeddable":true,"href":"https:\/\/posana.com\/fr\/wp-json\/wp\/v2\/mwb_booking_service?post=22591"}],"curies":[{"name":"wp","href":"https:\/\/api.w.org\/{rel}","templated":true}]}}