{"id":22590,"date":"2024-12-24T14:17:48","date_gmt":"2024-12-24T14:17:48","guid":{"rendered":"https:\/\/posana.com\/?post_type=product&#038;p=22590"},"modified":"2025-01-29T20:55:23","modified_gmt":"2025-01-29T20:55:23","slug":"provence-100ml","status":"publish","type":"product","link":"https:\/\/posana.com\/fr\/produit\/provence-100ml\/","title":{"rendered":"Provence 100ml"},"content":{"rendered":"<div>Synergies pour diffuseurs<\/div>\n<div>Botanical name: Lavandula angustifolia, Lavandula x burnatii, Rosmarinus cineoliferum, Salvia sclarea, Ocimum basilicum<\/div>\n<p>&nbsp;<\/p>\n<p>Cette synergie de vraie lavande, lavandine super, romarin officinal, sauge clary et basilic est apaisante et s\u00e9dative et rappelle les senteurs florales de la Provence.<\/p>\n<p>En massage local, dilu\u00e9 dans une huile v\u00e9g\u00e9tale de premi\u00e8re pression froide, il apaise le syst\u00e8me nerveux et facilite la relaxation.<span class=\"redactor-invisible-space\"><br \/>\n<\/span><\/p>","protected":false},"excerpt":{"rendered":"<p>Synergies for diffusers Botanical name: Lavandula angustifolia, Lavandula x burnatii, Rosmarinus cineoliferum, Salvia sclarea, Ocimum basilicum &nbsp; This synergy of true lavender, lavandin super, officinal rosemary, clary sage, and basil is soothing and sedative and reminds the floral scents of Provence. In local massage, diluted in a vegetable oil of first cold pressure, it soothes [&hellip;]<\/p>\n","protected":false},"featured_media":22773,"comment_status":"open","ping_status":"closed","template":"","meta":{"om_disable_all_campaigns":false,"_monsterinsights_skip_tracking":false,"_monsterinsights_sitenote_active":false,"_monsterinsights_sitenote_note":"","_monsterinsights_sitenote_category":0},"product_brand":[],"product_cat":[107],"product_tag":[183],"mwb_booking_cost":[],"mwb_booking_service":[],"class_list":{"0":"post-22590","1":"product","2":"type-product","3":"status-publish","4":"has-post-thumbnail","6":"product_cat-other-others-products-essentials-oils","7":"product_tag-zayat-aroma","10":"instock","11":"shipping-taxable","12":"purchasable","13":"product-type-simple","14":"product-grid-view"},"aioseo_notices":[],"_links":{"self":[{"href":"https:\/\/posana.com\/fr\/wp-json\/wp\/v2\/product\/22590","targetHints":{"allow":["GET"]}}],"collection":[{"href":"https:\/\/posana.com\/fr\/wp-json\/wp\/v2\/product"}],"about":[{"href":"https:\/\/posana.com\/fr\/wp-json\/wp\/v2\/types\/product"}],"replies":[{"embeddable":true,"href":"https:\/\/posana.com\/fr\/wp-json\/wp\/v2\/comments?post=22590"}],"version-history":[{"count":2,"href":"https:\/\/posana.com\/fr\/wp-json\/wp\/v2\/product\/22590\/revisions"}],"predecessor-version":[{"id":22774,"href":"https:\/\/posana.com\/fr\/wp-json\/wp\/v2\/product\/22590\/revisions\/22774"}],"wp:featuredmedia":[{"embeddable":true,"href":"https:\/\/posana.com\/fr\/wp-json\/wp\/v2\/media\/22773"}],"wp:attachment":[{"href":"https:\/\/posana.com\/fr\/wp-json\/wp\/v2\/media?parent=22590"}],"wp:term":[{"taxonomy":"product_brand","embeddable":true,"href":"https:\/\/posana.com\/fr\/wp-json\/wp\/v2\/product_brand?post=22590"},{"taxonomy":"product_cat","embeddable":true,"href":"https:\/\/posana.com\/fr\/wp-json\/wp\/v2\/product_cat?post=22590"},{"taxonomy":"product_tag","embeddable":true,"href":"https:\/\/posana.com\/fr\/wp-json\/wp\/v2\/product_tag?post=22590"},{"taxonomy":"mwb_booking_cost","embeddable":true,"href":"https:\/\/posana.com\/fr\/wp-json\/wp\/v2\/mwb_booking_cost?post=22590"},{"taxonomy":"mwb_booking_service","embeddable":true,"href":"https:\/\/posana.com\/fr\/wp-json\/wp\/v2\/mwb_booking_service?post=22590"}],"curies":[{"name":"wp","href":"https:\/\/api.w.org\/{rel}","templated":true}]}}