{"id":22588,"date":"2024-12-24T14:17:48","date_gmt":"2024-12-24T14:17:48","guid":{"rendered":"https:\/\/posana.com\/?post_type=product&#038;p=22588"},"modified":"2024-12-25T11:28:07","modified_gmt":"2024-12-25T11:28:07","slug":"pine-jack-organic-canada-32ml-ecocert","status":"publish","type":"product","link":"https:\/\/posana.com\/fr\/produit\/pine-jack-organic-canada-32ml-ecocert\/","title":{"rendered":"Pin, jack bio Canada 32ml ECOCERT"},"content":{"rendered":"<p>Aussi appel\u00e9 Banks Pine, Jack Pine est un puissant stimulant immunitaire, \u00e0 appliquer localement contre les congestion et les cellules anormales. Il est \u00e9galement antifongique, bact\u00e9ricide et anti-inflammatoire, \u00e0 appliquer ext\u00e9rieurement sur les zones touch\u00e9es, de pr\u00e9f\u00e9rence dilu\u00e9e dans une bonne huile v\u00e9g\u00e9tale.<\/p>","protected":false},"excerpt":{"rendered":"<p>Aussi appel\u00e9 Banks Pine, Jack Pine est un puissant stimulant immunitaire, \u00e0 appliquer localement contre les congestion et les cellules anormales. Il est \u00e9galement antifongique, bact\u00e9ricide et anti-inflammatoire, \u00e0 appliquer ext\u00e9rieurement sur les zones touch\u00e9es, de pr\u00e9f\u00e9rence dilu\u00e9e dans une bonne huile v\u00e9g\u00e9tale.<\/p>","protected":false},"featured_media":22769,"comment_status":"open","ping_status":"closed","template":"","meta":{"om_disable_all_campaigns":false,"_monsterinsights_skip_tracking":false,"_monsterinsights_sitenote_active":false,"_monsterinsights_sitenote_note":"","_monsterinsights_sitenote_category":0},"product_brand":[],"product_cat":[107],"product_tag":[],"mwb_booking_cost":[],"mwb_booking_service":[],"class_list":{"0":"post-22588","1":"product","2":"type-product","3":"status-publish","4":"has-post-thumbnail","6":"product_cat-other-others-products-essentials-oils","9":"instock","10":"shipping-taxable","11":"purchasable","12":"product-type-simple","13":"product-grid-view"},"aioseo_notices":[],"_links":{"self":[{"href":"https:\/\/posana.com\/fr\/wp-json\/wp\/v2\/product\/22588","targetHints":{"allow":["GET"]}}],"collection":[{"href":"https:\/\/posana.com\/fr\/wp-json\/wp\/v2\/product"}],"about":[{"href":"https:\/\/posana.com\/fr\/wp-json\/wp\/v2\/types\/product"}],"replies":[{"embeddable":true,"href":"https:\/\/posana.com\/fr\/wp-json\/wp\/v2\/comments?post=22588"}],"version-history":[{"count":2,"href":"https:\/\/posana.com\/fr\/wp-json\/wp\/v2\/product\/22588\/revisions"}],"predecessor-version":[{"id":22770,"href":"https:\/\/posana.com\/fr\/wp-json\/wp\/v2\/product\/22588\/revisions\/22770"}],"wp:featuredmedia":[{"embeddable":true,"href":"https:\/\/posana.com\/fr\/wp-json\/wp\/v2\/media\/22769"}],"wp:attachment":[{"href":"https:\/\/posana.com\/fr\/wp-json\/wp\/v2\/media?parent=22588"}],"wp:term":[{"taxonomy":"product_brand","embeddable":true,"href":"https:\/\/posana.com\/fr\/wp-json\/wp\/v2\/product_brand?post=22588"},{"taxonomy":"product_cat","embeddable":true,"href":"https:\/\/posana.com\/fr\/wp-json\/wp\/v2\/product_cat?post=22588"},{"taxonomy":"product_tag","embeddable":true,"href":"https:\/\/posana.com\/fr\/wp-json\/wp\/v2\/product_tag?post=22588"},{"taxonomy":"mwb_booking_cost","embeddable":true,"href":"https:\/\/posana.com\/fr\/wp-json\/wp\/v2\/mwb_booking_cost?post=22588"},{"taxonomy":"mwb_booking_service","embeddable":true,"href":"https:\/\/posana.com\/fr\/wp-json\/wp\/v2\/mwb_booking_service?post=22588"}],"curies":[{"name":"wp","href":"https:\/\/api.w.org\/{rel}","templated":true}]}}