{"id":22583,"date":"2024-12-24T14:17:48","date_gmt":"2024-12-24T14:17:48","guid":{"rendered":"https:\/\/posana.com\/?post_type=product&#038;p=22583"},"modified":"2025-02-09T19:57:38","modified_gmt":"2025-02-09T19:57:38","slug":"physiodermie-specific-facial","status":"publish","type":"product","link":"https:\/\/posana.com\/fr\/produit\/physiodermie-specific-facial\/","title":{"rendered":"Facial sp\u00e9cifique MLD du visage  et du d\u00e9collet\u00e9 Physiodermie."},"content":{"rendered":"<p>Le Facial Physiodermie est un soin europ\u00e9en complet (visage et d\u00e9collet\u00e9) qui pr\u00f4ne une approche globale tout en prenant soin de respecter l\u2019Aspect et la Morphologie de chaque individu. La peau est nettoy\u00e9e, exfoli\u00e9e et r\u00e9\u00e9quilibr\u00e9e. Par la suite, un drainage lymphatique est r\u00e9alis\u00e9, suivi d\u2019un masque et d\u2019une cr\u00e8me de finition.<\/p>","protected":false},"excerpt":{"rendered":"<p>Le soin du visage de Physiodermie est un traitement europ\u00e9en complet (visage et d\u00e9collet\u00e9) qui pr\u00f4ne une approche globale tout en prenant soin de respecter l\u2019aspect et la morphologie de la peau de chaque individu. La peau est nettoy\u00e9e, exfoli\u00e9e et r\u00e9\u00e9quilibr\u00e9e. Ensuite, un drainage lymphatique est effectu\u00e9, suivi d'un masque et d'une cr\u00e8me de finition.<\/p>","protected":false},"featured_media":22762,"comment_status":"open","ping_status":"closed","template":"","meta":{"om_disable_all_campaigns":false,"_monsterinsights_skip_tracking":false,"_monsterinsights_sitenote_active":false,"_monsterinsights_sitenote_note":"","_monsterinsights_sitenote_category":0},"product_brand":[186],"product_cat":[139,142],"product_tag":[170],"mwb_booking_cost":[],"mwb_booking_service":[],"class_list":{"0":"post-22583","1":"product","2":"type-product","3":"status-publish","4":"has-post-thumbnail","6":"product_brand-physiodermie","7":"product_cat-services","8":"product_cat-skin-care-treatment","9":"product_tag-physiodermie","12":"instock","13":"shipping-taxable","14":"purchasable","15":"product-type-simple","16":"product-grid-view"},"aioseo_notices":[],"_links":{"self":[{"href":"https:\/\/posana.com\/fr\/wp-json\/wp\/v2\/product\/22583","targetHints":{"allow":["GET"]}}],"collection":[{"href":"https:\/\/posana.com\/fr\/wp-json\/wp\/v2\/product"}],"about":[{"href":"https:\/\/posana.com\/fr\/wp-json\/wp\/v2\/types\/product"}],"replies":[{"embeddable":true,"href":"https:\/\/posana.com\/fr\/wp-json\/wp\/v2\/comments?post=22583"}],"version-history":[{"count":5,"href":"https:\/\/posana.com\/fr\/wp-json\/wp\/v2\/product\/22583\/revisions"}],"predecessor-version":[{"id":24739,"href":"https:\/\/posana.com\/fr\/wp-json\/wp\/v2\/product\/22583\/revisions\/24739"}],"wp:featuredmedia":[{"embeddable":true,"href":"https:\/\/posana.com\/fr\/wp-json\/wp\/v2\/media\/22762"}],"wp:attachment":[{"href":"https:\/\/posana.com\/fr\/wp-json\/wp\/v2\/media?parent=22583"}],"wp:term":[{"taxonomy":"product_brand","embeddable":true,"href":"https:\/\/posana.com\/fr\/wp-json\/wp\/v2\/product_brand?post=22583"},{"taxonomy":"product_cat","embeddable":true,"href":"https:\/\/posana.com\/fr\/wp-json\/wp\/v2\/product_cat?post=22583"},{"taxonomy":"product_tag","embeddable":true,"href":"https:\/\/posana.com\/fr\/wp-json\/wp\/v2\/product_tag?post=22583"},{"taxonomy":"mwb_booking_cost","embeddable":true,"href":"https:\/\/posana.com\/fr\/wp-json\/wp\/v2\/mwb_booking_cost?post=22583"},{"taxonomy":"mwb_booking_service","embeddable":true,"href":"https:\/\/posana.com\/fr\/wp-json\/wp\/v2\/mwb_booking_service?post=22583"}],"curies":[{"name":"wp","href":"https:\/\/api.w.org\/{rel}","templated":true}]}}