{"id":22581,"date":"2024-12-24T14:17:47","date_gmt":"2024-12-24T14:17:47","guid":{"rendered":"https:\/\/posana.com\/?post_type=product&#038;p=22581"},"modified":"2025-02-09T19:58:50","modified_gmt":"2025-02-09T19:58:50","slug":"physiodermie-shot-c15","status":"publish","type":"product","link":"https:\/\/posana.com\/fr\/produit\/physiodermie-shot-c15\/","title":{"rendered":"Physiodermie Shot C15"},"content":{"rendered":"<p>La vitamine C pure, c'est-\u00e0-dire sous sa forme L-Ascorbic Acid \u2013 pH \u2248 3,5, est acclam\u00e9e par les professionnels de la peau pour ses r\u00e9sultats cliniquement prouv\u00e9s. Cependant, en contact avec l'air, l'eau ou la lumi\u00e8re, la vitamine C s'oxyde tr\u00e8s facilement, perdant ainsi son efficacit\u00e9.<\/p>\n<p>Qu'est-ce qui fait la diff\u00e9rence: Pour garantir toute sa fra\u00eecheur et se lib\u00e9rer des solvants chimiques utilis\u00e9s par l'industrie cosm\u00e9tique pour am\u00e9liorer sa stabilit\u00e9, Physiodermie conditionnait la vitamine C pure sous forme de poudre dans un b\u00e2ton. Celui-ci doit \u00eatre vers\u00e9 au moment de l'ouverture dans un s\u00e9rum contenant de l'acide hyaluronique. Une fois reconstitu\u00e9, le s\u00e9rum est stable pendant au moins 1 mois, offrant ainsi toutes les performances de la vitamine C pure concentr\u00e9e \u00e0 15% pendant la dur\u00e9e du traitement.<\/p>\n<p><strong>Avantages :<\/strong><\/p>\n<ul>\n<li>Ferme la peau<\/li>\n<li>Prot\u00e8ge les cellules des radicaux libres<\/li>\n<li>R\u00e9duit visiblement les taches de pigmentation<\/li>\n<li>Stimule la synth\u00e8se du collag\u00e8ne et de l'\u00e9lastine<\/li>\n<li>\n<table>\n<caption>Comment utiliser et ingr\u00e9dients<\/caption>\n<tbody>\n<tr>\n<th>Comment utiliser<\/th>\n<td>\n<ul>\n<li>Matin et soir, appliquer une demi-pipette sur le visage, le cou, le d\u00e9collet\u00e9 et le dos des mains apr\u00e8s un nettoyage approfondi, tapoter doucement.<\/li>\n<li>Appliquez ensuite l\u2019\u00e9mulsion adapt\u00e9e \u00e0 votre peau.<\/li>\n<\/ul>\n<\/td>\n<\/tr>\n<tr>\n<th>Ingredients<\/th>\n<td>Aqua (Eau), Vaccinium Macrocarpon (Cranberry) Eau de fruits* (Agent de masquage), Acide ascorbique (Agent de conditionnement de la peau), Citrate de sodium (Agent de ch\u00e9lation), Hyaluronate de sodium (Agent de conditionnement de la peau), Acide salicylique (Agent de conditionnement de la peau), Glyc\u00e9rine (Humectant), Gum Xanthane (Agent de viscosit\u00e9), Alcool benzyle (Preservatif), Acide sorbique (Preservatif). COSMOS ORGANIC certifi\u00e9 par Ecocert Greenlife selon la norme COSMOS. *ingr\u00e9dient de l'agriculture biologique<br \/>\n20% du total des ingr\u00e9dients proviennent de l'agriculture biologique.<br \/>\n99% du total est d\u2019origine naturelle.<\/td>\n<\/tr>\n<\/tbody>\n<\/table>\n<\/li>\n<\/ul>","protected":false},"excerpt":{"rendered":"<p>Pure Vitamin C, i.e. in its L-Ascorbic Acid form \u2013 pH \u2248 3,5, is acclaimed by skin care professionals for its clinically proven results. However, in contact with air, water or light, Vitamin C oxidizes very easily, thus losing its effectiveness. What makes the difference: To guarantee all its freshness and to free itself from [&hellip;]<\/p>\n","protected":false},"featured_media":22798,"comment_status":"open","ping_status":"closed","template":"","meta":{"om_disable_all_campaigns":false,"_monsterinsights_skip_tracking":false,"_monsterinsights_sitenote_active":false,"_monsterinsights_sitenote_note":"","_monsterinsights_sitenote_category":0},"product_brand":[186],"product_cat":[174,169,132,61],"product_tag":[170],"mwb_booking_cost":[],"mwb_booking_service":[],"class_list":{"0":"post-22581","1":"product","2":"type-product","3":"status-publish","4":"has-post-thumbnail","6":"product_brand-physiodermie","7":"product_cat-clinical-swiss-organics","8":"product_cat-collection","9":"product_cat-serums","10":"product_cat-skin-care-products","11":"product_tag-physiodermie","14":"instock","15":"shipping-taxable","16":"purchasable","17":"product-type-simple","18":"product-grid-view"},"aioseo_notices":[],"_links":{"self":[{"href":"https:\/\/posana.com\/fr\/wp-json\/wp\/v2\/product\/22581","targetHints":{"allow":["GET"]}}],"collection":[{"href":"https:\/\/posana.com\/fr\/wp-json\/wp\/v2\/product"}],"about":[{"href":"https:\/\/posana.com\/fr\/wp-json\/wp\/v2\/types\/product"}],"replies":[{"embeddable":true,"href":"https:\/\/posana.com\/fr\/wp-json\/wp\/v2\/comments?post=22581"}],"version-history":[{"count":2,"href":"https:\/\/posana.com\/fr\/wp-json\/wp\/v2\/product\/22581\/revisions"}],"predecessor-version":[{"id":22799,"href":"https:\/\/posana.com\/fr\/wp-json\/wp\/v2\/product\/22581\/revisions\/22799"}],"wp:featuredmedia":[{"embeddable":true,"href":"https:\/\/posana.com\/fr\/wp-json\/wp\/v2\/media\/22798"}],"wp:attachment":[{"href":"https:\/\/posana.com\/fr\/wp-json\/wp\/v2\/media?parent=22581"}],"wp:term":[{"taxonomy":"product_brand","embeddable":true,"href":"https:\/\/posana.com\/fr\/wp-json\/wp\/v2\/product_brand?post=22581"},{"taxonomy":"product_cat","embeddable":true,"href":"https:\/\/posana.com\/fr\/wp-json\/wp\/v2\/product_cat?post=22581"},{"taxonomy":"product_tag","embeddable":true,"href":"https:\/\/posana.com\/fr\/wp-json\/wp\/v2\/product_tag?post=22581"},{"taxonomy":"mwb_booking_cost","embeddable":true,"href":"https:\/\/posana.com\/fr\/wp-json\/wp\/v2\/mwb_booking_cost?post=22581"},{"taxonomy":"mwb_booking_service","embeddable":true,"href":"https:\/\/posana.com\/fr\/wp-json\/wp\/v2\/mwb_booking_service?post=22581"}],"curies":[{"name":"wp","href":"https:\/\/api.w.org\/{rel}","templated":true}]}}