{"id":22578,"date":"2024-12-24T14:17:47","date_gmt":"2024-12-24T14:17:47","guid":{"rendered":"https:\/\/posana.com\/?post_type=product&#038;p=22578"},"modified":"2025-02-09T19:58:51","modified_gmt":"2025-02-09T19:58:51","slug":"physiodermie-bio-peeling-75-ml","status":"publish","type":"product","link":"https:\/\/posana.com\/fr\/produit\/physiodermie-bio-peeling-75-ml\/","title":{"rendered":"Physiodermie Bio-Peeling 75 ml"},"content":{"rendered":"<p>Pour tous les types de peau Exfoliateur d'enzymes \u00e0 double action qui balaie doucement les cellules mortes favorisant le processus de renouvellement cellulaire tout en oxyg\u00e9nant la peau. Assez doux pour \u00eatre utilis\u00e9 sur la peau extr\u00eamement sensible et aussi sur la zone du contour de l'\u0153il.<\/p>\n<h4>AVANTAGES<\/h4>\n<ul>\n<li>Activer les cellules mortes et les impuret\u00e9s \u00e0 enlever doucement pendant le massage.<\/li>\n<li>Laisse la peau douce et souple.<\/li>\n<li>La formule douce peut \u00eatre appliqu\u00e9e sur la zone du contour de l'\u0153il, les l\u00e8vres et sur les types de peau sensibles.<\/li>\n<li>D\u00e9branchez et affine l'aspect pore.<\/li>\n<li>La peau devient instantan\u00e9ment lumineuse et rayonne d'une lueur saine\n<ul class=\"tabs wc-tabs\">\n<li class=\"description_tab active\"><span style=\"color: #000000;\"><strong><a style=\"color: #000000;\" href=\"https:\/\/physiodermie.com\/product\/soft-face-bio-peeling-instant-smoothness\/#tab-description\">COMMENT UTILISER<\/a><\/strong><\/span><\/li>\n<\/ul>\n<div id=\"tab-description\" class=\"woocommerce-Tabs-panel woocommerce-Tabs-panel--description panel entry-content wc-tab\">Apply the Soft-Face Bio-Peeling on dry skin all over the face and neck. Allow to dry for approximately 3-4 minutes. Then, make gentle circular movements with fingers to remove by lifting. (The product is ivory upon application. As it becomes darker, it indicates the degree to which dead cells and toxins are trapped in the skin).<br \/>\n\u2022 Use once a week on healthy skin.<br \/>\n\u2022 Can be used every day for 30 days on impure skin.<\/p>\n<ul class=\"tabs wc-tabs\">\n<li class=\"0_tab active\"><span style=\"color: #000000;\"><strong><a style=\"color: #000000;\" href=\"https:\/\/physiodermie.com\/product\/soft-face-bio-peeling-instant-smoothness\/#tab-0\">INGR\u00c9DIENTS KEY<\/a><\/strong><\/span><\/li>\n<\/ul>\n<div id=\"tab-0\" class=\"woocommerce-Tabs-panel woocommerce-Tabs-panel--0 panel entry-content wc-tab\">\n<ul>\n<li>Soft non-aggressive microspheres.<\/li>\n<li>Marine Bio-saccharides (Alginates).<\/li>\n<li>Long lasting biological Keratolytic complex.<\/li>\n<li>Bamboo extract.<\/li>\n<li>Complex of epidermis emollient, softening, protective agents.\n<ul class=\"tabs wc-tabs\">\n<li class=\"1_tab active\"><span style=\"color: #000000;\"><strong><a style=\"color: #000000;\" href=\"https:\/\/physiodermie.com\/product\/soft-face-bio-peeling-instant-smoothness\/#tab-1\">TECHNOLOGIES<\/a><\/strong><\/span><\/li>\n<\/ul>\n<div id=\"tab-1\" class=\"woocommerce-Tabs-panel woocommerce-Tabs-panel--1 panel entry-content wc-tab\">\n<ul>\n<li>Formule micro-encapsul\u00e9e.<\/li>\n<\/ul>\n<\/div>\n<\/li>\n<\/ul>\n<\/div>\n<\/div>\n<\/li>\n<\/ul>","protected":false},"excerpt":{"rendered":"<p>For all skin types Double action enzyme exfoliator that gently sweeps away dead cells favoring the cellular renewal process while oxygenating the skin. Gentle enough to be used on extremely sensitive skin and also on the eye contour area. BENEFITS Enable dead cells and impurities to be removed gently during the massage. Leaves skin soft [&hellip;]<\/p>\n","protected":false},"featured_media":22793,"comment_status":"open","ping_status":"closed","template":"","meta":{"om_disable_all_campaigns":false,"_monsterinsights_skip_tracking":false,"_monsterinsights_sitenote_active":false,"_monsterinsights_sitenote_note":"","_monsterinsights_sitenote_category":0},"product_brand":[186],"product_cat":[61],"product_tag":[170],"mwb_booking_cost":[],"mwb_booking_service":[],"class_list":{"0":"post-22578","1":"product","2":"type-product","3":"status-publish","4":"has-post-thumbnail","6":"product_brand-physiodermie","7":"product_cat-skin-care-products","8":"product_tag-physiodermie","11":"instock","12":"shipping-taxable","13":"purchasable","14":"product-type-simple","15":"product-grid-view"},"aioseo_notices":[],"_links":{"self":[{"href":"https:\/\/posana.com\/fr\/wp-json\/wp\/v2\/product\/22578","targetHints":{"allow":["GET"]}}],"collection":[{"href":"https:\/\/posana.com\/fr\/wp-json\/wp\/v2\/product"}],"about":[{"href":"https:\/\/posana.com\/fr\/wp-json\/wp\/v2\/types\/product"}],"replies":[{"embeddable":true,"href":"https:\/\/posana.com\/fr\/wp-json\/wp\/v2\/comments?post=22578"}],"version-history":[{"count":2,"href":"https:\/\/posana.com\/fr\/wp-json\/wp\/v2\/product\/22578\/revisions"}],"predecessor-version":[{"id":22794,"href":"https:\/\/posana.com\/fr\/wp-json\/wp\/v2\/product\/22578\/revisions\/22794"}],"wp:featuredmedia":[{"embeddable":true,"href":"https:\/\/posana.com\/fr\/wp-json\/wp\/v2\/media\/22793"}],"wp:attachment":[{"href":"https:\/\/posana.com\/fr\/wp-json\/wp\/v2\/media?parent=22578"}],"wp:term":[{"taxonomy":"product_brand","embeddable":true,"href":"https:\/\/posana.com\/fr\/wp-json\/wp\/v2\/product_brand?post=22578"},{"taxonomy":"product_cat","embeddable":true,"href":"https:\/\/posana.com\/fr\/wp-json\/wp\/v2\/product_cat?post=22578"},{"taxonomy":"product_tag","embeddable":true,"href":"https:\/\/posana.com\/fr\/wp-json\/wp\/v2\/product_tag?post=22578"},{"taxonomy":"mwb_booking_cost","embeddable":true,"href":"https:\/\/posana.com\/fr\/wp-json\/wp\/v2\/mwb_booking_cost?post=22578"},{"taxonomy":"mwb_booking_service","embeddable":true,"href":"https:\/\/posana.com\/fr\/wp-json\/wp\/v2\/mwb_booking_service?post=22578"}],"curies":[{"name":"wp","href":"https:\/\/api.w.org\/{rel}","templated":true}]}}