{"id":22577,"date":"2024-12-24T14:17:47","date_gmt":"2024-12-24T14:17:47","guid":{"rendered":"https:\/\/posana.com\/?post_type=product&#038;p=22577"},"modified":"2025-03-04T11:43:11","modified_gmt":"2025-03-04T11:43:11","slug":"physiomask-global-balancing-revitalising-75ml","status":"publish","type":"product","link":"https:\/\/posana.com\/fr\/produit\/physiomask-global-balancing-revitalising-75ml\/","title":{"rendered":"Physiomasque Global Equilibrant Revitalisant 75ml"},"content":{"rendered":"<div>\n<h5><strong>Applocation:<\/strong><\/h5>\n<p>Utilisez apr\u00e8s chaque exfoliation, une \u00e0 deux fois par semaine et chaque fois que vous voulez donner \u00e0 votre peau un traitement intense. Apr\u00e8s avoir nettoy\u00e9 et exfoli\u00e9 votre peau, appliquez le Physiomask Global sur votre visage et votre cou.<\/p>\n<p><strong>Soins \u00e0 domicile:<\/strong>\u00a0Peut \u00eatre appliqu\u00e9 seul ou en association avec le Concentr\u00e9 Essentiel Oligo, l'Huile Multi-Revitalisante ou le Bioarome adapt\u00e9. Appliquer une couche de masque l\u00e9g\u00e8rement \u00e9paisse sur le visage et le cou, en \u00e9vitant la zone des yeux, les sourcils et les zones de petits cheveux autour du visage. Laisser agir pendant environ 15 \u00e0 20 minutes jusqu'\u00e0 ce que compl\u00e8tement sec. Tirez doucement le film qui s'est form\u00e9 du bas du visage vers le haut. Pour proc\u00e9der ensuite \u00e0 l'application de soins sp\u00e9cifiques Physiodermie.<\/p>\n<p><strong>Conseils:<\/strong>\u00a0Proc\u00e9dez au nettoyage et au d\u00e9maquillage avec les nettoyants et les d\u00e9maquillants Physiodermie. Ensuite, appliquez un gommage Physiodermie pour enlever les cellules mortes et permettre au masque d'\u00eatre mieux absorb\u00e9 par la peau.<\/p>\n<p><strong>Soins sp\u00e9cifiques:<\/strong>\u00a0choisissez l\u2019\u00e9mulsion correspondant \u00e0 votre peau et n\u2019h\u00e9sitez pas \u00e0 ajouter un Bioarome pour traiter un besoin cibl\u00e9.<\/p>\n<\/div>\n<p>&nbsp;<\/p>\n<p><strong>Avantages :<\/strong><br \/>\n(1) \u00c9quilibre la peau pour restaurer un ton sain, (2) lisse instantan\u00e9ment et raffermir l\u2019\u00e9piderme, (3) hydrate et r\u00e9g\u00e9n\u00e8re la barri\u00e8re hydratante de la peau, (4) am\u00e9liore l\u2019\u00e9lasticit\u00e9 de la peau.<\/p>\n<p>&nbsp;<\/p>\n<p><strong>Ingr\u00e9dients:<\/strong><\/p>\n<p>Aqua (Water), Polyvinyl Alcohol, Alcohol Denat., Propylene Glycol, PEG-6 Caprylic\/Capric Glycerides, Polysorbate 20, Glycerin, Butylene Glycol, Chamomilla Recutita (Matricaria) Flower Extract, Hedera Helix (Ivy) Leaf\/Stem Extract, Hamamelis Virginiana (Witch Hazel) Leaf Extract, Ruscus Aculeatus Root Extract, Lavandula Angustifolia (Lavender) Oil, Aniba Rosaeodora (Rosewood) Wood Oil, Dipotassium Glycyrrhizate, Echinacea Purpurea Root Extract, Phenoxyethanol, Ethylhexylglycerin, Sodium Benzoate, Potassium Sorbate, Polyquaternium-51, Yeast Extract, Alpha-Glucan Oligosaccharide, Rosmarinus Officinalis (Rosemary) Leaf Oil, Methanol, Sodium Acetate, Methyl Acetate, Panthenol, Hydrogenated Starch Hydrolysate, Aesculus Hippocastanum (Horse Chestnut) Seed Extract, Lactic Acid, Sodium Phosphate, Linalool, Geraniol.<\/p>\n<p>*Nos formules pouvant \u00eatre amen\u00e9es \u00e0 \u00e9voluer, veuillez vous reporter \u00e9galement \u00e0 la liste d\u2019ingr\u00e9dients figurant sur l\u2019emballage du produit et faisant seule foi.<\/p>","protected":false},"excerpt":{"rendered":"<p><strong>For all skin types. Balancing Revitalizing<\/strong><\/p>\n<p>Peel-off film mask rich in PCbG Complex, natural essential oils, plant extracts of Chamomile, Ivy, Hamamelis, Coneflower and Butcher\u2019s Broom, and energizing minerals. Eliminates impurities. Leaves the skin smooth, soft, and radiant. Unifies the complexion.<\/p>\n<p>[ 75 ml ]<\/p>\n","protected":false},"featured_media":22791,"comment_status":"open","ping_status":"closed","template":"","meta":{"om_disable_all_campaigns":false,"_monsterinsights_skip_tracking":false,"_monsterinsights_sitenote_active":false,"_monsterinsights_sitenote_note":"","_monsterinsights_sitenote_category":0},"product_brand":[186],"product_cat":[61],"product_tag":[170],"mwb_booking_cost":[],"mwb_booking_service":[],"class_list":{"0":"post-22577","1":"product","2":"type-product","3":"status-publish","4":"has-post-thumbnail","6":"product_brand-physiodermie","7":"product_cat-skin-care-products","8":"product_tag-physiodermie","11":"instock","12":"shipping-taxable","13":"purchasable","14":"product-type-simple","15":"product-grid-view"},"aioseo_notices":[],"_links":{"self":[{"href":"https:\/\/posana.com\/fr\/wp-json\/wp\/v2\/product\/22577","targetHints":{"allow":["GET"]}}],"collection":[{"href":"https:\/\/posana.com\/fr\/wp-json\/wp\/v2\/product"}],"about":[{"href":"https:\/\/posana.com\/fr\/wp-json\/wp\/v2\/types\/product"}],"replies":[{"embeddable":true,"href":"https:\/\/posana.com\/fr\/wp-json\/wp\/v2\/comments?post=22577"}],"version-history":[{"count":4,"href":"https:\/\/posana.com\/fr\/wp-json\/wp\/v2\/product\/22577\/revisions"}],"predecessor-version":[{"id":24819,"href":"https:\/\/posana.com\/fr\/wp-json\/wp\/v2\/product\/22577\/revisions\/24819"}],"wp:featuredmedia":[{"embeddable":true,"href":"https:\/\/posana.com\/fr\/wp-json\/wp\/v2\/media\/22791"}],"wp:attachment":[{"href":"https:\/\/posana.com\/fr\/wp-json\/wp\/v2\/media?parent=22577"}],"wp:term":[{"taxonomy":"product_brand","embeddable":true,"href":"https:\/\/posana.com\/fr\/wp-json\/wp\/v2\/product_brand?post=22577"},{"taxonomy":"product_cat","embeddable":true,"href":"https:\/\/posana.com\/fr\/wp-json\/wp\/v2\/product_cat?post=22577"},{"taxonomy":"product_tag","embeddable":true,"href":"https:\/\/posana.com\/fr\/wp-json\/wp\/v2\/product_tag?post=22577"},{"taxonomy":"mwb_booking_cost","embeddable":true,"href":"https:\/\/posana.com\/fr\/wp-json\/wp\/v2\/mwb_booking_cost?post=22577"},{"taxonomy":"mwb_booking_service","embeddable":true,"href":"https:\/\/posana.com\/fr\/wp-json\/wp\/v2\/mwb_booking_service?post=22577"}],"curies":[{"name":"wp","href":"https:\/\/api.w.org\/{rel}","templated":true}]}}