{"id":22542,"date":"2024-12-24T14:17:43","date_gmt":"2024-12-24T14:17:43","guid":{"rendered":"https:\/\/posana.com\/?post_type=product&#038;p=22542"},"modified":"2025-02-09T19:58:51","modified_gmt":"2025-02-09T19:58:51","slug":"photorajeunissement-facial-specifique","status":"publish","type":"product","link":"https:\/\/posana.com\/fr\/produit\/photorajeunissement-facial-specifique\/","title":{"rendered":"Photorajeunissement + Facial sp\u00e9cifique"},"content":{"rendered":"<div>Un soin signature regroupant :<\/div>\n<div>\u2726 Un traitement photorajeunissement \u00e0 la lumi\u00e8re puls\u00e9e combin\u00e9e avec de la radio-fr\u00e9quence.<\/div>\n<p>\u2726 Un facial sp\u00e9cifique Physiodermie (MLD).<\/p>","protected":false},"excerpt":{"rendered":"<p>Un soin signature regroupant : \u2726 Un traitement photorajeunissement \u00e0 la lumi\u00e8re puls\u00e9e combin\u00e9e avec de la radio-fr\u00e9quence. \u2726 Un facial sp\u00e9cifique Physiodermie (MLD).<\/p>","protected":false},"featured_media":22813,"comment_status":"open","ping_status":"closed","template":"","meta":{"om_disable_all_campaigns":false,"_monsterinsights_skip_tracking":false,"_monsterinsights_sitenote_active":false,"_monsterinsights_sitenote_note":"","_monsterinsights_sitenote_category":0},"product_brand":[186],"product_cat":[139,142],"product_tag":[170],"mwb_booking_cost":[],"mwb_booking_service":[],"class_list":{"0":"post-22542","1":"product","2":"type-product","3":"status-publish","4":"has-post-thumbnail","6":"product_brand-physiodermie","7":"product_cat-services","8":"product_cat-skin-care-treatment","9":"product_tag-physiodermie","12":"instock","13":"shipping-taxable","14":"purchasable","15":"product-type-simple","16":"product-grid-view"},"aioseo_notices":[],"_links":{"self":[{"href":"https:\/\/posana.com\/fr\/wp-json\/wp\/v2\/product\/22542","targetHints":{"allow":["GET"]}}],"collection":[{"href":"https:\/\/posana.com\/fr\/wp-json\/wp\/v2\/product"}],"about":[{"href":"https:\/\/posana.com\/fr\/wp-json\/wp\/v2\/types\/product"}],"replies":[{"embeddable":true,"href":"https:\/\/posana.com\/fr\/wp-json\/wp\/v2\/comments?post=22542"}],"version-history":[{"count":2,"href":"https:\/\/posana.com\/fr\/wp-json\/wp\/v2\/product\/22542\/revisions"}],"predecessor-version":[{"id":22814,"href":"https:\/\/posana.com\/fr\/wp-json\/wp\/v2\/product\/22542\/revisions\/22814"}],"wp:featuredmedia":[{"embeddable":true,"href":"https:\/\/posana.com\/fr\/wp-json\/wp\/v2\/media\/22813"}],"wp:attachment":[{"href":"https:\/\/posana.com\/fr\/wp-json\/wp\/v2\/media?parent=22542"}],"wp:term":[{"taxonomy":"product_brand","embeddable":true,"href":"https:\/\/posana.com\/fr\/wp-json\/wp\/v2\/product_brand?post=22542"},{"taxonomy":"product_cat","embeddable":true,"href":"https:\/\/posana.com\/fr\/wp-json\/wp\/v2\/product_cat?post=22542"},{"taxonomy":"product_tag","embeddable":true,"href":"https:\/\/posana.com\/fr\/wp-json\/wp\/v2\/product_tag?post=22542"},{"taxonomy":"mwb_booking_cost","embeddable":true,"href":"https:\/\/posana.com\/fr\/wp-json\/wp\/v2\/mwb_booking_cost?post=22542"},{"taxonomy":"mwb_booking_service","embeddable":true,"href":"https:\/\/posana.com\/fr\/wp-json\/wp\/v2\/mwb_booking_service?post=22542"}],"curies":[{"name":"wp","href":"https:\/\/api.w.org\/{rel}","templated":true}]}}