{"id":22540,"date":"2024-12-24T14:17:43","date_gmt":"2024-12-24T14:17:43","guid":{"rendered":"https:\/\/posana.com\/?post_type=product&#038;p=22540"},"modified":"2025-01-29T20:55:14","modified_gmt":"2025-01-29T20:55:14","slug":"pandem-32ml","status":"publish","type":"product","link":"https:\/\/posana.com\/fr\/produit\/pandem-32ml\/","title":{"rendered":"Pandem 32ml"},"content":{"rendered":"<p>Cette synergie d'eucalyptus officinale, d'eucalyptus globulaire, de sapin baumier, de laurier, de cajeput, de romarin officinale 1.8 cineol, niaouli, de girofle, de ravintsare, de saro et de marjolaine d'Espagne, peut \u00eatre diffus\u00e9e dans l'air ou utilis\u00e9e pure en massage sur la poitrine et sous les pieds. Appliquer une douzaine de gouttes sur le thorax et\/ou sur le dos. Ce traitement peut \u00eatre r\u00e9p\u00e9t\u00e9 3 \u00e0 5 fois par jour pendant une forte congestion. R\u00e9duisez les gouttes et les r\u00e9p\u00e9titions \u00e0 mesure que vous vous am\u00e9liorez. Pour les enfants de moins de 3 ans, appliquer sous le pied ou diluer la synergie dans une huile de massage.<\/p>","protected":false},"excerpt":{"rendered":"<p>This synergy of eucalyptus officinale, globular eucalyptus, balsam fir, laurel, cajeput, rosemary officinale 1.8 cineol, niaouli, clove, ravintsare, saro, and marjoram of Spain, can be diffused in the air or used pure in massage on the chest and under the feet. Apply a dozen drops on the thorax and \/ or on the back. This [&hellip;]<\/p>\n","protected":false},"featured_media":22810,"comment_status":"open","ping_status":"closed","template":"","meta":{"om_disable_all_campaigns":false,"_monsterinsights_skip_tracking":false,"_monsterinsights_sitenote_active":false,"_monsterinsights_sitenote_note":"","_monsterinsights_sitenote_category":0},"product_brand":[],"product_cat":[107],"product_tag":[183],"mwb_booking_cost":[],"mwb_booking_service":[],"class_list":{"0":"post-22540","1":"product","2":"type-product","3":"status-publish","4":"has-post-thumbnail","6":"product_cat-other-others-products-essentials-oils","7":"product_tag-zayat-aroma","10":"instock","11":"shipping-taxable","12":"purchasable","13":"product-type-simple","14":"product-grid-view"},"aioseo_notices":[],"_links":{"self":[{"href":"https:\/\/posana.com\/fr\/wp-json\/wp\/v2\/product\/22540","targetHints":{"allow":["GET"]}}],"collection":[{"href":"https:\/\/posana.com\/fr\/wp-json\/wp\/v2\/product"}],"about":[{"href":"https:\/\/posana.com\/fr\/wp-json\/wp\/v2\/types\/product"}],"replies":[{"embeddable":true,"href":"https:\/\/posana.com\/fr\/wp-json\/wp\/v2\/comments?post=22540"}],"version-history":[{"count":2,"href":"https:\/\/posana.com\/fr\/wp-json\/wp\/v2\/product\/22540\/revisions"}],"predecessor-version":[{"id":22811,"href":"https:\/\/posana.com\/fr\/wp-json\/wp\/v2\/product\/22540\/revisions\/22811"}],"wp:featuredmedia":[{"embeddable":true,"href":"https:\/\/posana.com\/fr\/wp-json\/wp\/v2\/media\/22810"}],"wp:attachment":[{"href":"https:\/\/posana.com\/fr\/wp-json\/wp\/v2\/media?parent=22540"}],"wp:term":[{"taxonomy":"product_brand","embeddable":true,"href":"https:\/\/posana.com\/fr\/wp-json\/wp\/v2\/product_brand?post=22540"},{"taxonomy":"product_cat","embeddable":true,"href":"https:\/\/posana.com\/fr\/wp-json\/wp\/v2\/product_cat?post=22540"},{"taxonomy":"product_tag","embeddable":true,"href":"https:\/\/posana.com\/fr\/wp-json\/wp\/v2\/product_tag?post=22540"},{"taxonomy":"mwb_booking_cost","embeddable":true,"href":"https:\/\/posana.com\/fr\/wp-json\/wp\/v2\/mwb_booking_cost?post=22540"},{"taxonomy":"mwb_booking_service","embeddable":true,"href":"https:\/\/posana.com\/fr\/wp-json\/wp\/v2\/mwb_booking_service?post=22540"}],"curies":[{"name":"wp","href":"https:\/\/api.w.org\/{rel}","templated":true}]}}