{"id":22538,"date":"2024-12-24T14:17:43","date_gmt":"2024-12-24T14:17:43","guid":{"rendered":"https:\/\/posana.com\/?post_type=product&#038;p=22538"},"modified":"2024-12-25T15:32:14","modified_gmt":"2024-12-25T15:32:14","slug":"palma-christi-gold-organic-240ml","status":"publish","type":"product","link":"https:\/\/posana.com\/fr\/produit\/palma-christi-gold-organic-240ml\/","title":{"rendered":"Palma Christi Gold (organique) 240ml"},"content":{"rendered":"<p>Huile de ricin certifi\u00e9e biologique (par OCQV)<\/p>\n<p>Palma Christi Gold est embouteill\u00e9 dans du verre pour mieux prot\u00e9ger l'int\u00e9grit\u00e9 de cette huile de ricin premium.<br \/>\nChaque \u00e9tape de sa production, de la plantation \u00e0 la pressage, a \u00e9t\u00e9 r\u00e9alis\u00e9e sous surveillance attentive pour vous apporter la meilleure qualit\u00e9 possible.<br \/>\n240ml bottle<\/p>","protected":false},"excerpt":{"rendered":"<p>Organic certified Castor Oil (by OCQV) Palma Christi Gold is bottled in glass to better protect the integrity of this premium castor oil. Each step of its production, from planting to pressing, has been carried out under attentive supervision to bring you the finest quality possible. 240ml bottle<\/p>","protected":false},"featured_media":22805,"comment_status":"open","ping_status":"closed","template":"","meta":{"om_disable_all_campaigns":false,"_monsterinsights_skip_tracking":false,"_monsterinsights_sitenote_active":false,"_monsterinsights_sitenote_note":"","_monsterinsights_sitenote_category":0},"product_brand":[],"product_cat":[113],"product_tag":[],"mwb_booking_cost":[],"mwb_booking_service":[],"class_list":{"0":"post-22538","1":"product","2":"type-product","3":"status-publish","4":"has-post-thumbnail","6":"product_cat-other-products","9":"instock","10":"shipping-taxable","11":"purchasable","12":"product-type-simple","13":"product-grid-view"},"aioseo_notices":[],"_links":{"self":[{"href":"https:\/\/posana.com\/fr\/wp-json\/wp\/v2\/product\/22538","targetHints":{"allow":["GET"]}}],"collection":[{"href":"https:\/\/posana.com\/fr\/wp-json\/wp\/v2\/product"}],"about":[{"href":"https:\/\/posana.com\/fr\/wp-json\/wp\/v2\/types\/product"}],"replies":[{"embeddable":true,"href":"https:\/\/posana.com\/fr\/wp-json\/wp\/v2\/comments?post=22538"}],"version-history":[{"count":2,"href":"https:\/\/posana.com\/fr\/wp-json\/wp\/v2\/product\/22538\/revisions"}],"predecessor-version":[{"id":22806,"href":"https:\/\/posana.com\/fr\/wp-json\/wp\/v2\/product\/22538\/revisions\/22806"}],"wp:featuredmedia":[{"embeddable":true,"href":"https:\/\/posana.com\/fr\/wp-json\/wp\/v2\/media\/22805"}],"wp:attachment":[{"href":"https:\/\/posana.com\/fr\/wp-json\/wp\/v2\/media?parent=22538"}],"wp:term":[{"taxonomy":"product_brand","embeddable":true,"href":"https:\/\/posana.com\/fr\/wp-json\/wp\/v2\/product_brand?post=22538"},{"taxonomy":"product_cat","embeddable":true,"href":"https:\/\/posana.com\/fr\/wp-json\/wp\/v2\/product_cat?post=22538"},{"taxonomy":"product_tag","embeddable":true,"href":"https:\/\/posana.com\/fr\/wp-json\/wp\/v2\/product_tag?post=22538"},{"taxonomy":"mwb_booking_cost","embeddable":true,"href":"https:\/\/posana.com\/fr\/wp-json\/wp\/v2\/mwb_booking_cost?post=22538"},{"taxonomy":"mwb_booking_service","embeddable":true,"href":"https:\/\/posana.com\/fr\/wp-json\/wp\/v2\/mwb_booking_service?post=22538"}],"curies":[{"name":"wp","href":"https:\/\/api.w.org\/{rel}","templated":true}]}}