{"id":22535,"date":"2024-12-24T14:17:43","date_gmt":"2024-12-24T14:17:43","guid":{"rendered":"https:\/\/posana.com\/?post_type=product&#038;p=22535"},"modified":"2024-12-25T15:23:03","modified_gmt":"2024-12-25T15:23:03","slug":"ph-toner-bioacne","status":"publish","type":"product","link":"https:\/\/posana.com\/fr\/produit\/ph-toner-bioacne\/","title":{"rendered":"PH Toner BioAcne"},"content":{"rendered":"<p>Bio-Gommage Corps-Velours Satin Exfoliant et Nettoyant 2 dans 1 Gr\u00e2ce \u00e0 une \u00e9mulsion onctu\u00e9e et subtilement moussante, il \u00e9limine en douceur les cellules mortes. Les micro-sph\u00e8res massent, tonifiant, d\u00e9toxifiant l\u2019\u00e9piderme, lissend la peau uniforme et acc\u00e9l\u00e9rent le renouvellelement cellulaire.<\/p>","protected":false},"excerpt":{"rendered":"<p>Bio-Gommage Corps-Velours Satin Exfoliant et Nettoyant 2 dans 1 Gr\u00e2ce \u00e0 une \u00e9mulsion onctu\u00e9e et subtilement moussante, il \u00e9limine en douceur les cellules mortes. Les micro-sph\u00e8res massent, tonifiant, d\u00e9toxifiant l\u2019\u00e9piderme, lissend la peau uniforme et acc\u00e9l\u00e9rent le renouvellelement cellulaire.<\/p>","protected":false},"featured_media":22802,"comment_status":"open","ping_status":"closed","template":"","meta":{"om_disable_all_campaigns":false,"_monsterinsights_skip_tracking":false,"_monsterinsights_sitenote_active":false,"_monsterinsights_sitenote_note":"","_monsterinsights_sitenote_category":0},"product_brand":[],"product_cat":[61],"product_tag":[],"mwb_booking_cost":[],"mwb_booking_service":[],"class_list":{"0":"post-22535","1":"product","2":"type-product","3":"status-publish","4":"has-post-thumbnail","6":"product_cat-skin-care-products","9":"instock","10":"shipping-taxable","11":"purchasable","12":"product-type-simple","13":"product-grid-view"},"aioseo_notices":[],"_links":{"self":[{"href":"https:\/\/posana.com\/fr\/wp-json\/wp\/v2\/product\/22535","targetHints":{"allow":["GET"]}}],"collection":[{"href":"https:\/\/posana.com\/fr\/wp-json\/wp\/v2\/product"}],"about":[{"href":"https:\/\/posana.com\/fr\/wp-json\/wp\/v2\/types\/product"}],"replies":[{"embeddable":true,"href":"https:\/\/posana.com\/fr\/wp-json\/wp\/v2\/comments?post=22535"}],"version-history":[{"count":2,"href":"https:\/\/posana.com\/fr\/wp-json\/wp\/v2\/product\/22535\/revisions"}],"predecessor-version":[{"id":22803,"href":"https:\/\/posana.com\/fr\/wp-json\/wp\/v2\/product\/22535\/revisions\/22803"}],"wp:featuredmedia":[{"embeddable":true,"href":"https:\/\/posana.com\/fr\/wp-json\/wp\/v2\/media\/22802"}],"wp:attachment":[{"href":"https:\/\/posana.com\/fr\/wp-json\/wp\/v2\/media?parent=22535"}],"wp:term":[{"taxonomy":"product_brand","embeddable":true,"href":"https:\/\/posana.com\/fr\/wp-json\/wp\/v2\/product_brand?post=22535"},{"taxonomy":"product_cat","embeddable":true,"href":"https:\/\/posana.com\/fr\/wp-json\/wp\/v2\/product_cat?post=22535"},{"taxonomy":"product_tag","embeddable":true,"href":"https:\/\/posana.com\/fr\/wp-json\/wp\/v2\/product_tag?post=22535"},{"taxonomy":"mwb_booking_cost","embeddable":true,"href":"https:\/\/posana.com\/fr\/wp-json\/wp\/v2\/mwb_booking_cost?post=22535"},{"taxonomy":"mwb_booking_service","embeddable":true,"href":"https:\/\/posana.com\/fr\/wp-json\/wp\/v2\/mwb_booking_service?post=22535"}],"curies":[{"name":"wp","href":"https:\/\/api.w.org\/{rel}","templated":true}]}}