{"id":22534,"date":"2024-12-24T14:17:43","date_gmt":"2024-12-24T14:17:43","guid":{"rendered":"https:\/\/posana.com\/?post_type=product&#038;p=22534"},"modified":"2025-03-09T21:32:03","modified_gmt":"2025-03-09T21:32:03","slug":"optimum-lift-emulsion-50ml","status":"publish","type":"product","link":"https:\/\/posana.com\/fr\/produit\/optimum-lift-emulsion-50ml\/","title":{"rendered":"Emulsion Antirides"},"content":{"rendered":"<div>\n<p>Cible l'apparition de rides et de ridules.<br \/>\nHydrate la peau et am\u00e9liore son ton, son \u00e9lasticit\u00e9 et sa texture. Son effet lissant r\u00e9duit l'apparence des rides et des ridules d\u00e8s les premi\u00e8res applications. Rend les zones du visage visiblement plus jeune.<\/p>\n<p>50 ml | 1.70 fl.oz<\/p>\n<h6>COMMENT UTILISER<\/h6>\n<p>Nettoyez le visage avec le lait profond <a href=\"https:\/\/urlz.fr\/bMRY\">https:\/\/urlz.fr\/bMRY<\/a> and\/or the Shower Hydrating Milk (SL) <a href=\"https:\/\/urlz.fr\/bMSs\">https:\/\/urlz.fr\/bMSs<\/a> et suivi de la lotion stabilisatrice <a href=\"https:\/\/urlz.fr\/bMSv\">https:\/\/urlz.fr\/bMSv<\/a> Appliquer l'\u00e9mulsion de levage Optimum sur le visage et le cou et masser doucement pour permettre une p\u00e9n\u00e9tration totale. Deux fois par jour, matin et soir. Pour des r\u00e9sultats optimaux: utiliser le Bio-Peeling Soft Face <a href=\"https:\/\/urlz.fr\/bMSQ\">https:\/\/urlz.fr\/bMSQ<\/a> one to two times a week.<\/p>\n<\/div>","protected":false},"excerpt":{"rendered":"<p>Targets the appearance of wrinkles and fine lines. Moisturizes the skin and improves its tone, elasticity and texture. Its smoothing effect reduces the appearance of wrinkles and fine lines from the first applications. Makes the facial zones look visibly younger. 50 ml | 1.70 fl.oz HOW TO USE Cleanse the face with the Deep Cleensing [&hellip;]<\/p>\n","protected":false},"featured_media":22800,"comment_status":"open","ping_status":"closed","template":"","meta":{"om_disable_all_campaigns":false,"_monsterinsights_skip_tracking":false,"_monsterinsights_sitenote_active":false,"_monsterinsights_sitenote_note":"","_monsterinsights_sitenote_category":0},"product_brand":[186],"product_cat":[138,133,61],"product_tag":[170],"mwb_booking_cost":[],"mwb_booking_service":[],"class_list":{"0":"post-22534","1":"product","2":"type-product","3":"status-publish","4":"has-post-thumbnail","6":"product_brand-physiodermie","7":"product_cat-anti-aging","8":"product_cat-emulsions","9":"product_cat-skin-care-products","10":"product_tag-physiodermie","13":"instock","14":"shipping-taxable","15":"purchasable","16":"product-type-simple","17":"product-grid-view"},"aioseo_notices":[],"_links":{"self":[{"href":"https:\/\/posana.com\/fr\/wp-json\/wp\/v2\/product\/22534","targetHints":{"allow":["GET"]}}],"collection":[{"href":"https:\/\/posana.com\/fr\/wp-json\/wp\/v2\/product"}],"about":[{"href":"https:\/\/posana.com\/fr\/wp-json\/wp\/v2\/types\/product"}],"replies":[{"embeddable":true,"href":"https:\/\/posana.com\/fr\/wp-json\/wp\/v2\/comments?post=22534"}],"version-history":[{"count":2,"href":"https:\/\/posana.com\/fr\/wp-json\/wp\/v2\/product\/22534\/revisions"}],"predecessor-version":[{"id":22801,"href":"https:\/\/posana.com\/fr\/wp-json\/wp\/v2\/product\/22534\/revisions\/22801"}],"wp:featuredmedia":[{"embeddable":true,"href":"https:\/\/posana.com\/fr\/wp-json\/wp\/v2\/media\/22800"}],"wp:attachment":[{"href":"https:\/\/posana.com\/fr\/wp-json\/wp\/v2\/media?parent=22534"}],"wp:term":[{"taxonomy":"product_brand","embeddable":true,"href":"https:\/\/posana.com\/fr\/wp-json\/wp\/v2\/product_brand?post=22534"},{"taxonomy":"product_cat","embeddable":true,"href":"https:\/\/posana.com\/fr\/wp-json\/wp\/v2\/product_cat?post=22534"},{"taxonomy":"product_tag","embeddable":true,"href":"https:\/\/posana.com\/fr\/wp-json\/wp\/v2\/product_tag?post=22534"},{"taxonomy":"mwb_booking_cost","embeddable":true,"href":"https:\/\/posana.com\/fr\/wp-json\/wp\/v2\/mwb_booking_cost?post=22534"},{"taxonomy":"mwb_booking_service","embeddable":true,"href":"https:\/\/posana.com\/fr\/wp-json\/wp\/v2\/mwb_booking_service?post=22534"}],"curies":[{"name":"wp","href":"https:\/\/api.w.org\/{rel}","templated":true}]}}