{"id":22533,"date":"2024-12-24T14:17:42","date_gmt":"2024-12-24T14:17:42","guid":{"rendered":"https:\/\/posana.com\/?post_type=product&#038;p=22533"},"modified":"2025-01-08T14:06:54","modified_gmt":"2025-01-08T14:06:54","slug":"optimum-lift-cream-200ml","status":"publish","type":"product","link":"https:\/\/posana.com\/fr\/produit\/optimum-lift-cream-200ml\/","title":{"rendered":"Cr\u00e8me de levage Optimum 200ml"},"content":{"rendered":"<p>Cr\u00e8me de traitement anti-rides<br \/>\nCr\u00e8me de traitement anti-vieillissement. Renforce les fibres de collag\u00e8ne et acc\u00e9l\u00e8re le renouvellement cellulaire. Ralentit le processus de vieillissement et emp\u00eache l'apparition des rides. Les r\u00e9sultats seront visibles apr\u00e8s quelques demandes. La peau devient hydrat\u00e9e, tonique et lisse. Recommand\u00e9 pour la peau avec des ridules et des rides.Types de peau<br \/>\n\u0095 Lignes fines et rides<br \/>\n\u0095 Mature, d\u00e9vitalis\u00e9e, et soleil endommag\u00e9 la peau<br \/>\n\u0095 Tous les types de peau<br \/>\n\u0095 Peau l\u00e2che sur le sein, d\u00e9collet\u00e9 et cou<br \/>\n\u0095 Zone oculaire<\/p>","protected":false},"excerpt":{"rendered":"<p>Anti-wrinkle treatment cream Anti-aging treatment cream. Strengthens the collagen fibers and accelerates cellular renewal. Slows down the aging process and prevents the appearance of wrinkles. Results will be apparent after a few applications. Skin becomes moisturized, toned and smooth. Recommended for skin with fine lines and wrinkles.Skin Types \u0095 Fine lines and wrinkles \u0095 Mature, [&hellip;]<\/p>\n","protected":false},"featured_media":22849,"comment_status":"open","ping_status":"closed","template":"","meta":{"om_disable_all_campaigns":false,"_monsterinsights_skip_tracking":false,"_monsterinsights_sitenote_active":false,"_monsterinsights_sitenote_note":"","_monsterinsights_sitenote_category":0},"product_brand":[],"product_cat":[133,61],"product_tag":[],"mwb_booking_cost":[],"mwb_booking_service":[],"class_list":{"0":"post-22533","1":"product","2":"type-product","3":"status-publish","4":"has-post-thumbnail","6":"product_cat-emulsions","7":"product_cat-skin-care-products","10":"instock","11":"shipping-taxable","12":"purchasable","13":"product-type-simple","14":"product-grid-view"},"aioseo_notices":[],"_links":{"self":[{"href":"https:\/\/posana.com\/fr\/wp-json\/wp\/v2\/product\/22533","targetHints":{"allow":["GET"]}}],"collection":[{"href":"https:\/\/posana.com\/fr\/wp-json\/wp\/v2\/product"}],"about":[{"href":"https:\/\/posana.com\/fr\/wp-json\/wp\/v2\/types\/product"}],"replies":[{"embeddable":true,"href":"https:\/\/posana.com\/fr\/wp-json\/wp\/v2\/comments?post=22533"}],"version-history":[{"count":2,"href":"https:\/\/posana.com\/fr\/wp-json\/wp\/v2\/product\/22533\/revisions"}],"predecessor-version":[{"id":22850,"href":"https:\/\/posana.com\/fr\/wp-json\/wp\/v2\/product\/22533\/revisions\/22850"}],"wp:featuredmedia":[{"embeddable":true,"href":"https:\/\/posana.com\/fr\/wp-json\/wp\/v2\/media\/22849"}],"wp:attachment":[{"href":"https:\/\/posana.com\/fr\/wp-json\/wp\/v2\/media?parent=22533"}],"wp:term":[{"taxonomy":"product_brand","embeddable":true,"href":"https:\/\/posana.com\/fr\/wp-json\/wp\/v2\/product_brand?post=22533"},{"taxonomy":"product_cat","embeddable":true,"href":"https:\/\/posana.com\/fr\/wp-json\/wp\/v2\/product_cat?post=22533"},{"taxonomy":"product_tag","embeddable":true,"href":"https:\/\/posana.com\/fr\/wp-json\/wp\/v2\/product_tag?post=22533"},{"taxonomy":"mwb_booking_cost","embeddable":true,"href":"https:\/\/posana.com\/fr\/wp-json\/wp\/v2\/mwb_booking_cost?post=22533"},{"taxonomy":"mwb_booking_service","embeddable":true,"href":"https:\/\/posana.com\/fr\/wp-json\/wp\/v2\/mwb_booking_service?post=22533"}],"curies":[{"name":"wp","href":"https:\/\/api.w.org\/{rel}","templated":true}]}}