{"id":22525,"date":"2024-12-24T14:17:42","date_gmt":"2024-12-24T14:17:42","guid":{"rendered":"https:\/\/posana.com\/?post_type=product&#038;p=22525"},"modified":"2025-01-08T14:05:03","modified_gmt":"2025-01-08T14:05:03","slug":"oily-skin-cream-200ml","status":"publish","type":"product","link":"https:\/\/posana.com\/fr\/produit\/oily-skin-cream-200ml\/","title":{"rendered":"Cr\u00e8me de peau grasse 200ml"},"content":{"rendered":"<div>R\u00e9gule l'exc\u00e8s de s\u00e9bum (huile) sur la surface de la peau. Cette cr\u00e8me \u00e9liminera l'apparence des points noirs et emp\u00eachera la peau de briller. Donne \u00e0 la peau un teint uniforme et mat.<\/div>","protected":false},"excerpt":{"rendered":"<p>R\u00e9gule l'exc\u00e8s de s\u00e9bum (huile) sur la surface de la peau. Cette cr\u00e8me \u00e9liminera l'apparence des points noirs et emp\u00eachera la peau de briller. Donne \u00e0 la peau un teint uniforme et mat.<\/p>","protected":false},"featured_media":22831,"comment_status":"open","ping_status":"closed","template":"","meta":{"om_disable_all_campaigns":false,"_monsterinsights_skip_tracking":false,"_monsterinsights_sitenote_active":false,"_monsterinsights_sitenote_note":"","_monsterinsights_sitenote_category":0},"product_brand":[],"product_cat":[133,61],"product_tag":[],"mwb_booking_cost":[],"mwb_booking_service":[],"class_list":{"0":"post-22525","1":"product","2":"type-product","3":"status-publish","4":"has-post-thumbnail","6":"product_cat-emulsions","7":"product_cat-skin-care-products","10":"instock","11":"shipping-taxable","12":"purchasable","13":"product-type-simple","14":"product-grid-view"},"aioseo_notices":[],"_links":{"self":[{"href":"https:\/\/posana.com\/fr\/wp-json\/wp\/v2\/product\/22525","targetHints":{"allow":["GET"]}}],"collection":[{"href":"https:\/\/posana.com\/fr\/wp-json\/wp\/v2\/product"}],"about":[{"href":"https:\/\/posana.com\/fr\/wp-json\/wp\/v2\/types\/product"}],"replies":[{"embeddable":true,"href":"https:\/\/posana.com\/fr\/wp-json\/wp\/v2\/comments?post=22525"}],"version-history":[{"count":2,"href":"https:\/\/posana.com\/fr\/wp-json\/wp\/v2\/product\/22525\/revisions"}],"predecessor-version":[{"id":22832,"href":"https:\/\/posana.com\/fr\/wp-json\/wp\/v2\/product\/22525\/revisions\/22832"}],"wp:featuredmedia":[{"embeddable":true,"href":"https:\/\/posana.com\/fr\/wp-json\/wp\/v2\/media\/22831"}],"wp:attachment":[{"href":"https:\/\/posana.com\/fr\/wp-json\/wp\/v2\/media?parent=22525"}],"wp:term":[{"taxonomy":"product_brand","embeddable":true,"href":"https:\/\/posana.com\/fr\/wp-json\/wp\/v2\/product_brand?post=22525"},{"taxonomy":"product_cat","embeddable":true,"href":"https:\/\/posana.com\/fr\/wp-json\/wp\/v2\/product_cat?post=22525"},{"taxonomy":"product_tag","embeddable":true,"href":"https:\/\/posana.com\/fr\/wp-json\/wp\/v2\/product_tag?post=22525"},{"taxonomy":"mwb_booking_cost","embeddable":true,"href":"https:\/\/posana.com\/fr\/wp-json\/wp\/v2\/mwb_booking_cost?post=22525"},{"taxonomy":"mwb_booking_service","embeddable":true,"href":"https:\/\/posana.com\/fr\/wp-json\/wp\/v2\/mwb_booking_service?post=22525"}],"curies":[{"name":"wp","href":"https:\/\/api.w.org\/{rel}","templated":true}]}}