{"id":22523,"date":"2024-12-24T14:17:42","date_gmt":"2024-12-24T14:17:42","guid":{"rendered":"https:\/\/posana.com\/?post_type=product&#038;p=22523"},"modified":"2025-01-07T16:56:36","modified_gmt":"2025-01-07T16:56:36","slug":"oily-skin-bioarome-rs-15ml","status":"publish","type":"product","link":"https:\/\/posana.com\/fr\/produit\/oily-skin-bioarome-rs-15ml\/","title":{"rendered":"Bioarome de peau grasse (RS) 15ml"},"content":{"rendered":"<p>S\u00e9rum pour peau grasse Ce s\u00e9rum r\u00e9duit et contr\u00f4le la production de s\u00e9bum. Emp\u00eache les points noirs et matifie la peau.<\/p>","protected":false},"excerpt":{"rendered":"<p>S\u00e9rum pour peau grasse Ce s\u00e9rum r\u00e9duit et contr\u00f4le la production de s\u00e9bum. Emp\u00eache les points noirs et matifie la peau.<\/p>","protected":false},"featured_media":22827,"comment_status":"open","ping_status":"closed","template":"","meta":{"om_disable_all_campaigns":false,"_monsterinsights_skip_tracking":false,"_monsterinsights_sitenote_active":false,"_monsterinsights_sitenote_note":"","_monsterinsights_sitenote_category":0},"product_brand":[],"product_cat":[132,61],"product_tag":[],"mwb_booking_cost":[],"mwb_booking_service":[],"class_list":{"0":"post-22523","1":"product","2":"type-product","3":"status-publish","4":"has-post-thumbnail","6":"product_cat-serums","7":"product_cat-skin-care-products","10":"instock","11":"shipping-taxable","12":"purchasable","13":"product-type-simple","14":"product-grid-view"},"aioseo_notices":[],"_links":{"self":[{"href":"https:\/\/posana.com\/fr\/wp-json\/wp\/v2\/product\/22523","targetHints":{"allow":["GET"]}}],"collection":[{"href":"https:\/\/posana.com\/fr\/wp-json\/wp\/v2\/product"}],"about":[{"href":"https:\/\/posana.com\/fr\/wp-json\/wp\/v2\/types\/product"}],"replies":[{"embeddable":true,"href":"https:\/\/posana.com\/fr\/wp-json\/wp\/v2\/comments?post=22523"}],"version-history":[{"count":2,"href":"https:\/\/posana.com\/fr\/wp-json\/wp\/v2\/product\/22523\/revisions"}],"predecessor-version":[{"id":22828,"href":"https:\/\/posana.com\/fr\/wp-json\/wp\/v2\/product\/22523\/revisions\/22828"}],"wp:featuredmedia":[{"embeddable":true,"href":"https:\/\/posana.com\/fr\/wp-json\/wp\/v2\/media\/22827"}],"wp:attachment":[{"href":"https:\/\/posana.com\/fr\/wp-json\/wp\/v2\/media?parent=22523"}],"wp:term":[{"taxonomy":"product_brand","embeddable":true,"href":"https:\/\/posana.com\/fr\/wp-json\/wp\/v2\/product_brand?post=22523"},{"taxonomy":"product_cat","embeddable":true,"href":"https:\/\/posana.com\/fr\/wp-json\/wp\/v2\/product_cat?post=22523"},{"taxonomy":"product_tag","embeddable":true,"href":"https:\/\/posana.com\/fr\/wp-json\/wp\/v2\/product_tag?post=22523"},{"taxonomy":"mwb_booking_cost","embeddable":true,"href":"https:\/\/posana.com\/fr\/wp-json\/wp\/v2\/mwb_booking_cost?post=22523"},{"taxonomy":"mwb_booking_service","embeddable":true,"href":"https:\/\/posana.com\/fr\/wp-json\/wp\/v2\/mwb_booking_service?post=22523"}],"curies":[{"name":"wp","href":"https:\/\/api.w.org\/{rel}","templated":true}]}}