{"id":22522,"date":"2024-12-24T14:17:42","date_gmt":"2024-12-24T14:17:42","guid":{"rendered":"https:\/\/posana.com\/?post_type=product&#038;p=22522"},"modified":"2024-12-25T17:02:37","modified_gmt":"2024-12-25T17:02:37","slug":"o-wow-brush-for-contouring","status":"publish","type":"product","link":"https:\/\/posana.com\/fr\/produit\/o-wow-brush-for-contouring\/","title":{"rendered":"O ! Wow Brosse pour contouring"},"content":{"rendered":"<p>Gr\u00e2ce \u00e0 ses soies en velours et ses fibres ultra fines dens\u00e9ment emball\u00e9es, cette brosse \u00e9tonnante est faite pour assurer un effet a\u00e9rographe, avec un toucher impeccable sans strie.Cette brosse dispose d'un d\u00f4me, surface de forme angulaire qui est magnifiquement con\u00e7u pour m\u00e9langer fondation, poudre, cr\u00e8me, cr\u00e8me, cr\u00e8me hydratante et appr\u00eats sans couture dans votre peau. La pointe pointue est con\u00e7ue pour s'adapter parfaitement sous les creux de l'\u0153il, et aide \u00e0 contourner vos traits du visage.<\/p>","protected":false},"excerpt":{"rendered":"<p>Through its velvet-like bristles and densely packed ultra fine fibers, this amazing brush is made to ensure an airbrushed effect, with an immaculate streak-free touch.This brush features a dome, angular shaped surface that is beautifully crafted to blend foundation, powder, cream, moisturizer and primers seamlessly into your skin. The pointed tip is designed to fit [&hellip;]<\/p>\n","protected":false},"featured_media":22825,"comment_status":"open","ping_status":"closed","template":"","meta":{"om_disable_all_campaigns":false,"_monsterinsights_skip_tracking":false,"_monsterinsights_sitenote_active":false,"_monsterinsights_sitenote_note":"","_monsterinsights_sitenote_category":0},"product_brand":[],"product_cat":[63],"product_tag":[],"mwb_booking_cost":[],"mwb_booking_service":[],"class_list":{"0":"post-22522","1":"product","2":"type-product","3":"status-publish","4":"has-post-thumbnail","6":"product_cat-beauty-essentials","9":"instock","10":"shipping-taxable","11":"purchasable","12":"product-type-simple","13":"product-grid-view"},"aioseo_notices":[],"_links":{"self":[{"href":"https:\/\/posana.com\/fr\/wp-json\/wp\/v2\/product\/22522","targetHints":{"allow":["GET"]}}],"collection":[{"href":"https:\/\/posana.com\/fr\/wp-json\/wp\/v2\/product"}],"about":[{"href":"https:\/\/posana.com\/fr\/wp-json\/wp\/v2\/types\/product"}],"replies":[{"embeddable":true,"href":"https:\/\/posana.com\/fr\/wp-json\/wp\/v2\/comments?post=22522"}],"version-history":[{"count":2,"href":"https:\/\/posana.com\/fr\/wp-json\/wp\/v2\/product\/22522\/revisions"}],"predecessor-version":[{"id":22826,"href":"https:\/\/posana.com\/fr\/wp-json\/wp\/v2\/product\/22522\/revisions\/22826"}],"wp:featuredmedia":[{"embeddable":true,"href":"https:\/\/posana.com\/fr\/wp-json\/wp\/v2\/media\/22825"}],"wp:attachment":[{"href":"https:\/\/posana.com\/fr\/wp-json\/wp\/v2\/media?parent=22522"}],"wp:term":[{"taxonomy":"product_brand","embeddable":true,"href":"https:\/\/posana.com\/fr\/wp-json\/wp\/v2\/product_brand?post=22522"},{"taxonomy":"product_cat","embeddable":true,"href":"https:\/\/posana.com\/fr\/wp-json\/wp\/v2\/product_cat?post=22522"},{"taxonomy":"product_tag","embeddable":true,"href":"https:\/\/posana.com\/fr\/wp-json\/wp\/v2\/product_tag?post=22522"},{"taxonomy":"mwb_booking_cost","embeddable":true,"href":"https:\/\/posana.com\/fr\/wp-json\/wp\/v2\/mwb_booking_cost?post=22522"},{"taxonomy":"mwb_booking_service","embeddable":true,"href":"https:\/\/posana.com\/fr\/wp-json\/wp\/v2\/mwb_booking_service?post=22522"}],"curies":[{"name":"wp","href":"https:\/\/api.w.org\/{rel}","templated":true}]}}