{"id":22521,"date":"2024-12-24T14:17:42","date_gmt":"2024-12-24T14:17:42","guid":{"rendered":"https:\/\/posana.com\/?post_type=product&#038;p=22521"},"modified":"2025-01-07T16:55:45","modified_gmt":"2025-01-07T16:55:45","slug":"normalizing-bioarome-hy-50ml","status":"publish","type":"product","link":"https:\/\/posana.com\/fr\/produit\/normalizing-bioarome-hy-50ml\/","title":{"rendered":"Normalisation de Bioarome (HY) 50ml"},"content":{"rendered":"<p>S\u00e9rum pour traiter les cernes et le teint gris Oxyg\u00e9ne la peau et am\u00e9liore la microcirculation capillaire. Prot\u00e8ge et r\u00e9gule les capillaires. Visage : Peau sensible, congestionn\u00e9e et asphyxi\u00e9e. Corps: veines d'araign\u00e9e, jambes lourdes avec une tendance \u00e0 retenir l'eau.Types de peau T\u00e9langiectasie violette (couperose). Intoxiqu\u00e9e, asphyxi\u00e9e, congestionn\u00e9e, terne, boueuse. Peau qui \u00e9clate sur une base mensuelle, la peau des fumeurs. Cercles noirs (anneaux autour de la zone oculaire). Corps: veines d'araign\u00e9e, circulation capillaire lente, jambes lourdes avec une tendance \u00e0 la r\u00e9tention d'eau. Exc\u00e9dent de transpiration (visage, sous les bras, les pieds, les mains).<\/p>","protected":false},"excerpt":{"rendered":"<p>Serum to treat dark circles and grey complexion Oxygenates the skin and improves the capillary microcirculation. Protects and regulates the capillaries. Face: Sensitive, congested and asphyxiated skin. Body: Spider veins, heavy legs with a tendency to retain water.Skin Types Purple telangiectasia (couperose). Intoxicated, asphyxiated, congested, dull, muddy-looking skin. Skin that erupts on a monthly basis, [&hellip;]<\/p>\n","protected":false},"featured_media":22823,"comment_status":"open","ping_status":"closed","template":"","meta":{"om_disable_all_campaigns":false,"_monsterinsights_skip_tracking":false,"_monsterinsights_sitenote_active":false,"_monsterinsights_sitenote_note":"","_monsterinsights_sitenote_category":0},"product_brand":[],"product_cat":[132,61],"product_tag":[],"mwb_booking_cost":[],"mwb_booking_service":[],"class_list":{"0":"post-22521","1":"product","2":"type-product","3":"status-publish","4":"has-post-thumbnail","6":"product_cat-serums","7":"product_cat-skin-care-products","10":"instock","11":"shipping-taxable","12":"purchasable","13":"product-type-simple","14":"product-grid-view"},"aioseo_notices":[],"_links":{"self":[{"href":"https:\/\/posana.com\/fr\/wp-json\/wp\/v2\/product\/22521","targetHints":{"allow":["GET"]}}],"collection":[{"href":"https:\/\/posana.com\/fr\/wp-json\/wp\/v2\/product"}],"about":[{"href":"https:\/\/posana.com\/fr\/wp-json\/wp\/v2\/types\/product"}],"replies":[{"embeddable":true,"href":"https:\/\/posana.com\/fr\/wp-json\/wp\/v2\/comments?post=22521"}],"version-history":[{"count":2,"href":"https:\/\/posana.com\/fr\/wp-json\/wp\/v2\/product\/22521\/revisions"}],"predecessor-version":[{"id":22824,"href":"https:\/\/posana.com\/fr\/wp-json\/wp\/v2\/product\/22521\/revisions\/22824"}],"wp:featuredmedia":[{"embeddable":true,"href":"https:\/\/posana.com\/fr\/wp-json\/wp\/v2\/media\/22823"}],"wp:attachment":[{"href":"https:\/\/posana.com\/fr\/wp-json\/wp\/v2\/media?parent=22521"}],"wp:term":[{"taxonomy":"product_brand","embeddable":true,"href":"https:\/\/posana.com\/fr\/wp-json\/wp\/v2\/product_brand?post=22521"},{"taxonomy":"product_cat","embeddable":true,"href":"https:\/\/posana.com\/fr\/wp-json\/wp\/v2\/product_cat?post=22521"},{"taxonomy":"product_tag","embeddable":true,"href":"https:\/\/posana.com\/fr\/wp-json\/wp\/v2\/product_tag?post=22521"},{"taxonomy":"mwb_booking_cost","embeddable":true,"href":"https:\/\/posana.com\/fr\/wp-json\/wp\/v2\/mwb_booking_cost?post=22521"},{"taxonomy":"mwb_booking_service","embeddable":true,"href":"https:\/\/posana.com\/fr\/wp-json\/wp\/v2\/mwb_booking_service?post=22521"}],"curies":[{"name":"wp","href":"https:\/\/api.w.org\/{rel}","templated":true}]}}